{"id":1446,"date":"2022-11-26T18:02:51","date_gmt":"2022-11-26T17:02:51","guid":{"rendered":"https:\/\/cbpr.center\/allmanna-villkor\/"},"modified":"2023-11-03T15:37:26","modified_gmt":"2023-11-03T14:37:26","slug":"allmanna-villkor","status":"publish","type":"page","link":"https:\/\/cbpr.center\/sv\/allmanna-villkor\/","title":{"rendered":"Allm\u00e4nna villkor"},"content":{"rendered":"\n<p>Regler och villkor f\u00f6r anv\u00e4ndning<\/p>\n\n<p>Ikrafttr\u00e4dandedatum: 7 juli 2023<\/p>\n\n<p>L\u00e4s dessa villkor (&#8220;Villkor&#8221;) noggrant innan du anv\u00e4nder Center for Bionics and Pain Research (&#8220;vi&#8221;, &#8220;oss&#8221; eller &#8220;v\u00e5r&#8221;) webbplats p\u00e5 <a href=\"http:\/\/cbpr.center\/\">http:\/\/cbpr.center<\/a> (&#8220;Webbplatsen&#8221;). Genom att g\u00e5 in p\u00e5 eller anv\u00e4nda denna webbplats, bekr\u00e4ftar du att du accepterar dessa villkor och samtycker till att f\u00f6lja alla till\u00e4mpliga lagar och f\u00f6rordningar. Om du inte godk\u00e4nner dessa villkor, anv\u00e4nd inte v\u00e5r webbplats.<\/p>\n\n<ol class=\"wp-block-list\">\n<li>Anv\u00e4ndning av webbplatsen<\/li>\n<\/ol>\n\n<p>1.1 \u00c4gande: Allt inneh\u00e5ll, material och immateriella r\u00e4ttigheter p\u00e5 webbplatsen, inklusive men inte begr\u00e4nsat till text, grafik, bilder, logotyper och programvara, \u00e4gs eller licensieras av oss och skyddas av upphovsr\u00e4tt, varum\u00e4rken och andra lagar.<\/p>\n\n<p>1.2 Begr\u00e4nsad licens: Vi ger dig en begr\u00e4nsad, icke-exklusiv, icke-\u00f6verl\u00e5tbar och \u00e5terkallbar licens f\u00f6r att f\u00e5 tillg\u00e5ng till och anv\u00e4nda webbplatsen f\u00f6r informations- och icke-kommersiella \u00e4ndam\u00e5l, f\u00f6rutsatt att du f\u00f6ljer dessa villkor.<\/p>\n\n<p>1.3 F\u00f6rbjudna aktiviteter: Du samtycker till att inte:<\/p>\n\n<p>a. Anv\u00e4nda webbplatsen f\u00f6r alla olagliga eller obeh\u00f6riga \u00e4ndam\u00e5l. b. F\u00f6rs\u00f6ka att f\u00e5 obeh\u00f6rig \u00e5tkomst till webbplatsen eller relaterade system eller n\u00e4tverk. c. St\u00f6ra webbplatsen eller dess servrar eller n\u00e4tverk. d. \u00c4ndra, anpassa, \u00f6vers\u00e4tta, bak\u00e5tkonstruera, dekompilera eller demontera n\u00e5gon del av webbplatsen. e. Anv\u00e4nd alla automatiserade medel eller skrapa, genoms\u00f6ka eller spinna p\u00e5 webbplatsen utan v\u00e5rt skriftliga medgivande i f\u00f6rv\u00e4g.<\/p>\n\n<ol class=\"wp-block-list\" start=\"2\">\n<li>Kontaktinformation<\/li>\n<\/ol>\n\n<p>2.1 Insamling och anv\u00e4ndning: N\u00e4r du frivilligt skickar in din kontaktinformation via formul\u00e4ren p\u00e5 v\u00e5r webbplats, inklusive men inte begr\u00e4nsat till namn, e-postadress, telefonnummer och all ytterligare information som tillhandah\u00e5lls i meddelandet, ger du oss till\u00e5telse att anv\u00e4nda denna information f\u00f6r att kontakta dig och svara p\u00e5 dina f\u00f6rfr\u00e5gningar eller \u00f6nskem\u00e5l.<\/p>\n\n<p>2.2 Sekretess: Vi respekterar din integritet och hanterar din personliga information i enlighet med v\u00e5r integritetspolicy. Se v\u00e5r <a href=\"https:\/\/cbpr.center\/sv\/integritetspolicy\/\">integritetspolicy<\/a> f\u00f6r mer information om hur vi samlar in, anv\u00e4nder och skyddar din personliga information.<\/p>\n\n<ol class=\"wp-block-list\" start=\"3\">\n<li>Tredjepartsl\u00e4nkar<\/li>\n<\/ol>\n\n<p>V\u00e5r webbplats kan inneh\u00e5lla l\u00e4nkar till tredje parts webbplatser eller resurser som inte \u00e4gs eller kontrolleras av oss. Vi \u00e4r inte ansvariga f\u00f6r inneh\u00e5llet, sekretessrutiner eller tillg\u00e4ngligheten av s\u00e5dana tredjepartswebbplatser. Vi rekommenderar att du l\u00e4ser igenom villkoren och sekretesspolicyn f\u00f6r alla tredjepartswebbplatser du bes\u00f6ker.<\/p>\n\n<ol class=\"wp-block-list\" start=\"4\">\n<li>Friskrivning fr\u00e5n garantier<\/li>\n<\/ol>\n\n<p>Informationen p\u00e5 webbplatsen tillhandah\u00e5lls endast i allm\u00e4nna informationssyfte och b\u00f6r inte betraktas som professionell eller medicinsk r\u00e5dgivning. Vi l\u00e4mnar inga garantier, vare sig uttryckliga eller underf\u00f6rst\u00e5dda, ang\u00e5ende riktigheten, tillf\u00f6rlitligheten eller fullst\u00e4ndigheten av informationen p\u00e5 webbplatsen.<\/p>\n\n<ol class=\"wp-block-list\" start=\"5\">\n<li>Ansvarsbegr\u00e4nsning<\/li>\n<\/ol>\n\n<p>S\u00e5 l\u00e5ngt det \u00e4r till\u00e5tet enligt lag ska vi inte h\u00e5llas ansvariga f\u00f6r n\u00e5gra indirekta, tillf\u00e4lliga, f\u00f6ljdskador, speciella eller bestraffade skador som uppst\u00e5r ur eller i samband med din anv\u00e4ndning av webbplatsen eller beroende av n\u00e5gon information som tillhandah\u00e5lls p\u00e5 webbplatsen.<\/p>\n\n<ol class=\"wp-block-list\" start=\"6\">\n<li>\u00c4ndringar av dessa villkor<\/li>\n<\/ol>\n\n<p>Vi f\u00f6rbeh\u00e5ller oss r\u00e4tten att uppdatera eller modifiera dessa villkor n\u00e4r som helst utan f\u00f6reg\u00e5ende meddelande. Eventuella \u00e4ndringar tr\u00e4der i kraft omedelbart efter att de publicerats p\u00e5 denna sida. Din fortsatta anv\u00e4ndning av webbplatsen efter att eventuella \u00e4ndringar publicerats inneb\u00e4r att du accepterar de reviderade villkoren.<\/p>\n\n<ol class=\"wp-block-list\" start=\"7\">\n<li>G\u00e4llande lag och jurisdiktion<\/li>\n<\/ol>\n\n<p>Dessa villkor ska styras av och tolkas i enlighet med lagarna i [insert governing law jurisdiction]. Alla tvister som uppst\u00e5r under eller i samband med dessa villkor ska vara f\u00f6rem\u00e5l f\u00f6r den exklusiva jurisdiktionen f\u00f6r domstolarna i [insert jurisdiction].<\/p>\n\n<ol class=\"wp-block-list\" start=\"8\">\n<li>Kontakta oss<\/li>\n<\/ol>\n\n<p>Om du har n\u00e5gra fr\u00e5gor eller funderingar om dessa villkor, v\u00e4nligen kontakta oss p\u00e5:<\/p>\n\n<p><strong>Sahlgrenska universitetssjukhuset<\/strong><br\/>Center for Bionics and Pain Research,<br\/>R-huset, plan 7<br\/>L\u00e4nsmansgatan 28<br\/>431 30 M\u00f6lndal, Sverige<\/p>\n","protected":false},"excerpt":{"rendered":"<p>Regler och villkor f\u00f6r anv\u00e4ndning Ikrafttr\u00e4dandedatum: 7 juli 2023 L\u00e4s dessa villkor (&#8220;Villkor&#8221;) noggrant innan du anv\u00e4nder Center for Bionics and Pain Research (&#8220;vi&#8221;, &#8220;oss&#8221; eller &#8220;v\u00e5r&#8221;) webbplats p\u00e5 http:\/\/cbpr.center (&#8220;Webbplatsen&#8221;). Genom att g\u00e5 in p\u00e5 eller anv\u00e4nda denna webbplats, bekr\u00e4ftar du att du accepterar dessa villkor och samtycker till att f\u00f6lja alla till\u00e4mpliga lagar &hellip; <a href=\"https:\/\/cbpr.center\/sv\/allmanna-villkor\/\">Fortsatt<\/a><\/p>\n","protected":false},"author":1,"featured_media":0,"parent":0,"menu_order":35,"comment_status":"closed","ping_status":"closed","template":"template-information.blade.php","meta":{"footnotes":""},"class_list":["post-1446","page","type-page","status-publish","hentry"],"acf":[],"yoast_head":"<!-- This site is optimized with the Yoast SEO plugin v19.14 - https:\/\/yoast.com\/wordpress\/plugins\/seo\/ -->\n<title>Allm\u00e4nna villkor - Center for Bionics and Pain Research<\/title>\n<meta name=\"robots\" content=\"index, follow, max-snippet:-1, max-image-preview:large, max-video-preview:-1\" \/>\n<link rel=\"canonical\" href=\"https:\/\/cbpr.center\/sv\/allmanna-villkor\/\" \/>\n<meta property=\"og:locale\" content=\"sv_SE\" \/>\n<meta property=\"og:type\" content=\"article\" \/>\n<meta property=\"og:title\" content=\"Allm\u00e4nna villkor - Center for Bionics and Pain Research\" \/>\n<meta property=\"og:description\" content=\"Regler och villkor f\u00f6r anv\u00e4ndning Ikrafttr\u00e4dandedatum: 7 juli 2023 L\u00e4s dessa villkor (&#8220;Villkor&#8221;) noggrant innan du anv\u00e4nder Center for Bionics and Pain Research (&#8220;vi&#8221;, &#8220;oss&#8221; eller &#8220;v\u00e5r&#8221;) webbplats p\u00e5 http:\/\/cbpr.center (&#8220;Webbplatsen&#8221;). Genom att g\u00e5 in p\u00e5 eller anv\u00e4nda denna webbplats, bekr\u00e4ftar du att du accepterar dessa villkor och samtycker till att f\u00f6lja alla till\u00e4mpliga lagar &hellip; Fortsatt\" \/>\n<meta property=\"og:url\" content=\"https:\/\/cbpr.center\/sv\/allmanna-villkor\/\" \/>\n<meta property=\"og:site_name\" content=\"Center for Bionics and Pain Research\" \/>\n<meta property=\"article:publisher\" content=\"https:\/\/www.facebook.com\/CBPR.se\" \/>\n<meta property=\"article:modified_time\" content=\"2023-11-03T14:37:26+00:00\" \/>\n<meta name=\"twitter:card\" content=\"summary_large_image\" \/>\n<meta name=\"twitter:site\" content=\"@CBPRse\" \/>\n<meta name=\"twitter:label1\" content=\"Est. reading time\" \/>\n\t<meta name=\"twitter:data1\" content=\"3 minutes\" \/>\n<script type=\"application\/ld+json\" class=\"yoast-schema-graph\">{\"@context\":\"https:\/\/schema.org\",\"@graph\":[{\"@type\":\"WebPage\",\"@id\":\"https:\/\/cbpr.center\/sv\/allmanna-villkor\/\",\"url\":\"https:\/\/cbpr.center\/sv\/allmanna-villkor\/\",\"name\":\"Allm\u00e4nna villkor - Center for Bionics and Pain Research\",\"isPartOf\":{\"@id\":\"https:\/\/cbpr.center\/sv\/#website\"},\"datePublished\":\"2022-11-26T17:02:51+00:00\",\"dateModified\":\"2023-11-03T14:37:26+00:00\",\"breadcrumb\":{\"@id\":\"https:\/\/cbpr.center\/sv\/allmanna-villkor\/#breadcrumb\"},\"inLanguage\":\"sv-SE\",\"potentialAction\":[{\"@type\":\"ReadAction\",\"target\":[\"https:\/\/cbpr.center\/sv\/allmanna-villkor\/\"]}]},{\"@type\":\"BreadcrumbList\",\"@id\":\"https:\/\/cbpr.center\/sv\/allmanna-villkor\/#breadcrumb\",\"itemListElement\":[{\"@type\":\"ListItem\",\"position\":1,\"name\":\"Home\",\"item\":\"https:\/\/cbpr.center\/sv\/\"},{\"@type\":\"ListItem\",\"position\":2,\"name\":\"Allm\u00e4nna villkor\"}]},{\"@type\":\"WebSite\",\"@id\":\"https:\/\/cbpr.center\/sv\/#website\",\"url\":\"https:\/\/cbpr.center\/sv\/\",\"name\":\"Center for Bionics and Pain Research\",\"description\":\"Technologies that alleviate disability and pain\",\"publisher\":{\"@id\":\"https:\/\/cbpr.center\/sv\/#organization\"},\"potentialAction\":[{\"@type\":\"SearchAction\",\"target\":{\"@type\":\"EntryPoint\",\"urlTemplate\":\"https:\/\/cbpr.center\/sv\/?s={search_term_string}\"},\"query-input\":\"required name=search_term_string\"}],\"inLanguage\":\"sv-SE\"},{\"@type\":\"Organization\",\"@id\":\"https:\/\/cbpr.center\/sv\/#organization\",\"name\":\"Center for Bionics and Pain Research\",\"url\":\"https:\/\/cbpr.center\/sv\/\",\"logo\":{\"@type\":\"ImageObject\",\"inLanguage\":\"sv-SE\",\"@id\":\"https:\/\/cbpr.center\/sv\/#\/schema\/logo\/image\/\",\"url\":\"https:\/\/i0.wp.com\/cbpr.center\/app\/uploads\/2022\/11\/CBPR_Logo_brighter_blue.png?fit=2000%2C678&ssl=1\",\"contentUrl\":\"https:\/\/i0.wp.com\/cbpr.center\/app\/uploads\/2022\/11\/CBPR_Logo_brighter_blue.png?fit=2000%2C678&ssl=1\",\"width\":2000,\"height\":678,\"caption\":\"Center for Bionics and Pain Research\"},\"image\":{\"@id\":\"https:\/\/cbpr.center\/sv\/#\/schema\/logo\/image\/\"},\"sameAs\":[\"https:\/\/www.instagram.com\/cbpr.se\",\"https:\/\/www.linkedin.com\/company\/cbprse\",\"https:\/\/www.tiktok.com\/@cbpr.se\",\"https:\/\/www.facebook.com\/CBPR.se\",\"https:\/\/twitter.com\/CBPRse\"]}]}<\/script>\n<!-- \/ Yoast SEO plugin. -->","yoast_head_json":{"title":"Allm\u00e4nna villkor - Center for Bionics and Pain Research","robots":{"index":"index","follow":"follow","max-snippet":"max-snippet:-1","max-image-preview":"max-image-preview:large","max-video-preview":"max-video-preview:-1"},"canonical":"https:\/\/cbpr.center\/sv\/allmanna-villkor\/","og_locale":"sv_SE","og_type":"article","og_title":"Allm\u00e4nna villkor - Center for Bionics and Pain Research","og_description":"Regler och villkor f\u00f6r anv\u00e4ndning Ikrafttr\u00e4dandedatum: 7 juli 2023 L\u00e4s dessa villkor (&#8220;Villkor&#8221;) noggrant innan du anv\u00e4nder Center for Bionics and Pain Research (&#8220;vi&#8221;, &#8220;oss&#8221; eller &#8220;v\u00e5r&#8221;) webbplats p\u00e5 http:\/\/cbpr.center (&#8220;Webbplatsen&#8221;). Genom att g\u00e5 in p\u00e5 eller anv\u00e4nda denna webbplats, bekr\u00e4ftar du att du accepterar dessa villkor och samtycker till att f\u00f6lja alla till\u00e4mpliga lagar &hellip; Fortsatt","og_url":"https:\/\/cbpr.center\/sv\/allmanna-villkor\/","og_site_name":"Center for Bionics and Pain Research","article_publisher":"https:\/\/www.facebook.com\/CBPR.se","article_modified_time":"2023-11-03T14:37:26+00:00","twitter_card":"summary_large_image","twitter_site":"@CBPRse","twitter_misc":{"Est. reading time":"3 minutes"},"schema":{"@context":"https:\/\/schema.org","@graph":[{"@type":"WebPage","@id":"https:\/\/cbpr.center\/sv\/allmanna-villkor\/","url":"https:\/\/cbpr.center\/sv\/allmanna-villkor\/","name":"Allm\u00e4nna villkor - Center for Bionics and Pain Research","isPartOf":{"@id":"https:\/\/cbpr.center\/sv\/#website"},"datePublished":"2022-11-26T17:02:51+00:00","dateModified":"2023-11-03T14:37:26+00:00","breadcrumb":{"@id":"https:\/\/cbpr.center\/sv\/allmanna-villkor\/#breadcrumb"},"inLanguage":"sv-SE","potentialAction":[{"@type":"ReadAction","target":["https:\/\/cbpr.center\/sv\/allmanna-villkor\/"]}]},{"@type":"BreadcrumbList","@id":"https:\/\/cbpr.center\/sv\/allmanna-villkor\/#breadcrumb","itemListElement":[{"@type":"ListItem","position":1,"name":"Home","item":"https:\/\/cbpr.center\/sv\/"},{"@type":"ListItem","position":2,"name":"Allm\u00e4nna villkor"}]},{"@type":"WebSite","@id":"https:\/\/cbpr.center\/sv\/#website","url":"https:\/\/cbpr.center\/sv\/","name":"Center for Bionics and Pain Research","description":"Technologies that alleviate disability and pain","publisher":{"@id":"https:\/\/cbpr.center\/sv\/#organization"},"potentialAction":[{"@type":"SearchAction","target":{"@type":"EntryPoint","urlTemplate":"https:\/\/cbpr.center\/sv\/?s={search_term_string}"},"query-input":"required name=search_term_string"}],"inLanguage":"sv-SE"},{"@type":"Organization","@id":"https:\/\/cbpr.center\/sv\/#organization","name":"Center for Bionics and Pain Research","url":"https:\/\/cbpr.center\/sv\/","logo":{"@type":"ImageObject","inLanguage":"sv-SE","@id":"https:\/\/cbpr.center\/sv\/#\/schema\/logo\/image\/","url":"https:\/\/i0.wp.com\/cbpr.center\/app\/uploads\/2022\/11\/CBPR_Logo_brighter_blue.png?fit=2000%2C678&ssl=1","contentUrl":"https:\/\/i0.wp.com\/cbpr.center\/app\/uploads\/2022\/11\/CBPR_Logo_brighter_blue.png?fit=2000%2C678&ssl=1","width":2000,"height":678,"caption":"Center for Bionics and Pain Research"},"image":{"@id":"https:\/\/cbpr.center\/sv\/#\/schema\/logo\/image\/"},"sameAs":["https:\/\/www.instagram.com\/cbpr.se","https:\/\/www.linkedin.com\/company\/cbprse","https:\/\/www.tiktok.com\/@cbpr.se","https:\/\/www.facebook.com\/CBPR.se","https:\/\/twitter.com\/CBPRse"]}]}},"jetpack_sharing_enabled":true,"_links":{"self":[{"href":"https:\/\/cbpr.center\/sv\/wp-json\/wp\/v2\/pages\/1446","targetHints":{"allow":["GET"]}}],"collection":[{"href":"https:\/\/cbpr.center\/sv\/wp-json\/wp\/v2\/pages"}],"about":[{"href":"https:\/\/cbpr.center\/sv\/wp-json\/wp\/v2\/types\/page"}],"author":[{"embeddable":true,"href":"https:\/\/cbpr.center\/sv\/wp-json\/wp\/v2\/users\/1"}],"replies":[{"embeddable":true,"href":"https:\/\/cbpr.center\/sv\/wp-json\/wp\/v2\/comments?post=1446"}],"version-history":[{"count":2,"href":"https:\/\/cbpr.center\/sv\/wp-json\/wp\/v2\/pages\/1446\/revisions"}],"predecessor-version":[{"id":2275,"href":"https:\/\/cbpr.center\/sv\/wp-json\/wp\/v2\/pages\/1446\/revisions\/2275"}],"wp:attachment":[{"href":"https:\/\/cbpr.center\/sv\/wp-json\/wp\/v2\/media?parent=1446"}],"curies":[{"name":"wp","href":"https:\/\/api.w.org\/{rel}","templated":true}]}}