{"id":2276,"date":"2022-11-15T12:52:50","date_gmt":"2022-11-15T11:52:50","guid":{"rendered":"https:\/\/cbpr.center\/integritetspolicy\/"},"modified":"2023-11-03T15:47:04","modified_gmt":"2023-11-03T14:47:04","slug":"integritetspolicy","status":"publish","type":"page","link":"https:\/\/cbpr.center\/sv\/integritetspolicy\/","title":{"rendered":"Integritetspolicy"},"content":{"rendered":"\n<p>Integritetspolicy<\/p>\n\n<p>Ikrafttr\u00e4dandedatum: 7 juli 2023<\/p>\n\n<p>Denna integritetspolicy reglerar det s\u00e4tt p\u00e5 vilket Center for Bionics and Pain Research (&#8220;vi&#8221;, &#8220;oss&#8221; eller &#8220;v\u00e5rt&#8221;) samlar in, anv\u00e4nder, underh\u00e5ller och avsl\u00f6jar information som samlats in fr\u00e5n anv\u00e4ndare (referat till som &#8220;du&#8221; eller &#8221; din&#8221;) p\u00e5 webbplatsen <a href=\"http:\/\/cbpr.center\/\">http:\/\/cbpr.center<\/a> (&#8220;Webbplatsen&#8221;).<\/p>\n\n<p>Information som vi samlar in<\/p>\n\n<p>Vi samlar endast in personlig information som du frivilligt skickar till oss via kontaktformul\u00e4ren p\u00e5 v\u00e5r webbplats. De typer av personlig information vi kan samla in inkluderar:<\/p>\n\n<ul class=\"wp-block-list\">\n<li>Namn<\/li>\n\n\n\n<li>Epostaddress<\/li>\n\n\n\n<li>Telefonnummer (valfritt)<\/li>\n\n\n\n<li>All annan information du v\u00e4ljer att l\u00e4mna i meddelandet<\/li>\n<\/ul>\n\n<p>Hur vi anv\u00e4nder insamlad information<\/p>\n\n<p>Vi anv\u00e4nder den personliga information du l\u00e4mnar f\u00f6r att svara p\u00e5 dina f\u00f6rfr\u00e5gningar och kommunicera med dig ang\u00e5ende ditt meddelande eller f\u00f6rfr\u00e5gan. Vi kan ocks\u00e5 anv\u00e4nda denna information f\u00f6r att f\u00f6rb\u00e4ttra v\u00e5ra tj\u00e4nster, anpassa din upplevelse eller skicka regelbundna e-postmeddelanden om uppdateringar eller annan relevant information. \u200b<\/p>\n\n<p>Skydd av information<\/p>\n\n<p>Vi antar l\u00e4mpliga datainsamlings-, lagrings- och behandlingsmetoder och s\u00e4kerhets\u00e5tg\u00e4rder f\u00f6r att skydda mot obeh\u00f6rig \u00e5tkomst, \u00e4ndring, avsl\u00f6jande eller f\u00f6rst\u00f6relse av din personliga information, anv\u00e4ndarnamn, l\u00f6senord, transaktionsinformation och data som lagras p\u00e5 v\u00e5r webbplats.<\/p>\n\n<p>Dela personlig information<\/p>\n\n<p>Vi s\u00e4ljer, byter eller hyr inte ut din personliga identifieringsinformation till tredje part. D\u00e4remot kan vi komma att dela din information med betrodda tredjepartstj\u00e4nsteleverant\u00f6rer som hj\u00e4lper oss att driva v\u00e5r webbplats eller bedriva v\u00e5r verksamhet, s\u00e5 l\u00e4nge dessa parter samtycker till att h\u00e5lla denna information konfidentiell.<\/p>\n\n<p>Tredjeparts webbplatser<\/p>\n\n<p>Du kan hitta l\u00e4nkar till tredjeparts webbplatser p\u00e5 v\u00e5r webbplats. Dessa webbplatser har sina egna sekretesspolicyer, som du b\u00f6r granska. Vi tar inget ansvar eller ansvar f\u00f6r inneh\u00e5llet och aktiviteterna p\u00e5 dessa l\u00e4nkade webbplatser.<\/p>\n\n<p>\u00c4ndringar av denna integritetspolicy<\/p>\n\n<p>Vi f\u00f6rbeh\u00e5ller oss r\u00e4tten att uppdatera eller revidera denna integritetspolicy n\u00e4r som helst. Eventuella \u00e4ndringar kommer att publiceras p\u00e5 denna sida, och den reviderade integritetspolicyn kommer att ha ett uppdaterat ikrafttr\u00e4dandedatum.<\/p>\n\n<p>Ditt godk\u00e4nnande av dessa villkor<\/p>\n\n<p>Genom att anv\u00e4nda denna webbplats bekr\u00e4ftar du att du accepterar denna integritetspolicy. Om du inte godk\u00e4nner denna policy, anv\u00e4nd inte v\u00e5r webbplats.<\/p>\n\n<p>Kontakta oss<\/p>\n\n<p>Om du har n\u00e5gra fr\u00e5gor eller funderingar om denna integritetspolicy eller praxis p\u00e5 denna webbplats, v\u00e4nligen kontakta oss p\u00e5:<\/p>\n\n<p><strong>Sahlgrenska universitetssjukhuset<\/strong><br\/>Center for Bionics and Pain Research,<br\/>R-huset, plan 7<br\/>L\u00e4nsmansgatan 28<br\/>431 30 M\u00f6lndal, Sweden<\/p>\n","protected":false},"excerpt":{"rendered":"<p>Integritetspolicy Ikrafttr\u00e4dandedatum: 7 juli 2023 Denna integritetspolicy reglerar det s\u00e4tt p\u00e5 vilket Center for Bionics and Pain Research (&#8220;vi&#8221;, &#8220;oss&#8221; eller &#8220;v\u00e5rt&#8221;) samlar in, anv\u00e4nder, underh\u00e5ller och avsl\u00f6jar information som samlats in fr\u00e5n anv\u00e4ndare (referat till som &#8220;du&#8221; eller &#8221; din&#8221;) p\u00e5 webbplatsen http:\/\/cbpr.center (&#8220;Webbplatsen&#8221;). Information som vi samlar in Vi samlar endast in personlig &hellip; <a href=\"https:\/\/cbpr.center\/sv\/integritetspolicy\/\">Fortsatt<\/a><\/p>\n","protected":false},"author":1,"featured_media":0,"parent":0,"menu_order":32,"comment_status":"closed","ping_status":"closed","template":"template-information.blade.php","meta":{"footnotes":""},"class_list":["post-2276","page","type-page","status-publish","hentry"],"acf":[],"yoast_head":"<!-- This site is optimized with the Yoast SEO plugin v19.14 - https:\/\/yoast.com\/wordpress\/plugins\/seo\/ -->\n<title>Integritetspolicy - Center for Bionics and Pain Research<\/title>\n<meta name=\"robots\" content=\"index, follow, max-snippet:-1, max-image-preview:large, max-video-preview:-1\" \/>\n<link rel=\"canonical\" href=\"https:\/\/cbpr.center\/sv\/integritetspolicy\/\" \/>\n<meta property=\"og:locale\" content=\"sv_SE\" \/>\n<meta property=\"og:type\" content=\"article\" \/>\n<meta property=\"og:title\" content=\"Integritetspolicy - Center for Bionics and Pain Research\" \/>\n<meta property=\"og:description\" content=\"Integritetspolicy Ikrafttr\u00e4dandedatum: 7 juli 2023 Denna integritetspolicy reglerar det s\u00e4tt p\u00e5 vilket Center for Bionics and Pain Research (&#8220;vi&#8221;, &#8220;oss&#8221; eller &#8220;v\u00e5rt&#8221;) samlar in, anv\u00e4nder, underh\u00e5ller och avsl\u00f6jar information som samlats in fr\u00e5n anv\u00e4ndare (referat till som &#8220;du&#8221; eller &#8221; din&#8221;) p\u00e5 webbplatsen http:\/\/cbpr.center (&#8220;Webbplatsen&#8221;). Information som vi samlar in Vi samlar endast in personlig &hellip; Fortsatt\" \/>\n<meta property=\"og:url\" content=\"https:\/\/cbpr.center\/sv\/integritetspolicy\/\" \/>\n<meta property=\"og:site_name\" content=\"Center for Bionics and Pain Research\" \/>\n<meta property=\"article:publisher\" content=\"https:\/\/www.facebook.com\/CBPR.se\" \/>\n<meta property=\"article:modified_time\" content=\"2023-11-03T14:47:04+00:00\" \/>\n<meta name=\"twitter:card\" content=\"summary_large_image\" \/>\n<meta name=\"twitter:site\" content=\"@CBPRse\" \/>\n<meta name=\"twitter:label1\" content=\"Est. reading time\" \/>\n\t<meta name=\"twitter:data1\" content=\"2 minutes\" \/>\n<script type=\"application\/ld+json\" class=\"yoast-schema-graph\">{\"@context\":\"https:\/\/schema.org\",\"@graph\":[{\"@type\":\"WebPage\",\"@id\":\"https:\/\/cbpr.center\/sv\/integritetspolicy\/\",\"url\":\"https:\/\/cbpr.center\/sv\/integritetspolicy\/\",\"name\":\"Integritetspolicy - Center for Bionics and Pain Research\",\"isPartOf\":{\"@id\":\"https:\/\/cbpr.center\/sv\/#website\"},\"datePublished\":\"2022-11-15T11:52:50+00:00\",\"dateModified\":\"2023-11-03T14:47:04+00:00\",\"breadcrumb\":{\"@id\":\"https:\/\/cbpr.center\/sv\/integritetspolicy\/#breadcrumb\"},\"inLanguage\":\"sv-SE\",\"potentialAction\":[{\"@type\":\"ReadAction\",\"target\":[\"https:\/\/cbpr.center\/sv\/integritetspolicy\/\"]}]},{\"@type\":\"BreadcrumbList\",\"@id\":\"https:\/\/cbpr.center\/sv\/integritetspolicy\/#breadcrumb\",\"itemListElement\":[{\"@type\":\"ListItem\",\"position\":1,\"name\":\"Home\",\"item\":\"https:\/\/cbpr.center\/sv\/\"},{\"@type\":\"ListItem\",\"position\":2,\"name\":\"Integritetspolicy\"}]},{\"@type\":\"WebSite\",\"@id\":\"https:\/\/cbpr.center\/sv\/#website\",\"url\":\"https:\/\/cbpr.center\/sv\/\",\"name\":\"Center for Bionics and Pain Research\",\"description\":\"Technologies that alleviate disability and pain\",\"publisher\":{\"@id\":\"https:\/\/cbpr.center\/sv\/#organization\"},\"potentialAction\":[{\"@type\":\"SearchAction\",\"target\":{\"@type\":\"EntryPoint\",\"urlTemplate\":\"https:\/\/cbpr.center\/sv\/?s={search_term_string}\"},\"query-input\":\"required name=search_term_string\"}],\"inLanguage\":\"sv-SE\"},{\"@type\":\"Organization\",\"@id\":\"https:\/\/cbpr.center\/sv\/#organization\",\"name\":\"Center for Bionics and Pain Research\",\"url\":\"https:\/\/cbpr.center\/sv\/\",\"logo\":{\"@type\":\"ImageObject\",\"inLanguage\":\"sv-SE\",\"@id\":\"https:\/\/cbpr.center\/sv\/#\/schema\/logo\/image\/\",\"url\":\"https:\/\/i0.wp.com\/cbpr.center\/app\/uploads\/2022\/11\/CBPR_Logo_brighter_blue.png?fit=2000%2C678&ssl=1\",\"contentUrl\":\"https:\/\/i0.wp.com\/cbpr.center\/app\/uploads\/2022\/11\/CBPR_Logo_brighter_blue.png?fit=2000%2C678&ssl=1\",\"width\":2000,\"height\":678,\"caption\":\"Center for Bionics and Pain Research\"},\"image\":{\"@id\":\"https:\/\/cbpr.center\/sv\/#\/schema\/logo\/image\/\"},\"sameAs\":[\"https:\/\/www.instagram.com\/cbpr.se\",\"https:\/\/www.linkedin.com\/company\/cbprse\",\"https:\/\/www.tiktok.com\/@cbpr.se\",\"https:\/\/www.facebook.com\/CBPR.se\",\"https:\/\/twitter.com\/CBPRse\"]}]}<\/script>\n<!-- \/ Yoast SEO plugin. -->","yoast_head_json":{"title":"Integritetspolicy - Center for Bionics and Pain Research","robots":{"index":"index","follow":"follow","max-snippet":"max-snippet:-1","max-image-preview":"max-image-preview:large","max-video-preview":"max-video-preview:-1"},"canonical":"https:\/\/cbpr.center\/sv\/integritetspolicy\/","og_locale":"sv_SE","og_type":"article","og_title":"Integritetspolicy - Center for Bionics and Pain Research","og_description":"Integritetspolicy Ikrafttr\u00e4dandedatum: 7 juli 2023 Denna integritetspolicy reglerar det s\u00e4tt p\u00e5 vilket Center for Bionics and Pain Research (&#8220;vi&#8221;, &#8220;oss&#8221; eller &#8220;v\u00e5rt&#8221;) samlar in, anv\u00e4nder, underh\u00e5ller och avsl\u00f6jar information som samlats in fr\u00e5n anv\u00e4ndare (referat till som &#8220;du&#8221; eller &#8221; din&#8221;) p\u00e5 webbplatsen http:\/\/cbpr.center (&#8220;Webbplatsen&#8221;). Information som vi samlar in Vi samlar endast in personlig &hellip; Fortsatt","og_url":"https:\/\/cbpr.center\/sv\/integritetspolicy\/","og_site_name":"Center for Bionics and Pain Research","article_publisher":"https:\/\/www.facebook.com\/CBPR.se","article_modified_time":"2023-11-03T14:47:04+00:00","twitter_card":"summary_large_image","twitter_site":"@CBPRse","twitter_misc":{"Est. reading time":"2 minutes"},"schema":{"@context":"https:\/\/schema.org","@graph":[{"@type":"WebPage","@id":"https:\/\/cbpr.center\/sv\/integritetspolicy\/","url":"https:\/\/cbpr.center\/sv\/integritetspolicy\/","name":"Integritetspolicy - Center for Bionics and Pain Research","isPartOf":{"@id":"https:\/\/cbpr.center\/sv\/#website"},"datePublished":"2022-11-15T11:52:50+00:00","dateModified":"2023-11-03T14:47:04+00:00","breadcrumb":{"@id":"https:\/\/cbpr.center\/sv\/integritetspolicy\/#breadcrumb"},"inLanguage":"sv-SE","potentialAction":[{"@type":"ReadAction","target":["https:\/\/cbpr.center\/sv\/integritetspolicy\/"]}]},{"@type":"BreadcrumbList","@id":"https:\/\/cbpr.center\/sv\/integritetspolicy\/#breadcrumb","itemListElement":[{"@type":"ListItem","position":1,"name":"Home","item":"https:\/\/cbpr.center\/sv\/"},{"@type":"ListItem","position":2,"name":"Integritetspolicy"}]},{"@type":"WebSite","@id":"https:\/\/cbpr.center\/sv\/#website","url":"https:\/\/cbpr.center\/sv\/","name":"Center for Bionics and Pain Research","description":"Technologies that alleviate disability and pain","publisher":{"@id":"https:\/\/cbpr.center\/sv\/#organization"},"potentialAction":[{"@type":"SearchAction","target":{"@type":"EntryPoint","urlTemplate":"https:\/\/cbpr.center\/sv\/?s={search_term_string}"},"query-input":"required name=search_term_string"}],"inLanguage":"sv-SE"},{"@type":"Organization","@id":"https:\/\/cbpr.center\/sv\/#organization","name":"Center for Bionics and Pain Research","url":"https:\/\/cbpr.center\/sv\/","logo":{"@type":"ImageObject","inLanguage":"sv-SE","@id":"https:\/\/cbpr.center\/sv\/#\/schema\/logo\/image\/","url":"https:\/\/i0.wp.com\/cbpr.center\/app\/uploads\/2022\/11\/CBPR_Logo_brighter_blue.png?fit=2000%2C678&ssl=1","contentUrl":"https:\/\/i0.wp.com\/cbpr.center\/app\/uploads\/2022\/11\/CBPR_Logo_brighter_blue.png?fit=2000%2C678&ssl=1","width":2000,"height":678,"caption":"Center for Bionics and Pain Research"},"image":{"@id":"https:\/\/cbpr.center\/sv\/#\/schema\/logo\/image\/"},"sameAs":["https:\/\/www.instagram.com\/cbpr.se","https:\/\/www.linkedin.com\/company\/cbprse","https:\/\/www.tiktok.com\/@cbpr.se","https:\/\/www.facebook.com\/CBPR.se","https:\/\/twitter.com\/CBPRse"]}]}},"jetpack_sharing_enabled":true,"_links":{"self":[{"href":"https:\/\/cbpr.center\/sv\/wp-json\/wp\/v2\/pages\/2276","targetHints":{"allow":["GET"]}}],"collection":[{"href":"https:\/\/cbpr.center\/sv\/wp-json\/wp\/v2\/pages"}],"about":[{"href":"https:\/\/cbpr.center\/sv\/wp-json\/wp\/v2\/types\/page"}],"author":[{"embeddable":true,"href":"https:\/\/cbpr.center\/sv\/wp-json\/wp\/v2\/users\/1"}],"replies":[{"embeddable":true,"href":"https:\/\/cbpr.center\/sv\/wp-json\/wp\/v2\/comments?post=2276"}],"version-history":[{"count":3,"href":"https:\/\/cbpr.center\/sv\/wp-json\/wp\/v2\/pages\/2276\/revisions"}],"predecessor-version":[{"id":2279,"href":"https:\/\/cbpr.center\/sv\/wp-json\/wp\/v2\/pages\/2276\/revisions\/2279"}],"wp:attachment":[{"href":"https:\/\/cbpr.center\/sv\/wp-json\/wp\/v2\/media?parent=2276"}],"curies":[{"name":"wp","href":"https:\/\/api.w.org\/{rel}","templated":true}]}}