{"id":2775,"date":"2023-11-20T13:50:04","date_gmt":"2023-11-20T12:50:04","guid":{"rendered":"https:\/\/cbpr.center\/delta\/"},"modified":"2024-01-25T14:57:17","modified_gmt":"2024-01-25T13:57:17","slug":"delta","status":"publish","type":"page","link":"https:\/\/cbpr.center\/sv\/delta\/","title":{"rendered":"Delta"},"content":{"rendered":"<div class=\"has-bg-wave  wp-block-section alignfull is-style-white\" data-id=\"block_7f21fb63f9b90147aba7a803a380dd37\" id=\"\">\n                <div class=\"container\">\n                <div>\n    \n\n<p>CBPR \u00e4r indelat i fyra specialiserade forskargrupper. Dessa grupper \u00e4r \u00f6vre extremiteter, nedre extremiteter, neurorehabilitering och sm\u00e4rta. Varje grupp \u00e4r dedikerad till att utveckla de senaste teknologierna och behandlingarna inom sitt dom\u00e4n. \u200b F\u00f6r att testa de nya teknologierna och behandlingarna genomf\u00f6r vi olika kliniska forskningsstudier. Till dessa studier s\u00f6ker vi ofta efter deltagare som \u00e4r intresserade av att delta i v\u00e5ra studier. Uppt\u00e4ck hur du kan bli en del av innovationsfronten genom att delta i studier inom v\u00e5ra fyra specialiserade forskargrupper nedan.<\/p>\n\n\n\n<div class=\"wp-block-columns is-layout-flex wp-container-core-columns-is-layout-1 wp-block-columns-is-layout-flex\" style=\"padding-right:0;padding-left:0\">\n<div class=\"wp-block-column shadow-effect is-layout-flow wp-block-column-is-layout-flow\" style=\"padding-right:0;padding-left:0\">\n<figure class=\"wp-block-image size-large img.round-top-corners\"><img loading=\"lazy\" decoding=\"async\" width=\"1024\" height=\"576\" src=\"https:\/\/i0.wp.com\/cbpr.center\/app\/uploads\/2023\/11\/Upperlimb_amputation.jpg?resize=1024%2C576&#038;ssl=1\" alt=\"Transhumeral amputation with bionic arm prosthesis\" class=\"wp-image-2342\" style=\"aspect-ratio:1;object-fit:cover\" srcset=\"https:\/\/i0.wp.com\/cbpr.center\/app\/uploads\/2023\/11\/Upperlimb_amputation.jpg?resize=1024%2C576&amp;ssl=1 1024w, https:\/\/i0.wp.com\/cbpr.center\/app\/uploads\/2023\/11\/Upperlimb_amputation.jpg?resize=300%2C169&amp;ssl=1 300w, https:\/\/i0.wp.com\/cbpr.center\/app\/uploads\/2023\/11\/Upperlimb_amputation.jpg?resize=768%2C432&amp;ssl=1 768w, https:\/\/i0.wp.com\/cbpr.center\/app\/uploads\/2023\/11\/Upperlimb_amputation.jpg?resize=1536%2C864&amp;ssl=1 1536w, https:\/\/i0.wp.com\/cbpr.center\/app\/uploads\/2023\/11\/Upperlimb_amputation.jpg?w=2048&amp;ssl=1 2048w\" sizes=\"auto, (max-width: 1000px) 100vw, 1000px\" data-recalc-dims=\"1\" \/><\/figure>\n\n\n\n<h3 class=\"wp-block-heading has-text-align-left padding-effect\">\u00d6vre extremiteter<\/h3>\n\n\n\n<p class=\"has-text-align-left padding-effect\">V\u00e5r forskningsgrupp f\u00f6r \u00f6vre extremiteter ligger i framkant n\u00e4r det g\u00e4ller att utveckla v\u00e4rldens mest avancerade armproteser.<\/p>\n\n\n\n<p class=\"padding-effect has-black-color has-text-color has-sans-font-family has-sm-font-size\" style=\"font-style:normal;font-weight:700;text-transform:uppercase\"><a href=\"https:\/\/cbpr.center\/sv\/participate\/studier-i-ovre-extremitet\/\">Delta <em>\u2192<\/em><\/a><\/p>\n<\/div>\n\n\n\n<div class=\"wp-block-column shadow-effect is-layout-flow wp-block-column-is-layout-flow\" style=\"padding-right:0;padding-left:0\">\n<figure class=\"wp-block-image size-large round-top-corners\"><img loading=\"lazy\" decoding=\"async\" width=\"1024\" height=\"576\" src=\"https:\/\/i0.wp.com\/cbpr.center\/app\/uploads\/2023\/11\/Lowerlimb_amputation_OSL.jpg?resize=1024%2C576&#038;ssl=1\" alt=\"\" class=\"wp-image-2568\" style=\"aspect-ratio:1;object-fit:cover\" srcset=\"https:\/\/i0.wp.com\/cbpr.center\/app\/uploads\/2023\/11\/Lowerlimb_amputation_OSL-scaled.jpg?resize=1024%2C576&amp;ssl=1 1024w, https:\/\/i0.wp.com\/cbpr.center\/app\/uploads\/2023\/11\/Lowerlimb_amputation_OSL-scaled.jpg?resize=300%2C169&amp;ssl=1 300w, https:\/\/i0.wp.com\/cbpr.center\/app\/uploads\/2023\/11\/Lowerlimb_amputation_OSL-scaled.jpg?resize=768%2C432&amp;ssl=1 768w, https:\/\/i0.wp.com\/cbpr.center\/app\/uploads\/2023\/11\/Lowerlimb_amputation_OSL-scaled.jpg?resize=1536%2C864&amp;ssl=1 1536w, https:\/\/i0.wp.com\/cbpr.center\/app\/uploads\/2023\/11\/Lowerlimb_amputation_OSL-scaled.jpg?resize=2048%2C1152&amp;ssl=1 2048w\" sizes=\"auto, (max-width: 1000px) 100vw, 1000px\" data-recalc-dims=\"1\" \/><\/figure>\n\n\n\n<h3 class=\"wp-block-heading has-text-align-left padding-effect\">Nedre extremiteter<\/h3>\n\n\n\n<p class=\"has-text-align-left padding-effect\">I v\u00e5r forskargrupp f\u00f6r nedre extremiteter fokuserar vi p\u00e5 olika utvecklingar f\u00f6r individer med amputationer av nedre extremiteter.<\/p>\n\n\n\n<p class=\"padding-effect has-black-color has-text-color has-sans-font-family has-sm-font-size\" style=\"font-style:normal;font-weight:700;text-transform:uppercase\"><a href=\"https:\/\/cbpr.center\/sv\/participate\/studier-i-nedre-extremitet\/\">Delta <em>\u2192<\/em><\/a><\/p>\n<\/div>\n\n\n\n<div class=\"wp-block-column shadow-effect is-layout-flow wp-block-column-is-layout-flow\" style=\"padding-right:0;padding-left:0\">\n<figure class=\"wp-block-image size-large round-top-corners\"><img loading=\"lazy\" decoding=\"async\" width=\"1024\" height=\"576\" src=\"https:\/\/i0.wp.com\/cbpr.center\/app\/uploads\/2023\/05\/bionic-rehabilitation2.jpg?resize=1024%2C576&#038;ssl=1\" alt=\"Neurorehabilitering stroke\" class=\"wp-image-1527\" style=\"aspect-ratio:1;object-fit:cover\" srcset=\"https:\/\/i0.wp.com\/cbpr.center\/app\/uploads\/2023\/05\/bionic-rehabilitation2-scaled.jpg?resize=1024%2C576&amp;ssl=1 1024w, https:\/\/i0.wp.com\/cbpr.center\/app\/uploads\/2023\/05\/bionic-rehabilitation2-scaled.jpg?resize=300%2C169&amp;ssl=1 300w, https:\/\/i0.wp.com\/cbpr.center\/app\/uploads\/2023\/05\/bionic-rehabilitation2-scaled.jpg?resize=768%2C432&amp;ssl=1 768w, https:\/\/i0.wp.com\/cbpr.center\/app\/uploads\/2023\/05\/bionic-rehabilitation2-scaled.jpg?resize=1536%2C864&amp;ssl=1 1536w, https:\/\/i0.wp.com\/cbpr.center\/app\/uploads\/2023\/05\/bionic-rehabilitation2-scaled.jpg?resize=2048%2C1152&amp;ssl=1 2048w\" sizes=\"auto, (max-width: 1000px) 100vw, 1000px\" data-recalc-dims=\"1\" \/><\/figure>\n\n\n\n<h3 class=\"wp-block-heading padding-effect\">Neurorehabilitering<\/h3>\n\n\n\n<p class=\"has-text-align-left padding-effect\">Neurorehabiliteringsgruppen \u00e4r dedikerad till att utveckla behandlingar f\u00f6r sensorimotoriska funktionsneds\u00e4ttningar. <\/p>\n\n\n\n<p class=\"padding-effect has-black-color has-text-color has-sans-font-family has-sm-font-size\" style=\"font-style:normal;font-weight:700;text-transform:uppercase\"><a href=\"https:\/\/cbpr.center\/sv\/participate\/neurorehabilitation\/\">Delta <em>\u2192<\/em><\/a><\/p>\n<\/div>\n\n\n\n<div class=\"wp-block-column shadow-effect is-layout-flow wp-block-column-is-layout-flow\" style=\"padding-right:0;padding-left:0\">\n<figure class=\"wp-block-image size-large round-top-corners\"><img loading=\"lazy\" decoding=\"async\" width=\"1024\" height=\"576\" src=\"https:\/\/i0.wp.com\/cbpr.center\/app\/uploads\/2023\/11\/PainGroup-MyoHaptic.jpg?resize=1024%2C576&#038;ssl=1\" alt=\"Fantomsm&#xE4;rta\" class=\"wp-image-2344\" style=\"aspect-ratio:1;object-fit:cover\" srcset=\"https:\/\/i0.wp.com\/cbpr.center\/app\/uploads\/2023\/11\/PainGroup-MyoHaptic.jpg?resize=1024%2C576&amp;ssl=1 1024w, https:\/\/i0.wp.com\/cbpr.center\/app\/uploads\/2023\/11\/PainGroup-MyoHaptic.jpg?resize=300%2C169&amp;ssl=1 300w, https:\/\/i0.wp.com\/cbpr.center\/app\/uploads\/2023\/11\/PainGroup-MyoHaptic.jpg?resize=768%2C432&amp;ssl=1 768w, https:\/\/i0.wp.com\/cbpr.center\/app\/uploads\/2023\/11\/PainGroup-MyoHaptic.jpg?resize=1536%2C864&amp;ssl=1 1536w, https:\/\/i0.wp.com\/cbpr.center\/app\/uploads\/2023\/11\/PainGroup-MyoHaptic.jpg?w=2048&amp;ssl=1 2048w\" sizes=\"auto, (max-width: 1000px) 100vw, 1000px\" data-recalc-dims=\"1\" \/><\/figure>\n\n\n\n<h3 class=\"wp-block-heading has-text-align-left padding-effect\">Sm\u00e4rta<\/h3>\n\n\n\n<p class=\"has-text-align-left padding-effect\">V\u00e5r sm\u00e4rtforskningsgrupp arbetar med att utveckla effektiva behandlingar f\u00f6r sm\u00e4rta efter amputation. <\/p>\n\n\n\n<p class=\"padding-effect has-black-color has-text-color has-sans-font-family has-sm-font-size\" style=\"font-style:normal;font-weight:700;text-transform:uppercase\"><a href=\"https:\/\/cbpr.center\/sv\/participate\/smartstudier\/\">Delta <em>\u2192<\/em><\/a><\/p>\n<\/div>\n<\/div>\n\n\n  <\/div>\n            <\/div>\n        <\/div>\n","protected":false},"excerpt":{"rendered":"","protected":false},"author":4,"featured_media":0,"parent":0,"menu_order":6,"comment_status":"closed","ping_status":"closed","template":"","meta":{"footnotes":""},"class_list":["post-2775","page","type-page","status-publish","hentry"],"acf":[],"yoast_head":"<!-- This site is optimized with the Yoast SEO plugin v19.14 - https:\/\/yoast.com\/wordpress\/plugins\/seo\/ -->\n<title>Delta - Center for Bionics and Pain Research<\/title>\n<meta name=\"robots\" content=\"index, follow, max-snippet:-1, max-image-preview:large, max-video-preview:-1\" \/>\n<link rel=\"canonical\" href=\"https:\/\/cbpr.center\/sv\/delta\/\" \/>\n<meta property=\"og:locale\" content=\"sv_SE\" \/>\n<meta property=\"og:type\" content=\"article\" \/>\n<meta property=\"og:title\" content=\"Delta - Center for Bionics and Pain Research\" \/>\n<meta property=\"og:url\" content=\"https:\/\/cbpr.center\/sv\/delta\/\" \/>\n<meta property=\"og:site_name\" content=\"Center for Bionics and Pain Research\" \/>\n<meta property=\"article:publisher\" content=\"https:\/\/www.facebook.com\/CBPR.se\" \/>\n<meta property=\"article:modified_time\" content=\"2024-01-25T13:57:17+00:00\" \/>\n<meta property=\"og:image\" content=\"https:\/\/cbpr.center\/app\/uploads\/2023\/11\/Upperlimb_amputation-1024x576.jpg\" \/>\n<meta name=\"twitter:card\" content=\"summary_large_image\" \/>\n<meta name=\"twitter:site\" content=\"@CBPRse\" \/>\n<meta name=\"twitter:label1\" content=\"Est. reading time\" \/>\n\t<meta name=\"twitter:data1\" content=\"1 minute\" \/>\n<script type=\"application\/ld+json\" class=\"yoast-schema-graph\">{\"@context\":\"https:\/\/schema.org\",\"@graph\":[{\"@type\":\"WebPage\",\"@id\":\"https:\/\/cbpr.center\/sv\/delta\/\",\"url\":\"https:\/\/cbpr.center\/sv\/delta\/\",\"name\":\"Delta - Center for Bionics and Pain Research\",\"isPartOf\":{\"@id\":\"https:\/\/cbpr.center\/sv\/#website\"},\"datePublished\":\"2023-11-20T12:50:04+00:00\",\"dateModified\":\"2024-01-25T13:57:17+00:00\",\"breadcrumb\":{\"@id\":\"https:\/\/cbpr.center\/sv\/delta\/#breadcrumb\"},\"inLanguage\":\"sv-SE\",\"potentialAction\":[{\"@type\":\"ReadAction\",\"target\":[\"https:\/\/cbpr.center\/sv\/delta\/\"]}]},{\"@type\":\"BreadcrumbList\",\"@id\":\"https:\/\/cbpr.center\/sv\/delta\/#breadcrumb\",\"itemListElement\":[{\"@type\":\"ListItem\",\"position\":1,\"name\":\"Home\",\"item\":\"https:\/\/cbpr.center\/sv\/\"},{\"@type\":\"ListItem\",\"position\":2,\"name\":\"Delta\"}]},{\"@type\":\"WebSite\",\"@id\":\"https:\/\/cbpr.center\/sv\/#website\",\"url\":\"https:\/\/cbpr.center\/sv\/\",\"name\":\"Center for Bionics and Pain Research\",\"description\":\"Technologies that alleviate disability and pain\",\"publisher\":{\"@id\":\"https:\/\/cbpr.center\/sv\/#organization\"},\"potentialAction\":[{\"@type\":\"SearchAction\",\"target\":{\"@type\":\"EntryPoint\",\"urlTemplate\":\"https:\/\/cbpr.center\/sv\/?s={search_term_string}\"},\"query-input\":\"required name=search_term_string\"}],\"inLanguage\":\"sv-SE\"},{\"@type\":\"Organization\",\"@id\":\"https:\/\/cbpr.center\/sv\/#organization\",\"name\":\"Center for Bionics and Pain Research\",\"url\":\"https:\/\/cbpr.center\/sv\/\",\"logo\":{\"@type\":\"ImageObject\",\"inLanguage\":\"sv-SE\",\"@id\":\"https:\/\/cbpr.center\/sv\/#\/schema\/logo\/image\/\",\"url\":\"https:\/\/i0.wp.com\/cbpr.center\/app\/uploads\/2022\/11\/CBPR_Logo_brighter_blue.png?fit=2000%2C678&ssl=1\",\"contentUrl\":\"https:\/\/i0.wp.com\/cbpr.center\/app\/uploads\/2022\/11\/CBPR_Logo_brighter_blue.png?fit=2000%2C678&ssl=1\",\"width\":2000,\"height\":678,\"caption\":\"Center for Bionics and Pain Research\"},\"image\":{\"@id\":\"https:\/\/cbpr.center\/sv\/#\/schema\/logo\/image\/\"},\"sameAs\":[\"https:\/\/www.instagram.com\/cbpr.se\",\"https:\/\/www.linkedin.com\/company\/cbprse\",\"https:\/\/www.tiktok.com\/@cbpr.se\",\"https:\/\/www.facebook.com\/CBPR.se\",\"https:\/\/twitter.com\/CBPRse\"]}]}<\/script>\n<!-- \/ Yoast SEO plugin. -->","yoast_head_json":{"title":"Delta - Center for Bionics and Pain Research","robots":{"index":"index","follow":"follow","max-snippet":"max-snippet:-1","max-image-preview":"max-image-preview:large","max-video-preview":"max-video-preview:-1"},"canonical":"https:\/\/cbpr.center\/sv\/delta\/","og_locale":"sv_SE","og_type":"article","og_title":"Delta - Center for Bionics and Pain Research","og_url":"https:\/\/cbpr.center\/sv\/delta\/","og_site_name":"Center for Bionics and Pain Research","article_publisher":"https:\/\/www.facebook.com\/CBPR.se","article_modified_time":"2024-01-25T13:57:17+00:00","og_image":[{"url":"https:\/\/cbpr.center\/app\/uploads\/2023\/11\/Upperlimb_amputation-1024x576.jpg"}],"twitter_card":"summary_large_image","twitter_site":"@CBPRse","twitter_misc":{"Est. reading time":"1 minute"},"schema":{"@context":"https:\/\/schema.org","@graph":[{"@type":"WebPage","@id":"https:\/\/cbpr.center\/sv\/delta\/","url":"https:\/\/cbpr.center\/sv\/delta\/","name":"Delta - Center for Bionics and Pain Research","isPartOf":{"@id":"https:\/\/cbpr.center\/sv\/#website"},"datePublished":"2023-11-20T12:50:04+00:00","dateModified":"2024-01-25T13:57:17+00:00","breadcrumb":{"@id":"https:\/\/cbpr.center\/sv\/delta\/#breadcrumb"},"inLanguage":"sv-SE","potentialAction":[{"@type":"ReadAction","target":["https:\/\/cbpr.center\/sv\/delta\/"]}]},{"@type":"BreadcrumbList","@id":"https:\/\/cbpr.center\/sv\/delta\/#breadcrumb","itemListElement":[{"@type":"ListItem","position":1,"name":"Home","item":"https:\/\/cbpr.center\/sv\/"},{"@type":"ListItem","position":2,"name":"Delta"}]},{"@type":"WebSite","@id":"https:\/\/cbpr.center\/sv\/#website","url":"https:\/\/cbpr.center\/sv\/","name":"Center for Bionics and Pain Research","description":"Technologies that alleviate disability and pain","publisher":{"@id":"https:\/\/cbpr.center\/sv\/#organization"},"potentialAction":[{"@type":"SearchAction","target":{"@type":"EntryPoint","urlTemplate":"https:\/\/cbpr.center\/sv\/?s={search_term_string}"},"query-input":"required name=search_term_string"}],"inLanguage":"sv-SE"},{"@type":"Organization","@id":"https:\/\/cbpr.center\/sv\/#organization","name":"Center for Bionics and Pain Research","url":"https:\/\/cbpr.center\/sv\/","logo":{"@type":"ImageObject","inLanguage":"sv-SE","@id":"https:\/\/cbpr.center\/sv\/#\/schema\/logo\/image\/","url":"https:\/\/i0.wp.com\/cbpr.center\/app\/uploads\/2022\/11\/CBPR_Logo_brighter_blue.png?fit=2000%2C678&ssl=1","contentUrl":"https:\/\/i0.wp.com\/cbpr.center\/app\/uploads\/2022\/11\/CBPR_Logo_brighter_blue.png?fit=2000%2C678&ssl=1","width":2000,"height":678,"caption":"Center for Bionics and Pain Research"},"image":{"@id":"https:\/\/cbpr.center\/sv\/#\/schema\/logo\/image\/"},"sameAs":["https:\/\/www.instagram.com\/cbpr.se","https:\/\/www.linkedin.com\/company\/cbprse","https:\/\/www.tiktok.com\/@cbpr.se","https:\/\/www.facebook.com\/CBPR.se","https:\/\/twitter.com\/CBPRse"]}]}},"jetpack_sharing_enabled":true,"_links":{"self":[{"href":"https:\/\/cbpr.center\/sv\/wp-json\/wp\/v2\/pages\/2775","targetHints":{"allow":["GET"]}}],"collection":[{"href":"https:\/\/cbpr.center\/sv\/wp-json\/wp\/v2\/pages"}],"about":[{"href":"https:\/\/cbpr.center\/sv\/wp-json\/wp\/v2\/types\/page"}],"author":[{"embeddable":true,"href":"https:\/\/cbpr.center\/sv\/wp-json\/wp\/v2\/users\/4"}],"replies":[{"embeddable":true,"href":"https:\/\/cbpr.center\/sv\/wp-json\/wp\/v2\/comments?post=2775"}],"version-history":[{"count":4,"href":"https:\/\/cbpr.center\/sv\/wp-json\/wp\/v2\/pages\/2775\/revisions"}],"predecessor-version":[{"id":2799,"href":"https:\/\/cbpr.center\/sv\/wp-json\/wp\/v2\/pages\/2775\/revisions\/2799"}],"wp:attachment":[{"href":"https:\/\/cbpr.center\/sv\/wp-json\/wp\/v2\/media?parent=2775"}],"curies":[{"name":"wp","href":"https:\/\/api.w.org\/{rel}","templated":true}]}}