{"id":2780,"date":"2023-12-08T16:31:24","date_gmt":"2023-12-08T15:31:24","guid":{"rendered":"https:\/\/cbpr.center\/utrustning\/"},"modified":"2024-01-22T15:21:30","modified_gmt":"2024-01-22T14:21:30","slug":"utrustning","status":"publish","type":"page","link":"https:\/\/cbpr.center\/sv\/utrustning\/","title":{"rendered":"Utrustning"},"content":{"rendered":"<div class=\"polybottom has-bg-wave  wp-block-section alignfull is-style-blue\" data-id=\"block_203cdd651c4ea9c78a9cc72e919454c2\" id=\"\">\n                    <div class=\"container grid-base pt-16 2xl:pt-20\">\n                    <div class=\"col-span-12 md:col-span-10 md:col-start-2 2xl:col-span-8 2xl:col-start-3\">\n                        <div>\n    \n\n<h2 class=\"wp-block-heading has-text-align-center\">Samarbeta med oss<\/h2>\n\n\n\n<p class=\"has-text-align-center\">Vi riktar en inbjudan till forskare som \u00e4r intresserade av att anv\u00e4nda dessa verktyg till sin fulla potential. Utforska v\u00e5ra resurser och g\u00e5 med oss f\u00f6r att t\u00e4nja p\u00e5 gr\u00e4nserna f\u00f6r forskning och teknik.<\/p>\n\n\n\n<p><\/p>\n\n\n  <\/div>\n                    <\/div>\n                <\/div>\n        <\/div>\n<div class=\"wp-block-section alignfull is-style-white\" data-id=\"block_40afd14ca5048c88d03d1cf8b46cb20a\" id=\"\">\n                <div class=\"container\">\n                <div>\n    \n\n<h2 class=\"wp-block-heading has-text-align-center\" style=\"margin-bottom:var(--wp--preset--spacing--70)\"><\/h2>\n\n\n\n<div class=\"wp-block-columns is-layout-flex wp-container-core-columns-is-layout-1 wp-block-columns-is-layout-flex\" style=\"padding-right:0;padding-left:0\">\n<div class=\"wp-block-column is-layout-flow wp-block-column-is-layout-flow\" style=\"padding-right:5rem;padding-left:5rem\">\n<figure class=\"wp-block-image size-full\"><img loading=\"lazy\" decoding=\"async\" width=\"683\" height=\"683\" src=\"https:\/\/i0.wp.com\/cbpr.center\/app\/uploads\/2023\/12\/Nexstim-TMS.jpg?resize=683%2C683&#038;ssl=1\" alt=\"\" class=\"wp-image-2716\" srcset=\"https:\/\/i0.wp.com\/cbpr.center\/app\/uploads\/2023\/12\/Nexstim-TMS.jpg?w=683&amp;ssl=1 683w, https:\/\/i0.wp.com\/cbpr.center\/app\/uploads\/2023\/12\/Nexstim-TMS.jpg?resize=300%2C300&amp;ssl=1 300w, https:\/\/i0.wp.com\/cbpr.center\/app\/uploads\/2023\/12\/Nexstim-TMS.jpg?resize=150%2C150&amp;ssl=1 150w\" sizes=\"auto, (max-width: 683px) 100vw, 683px\" data-recalc-dims=\"1\" \/><\/figure>\n<\/div>\n\n\n\n<div class=\"wp-block-column is-layout-flow wp-block-column-is-layout-flow\" style=\"padding-right:5rem;padding-left:5rem\">\n<figure class=\"wp-block-image size-large\"><img loading=\"lazy\" decoding=\"async\" width=\"976\" height=\"1024\" src=\"https:\/\/i0.wp.com\/cbpr.center\/app\/uploads\/2023\/12\/gtec-NIRX-cap-and-connector-box-brighter-scaled-1.jpg?resize=976%2C1024&#038;ssl=1\" alt=\"\" class=\"wp-image-2694\" style=\"aspect-ratio:1;object-fit:cover\" srcset=\"https:\/\/i0.wp.com\/cbpr.center\/app\/uploads\/2023\/12\/gtec-NIRX-cap-and-connector-box-brighter-scaled-1.jpg?resize=976%2C1024&amp;ssl=1 976w, https:\/\/i0.wp.com\/cbpr.center\/app\/uploads\/2023\/12\/gtec-NIRX-cap-and-connector-box-brighter-scaled-1.jpg?resize=286%2C300&amp;ssl=1 286w, https:\/\/i0.wp.com\/cbpr.center\/app\/uploads\/2023\/12\/gtec-NIRX-cap-and-connector-box-brighter-scaled-1.jpg?resize=768%2C805&amp;ssl=1 768w, https:\/\/i0.wp.com\/cbpr.center\/app\/uploads\/2023\/12\/gtec-NIRX-cap-and-connector-box-brighter-scaled-1.jpg?resize=1465%2C1536&amp;ssl=1 1465w, https:\/\/i0.wp.com\/cbpr.center\/app\/uploads\/2023\/12\/gtec-NIRX-cap-and-connector-box-brighter-scaled-1.jpg?resize=1953%2C2048&amp;ssl=1 1953w\" sizes=\"auto, (max-width: 976px) 100vw, 976px\" data-recalc-dims=\"1\" \/><\/figure>\n<\/div>\n\n\n\n<div class=\"wp-block-column is-layout-flow wp-block-column-is-layout-flow\" style=\"padding-right:5rem;padding-left:5rem\">\n<figure class=\"wp-block-image size-full\"><img loading=\"lazy\" decoding=\"async\" width=\"1024\" height=\"1024\" src=\"https:\/\/i0.wp.com\/cbpr.center\/app\/uploads\/2023\/12\/NE-tES-EEG-clean.png?resize=1024%2C1024&#038;ssl=1\" alt=\"\" class=\"wp-image-2728\" style=\"object-fit:cover\" srcset=\"https:\/\/i0.wp.com\/cbpr.center\/app\/uploads\/2023\/12\/NE-tES-EEG-clean.png?w=1024&amp;ssl=1 1024w, https:\/\/i0.wp.com\/cbpr.center\/app\/uploads\/2023\/12\/NE-tES-EEG-clean.png?resize=300%2C300&amp;ssl=1 300w, https:\/\/i0.wp.com\/cbpr.center\/app\/uploads\/2023\/12\/NE-tES-EEG-clean.png?resize=150%2C150&amp;ssl=1 150w, https:\/\/i0.wp.com\/cbpr.center\/app\/uploads\/2023\/12\/NE-tES-EEG-clean.png?resize=768%2C768&amp;ssl=1 768w\" sizes=\"auto, (max-width: 1000px) 100vw, 1000px\" data-recalc-dims=\"1\" \/><\/figure>\n<\/div>\n\n\n\n<div class=\"wp-block-column is-layout-flow wp-block-column-is-layout-flow\" style=\"padding-top:var(--wp--preset--spacing--20);padding-right:5rem;padding-bottom:var(--wp--preset--spacing--20);padding-left:5rem\">\n<figure class=\"wp-block-image size-full\"><img loading=\"lazy\" decoding=\"async\" width=\"331\" height=\"356\" src=\"https:\/\/i0.wp.com\/cbpr.center\/app\/uploads\/2023\/12\/Load-testing-machine.png?resize=331%2C356&#038;ssl=1\" alt=\"\" class=\"wp-image-2718\" style=\"object-fit:cover\" srcset=\"https:\/\/i0.wp.com\/cbpr.center\/app\/uploads\/2023\/12\/Load-testing-machine.png?w=331&amp;ssl=1 331w, https:\/\/i0.wp.com\/cbpr.center\/app\/uploads\/2023\/12\/Load-testing-machine.png?resize=279%2C300&amp;ssl=1 279w\" sizes=\"auto, (max-width: 331px) 100vw, 331px\" data-recalc-dims=\"1\" \/><\/figure>\n<\/div>\n<\/div>\n\n\n\n<div class=\"wp-block-columns is-layout-flex wp-container-core-columns-is-layout-2 wp-block-columns-is-layout-flex\" style=\"padding-right:0;padding-left:0\">\n<div class=\"wp-block-column is-layout-flow wp-block-column-is-layout-flow\" style=\"padding-right:var(--wp--preset--spacing--30);padding-left:var(--wp--preset--spacing--30)\">\n<h3 class=\"wp-block-heading has-text-align-center\">TMS<\/h3>\n<\/div>\n\n\n\n<div class=\"wp-block-column is-layout-flow wp-block-column-is-layout-flow\" style=\"padding-right:var(--wp--preset--spacing--30);padding-left:var(--wp--preset--spacing--30)\">\n<h3 class=\"wp-block-heading has-text-align-center\">EEG<\/h3>\n<\/div>\n\n\n\n<div class=\"wp-block-column is-layout-flow wp-block-column-is-layout-flow\" style=\"padding-right:var(--wp--preset--spacing--30);padding-left:var(--wp--preset--spacing--30)\">\n<h3 class=\"wp-block-heading has-text-align-center\">HD tES + EEG<\/h3>\n<\/div>\n\n\n\n<div class=\"wp-block-column is-layout-flow wp-block-column-is-layout-flow\" style=\"padding-right:var(--wp--preset--spacing--30);padding-left:var(--wp--preset--spacing--30)\">\n<h3 class=\"wp-block-heading has-text-align-center\">Load testing system<\/h3>\n<\/div>\n<\/div>\n\n\n\n<div class=\"wp-block-columns is-layout-flex wp-container-core-columns-is-layout-3 wp-block-columns-is-layout-flex\" style=\"margin-top:0;margin-bottom:var(--wp--preset--spacing--80)\">\n<div class=\"wp-block-column is-layout-flow wp-block-column-is-layout-flow\" style=\"padding-right:var(--wp--preset--spacing--40);padding-left:var(--wp--preset--spacing--40)\">\n<p class=\"has-text-align-center\">Transcranial Magnetic Stimulation av Nexstim. Icke-invasiv teknik f\u00f6r hj\u00e4rnstimulering med magnetf\u00e4lt, som erbjuder exakt inriktning f\u00f6r neurologisk forskning.<\/p>\n<\/div>\n\n\n\n<div class=\"wp-block-column is-layout-flow wp-block-column-is-layout-flow\" style=\"padding-right:var(--wp--preset--spacing--40);padding-left:var(--wp--preset--spacing--40)\">\n<p class=\"has-text-align-center\">128-channel EEG monitoring system av G-tec. Avancerat elektroencefalogramsystem med 128 kanaler f\u00f6r omfattande \u00f6vervakning och analys av hj\u00e4rnaktivitet.<\/p>\n<\/div>\n\n\n\n<div class=\"wp-block-column is-layout-flow wp-block-column-is-layout-flow\" style=\"padding-right:var(--wp--preset--spacing--40);padding-left:var(--wp--preset--spacing--40)\">\n<p class=\"has-text-align-center\">Starstim 20 av NeuroElectrics. Tr\u00e5dl\u00f6s 20-kanals transkraniell elektrisk stimulator och EEG-monitor, ger h\u00f6guppl\u00f6st transkraniell elektrisk stimulering i kombination med EEG-inspelningsm\u00f6jligheter.<\/p>\n<\/div>\n\n\n\n<div class=\"wp-block-column is-layout-flow wp-block-column-is-layout-flow\" style=\"padding-right:var(--wp--preset--spacing--40);padding-left:var(--wp--preset--spacing--40)\">\n<p class=\"has-text-align-center\">Elektromekaniskt testsystem f\u00f6r statisk och dynamisk lasttestning av Step-Lab. Specialiserat system f\u00f6r statisk och dynamisk lastprovning, avg\u00f6rande f\u00f6r att bed\u00f6ma de mekaniska egenskaperna hos material och strukturer.<\/p>\n<\/div>\n<\/div>\n\n\n\n<div class=\"wp-block-columns is-layout-flex wp-container-core-columns-is-layout-4 wp-block-columns-is-layout-flex\" style=\"padding-right:0;padding-left:0\">\n<div class=\"wp-block-column is-layout-flow wp-block-column-is-layout-flow\" style=\"padding-right:5rem;padding-left:5rem\">\n<figure class=\"wp-block-image size-full\"><img loading=\"lazy\" decoding=\"async\" width=\"429\" height=\"429\" src=\"https:\/\/i0.wp.com\/cbpr.center\/app\/uploads\/2023\/12\/NIRSport2.png?resize=429%2C429&#038;ssl=1\" alt=\"\" class=\"wp-image-2732\" srcset=\"https:\/\/i0.wp.com\/cbpr.center\/app\/uploads\/2023\/12\/NIRSport2.png?w=429&amp;ssl=1 429w, https:\/\/i0.wp.com\/cbpr.center\/app\/uploads\/2023\/12\/NIRSport2.png?resize=300%2C300&amp;ssl=1 300w, https:\/\/i0.wp.com\/cbpr.center\/app\/uploads\/2023\/12\/NIRSport2.png?resize=150%2C150&amp;ssl=1 150w\" sizes=\"auto, (max-width: 429px) 100vw, 429px\" data-recalc-dims=\"1\" \/><\/figure>\n<\/div>\n\n\n\n<div class=\"wp-block-column is-layout-flow wp-block-column-is-layout-flow\" style=\"padding-right:5rem;padding-left:5rem\">\n<figure class=\"wp-block-image size-full\"><img loading=\"lazy\" decoding=\"async\" width=\"882\" height=\"882\" src=\"https:\/\/i0.wp.com\/cbpr.center\/app\/uploads\/2023\/12\/Myomo.png?resize=882%2C882&#038;ssl=1\" alt=\"\" class=\"wp-image-2734\" style=\"aspect-ratio:1;object-fit:cover\" srcset=\"https:\/\/i0.wp.com\/cbpr.center\/app\/uploads\/2023\/12\/Myomo.png?w=882&amp;ssl=1 882w, https:\/\/i0.wp.com\/cbpr.center\/app\/uploads\/2023\/12\/Myomo.png?resize=300%2C300&amp;ssl=1 300w, https:\/\/i0.wp.com\/cbpr.center\/app\/uploads\/2023\/12\/Myomo.png?resize=150%2C150&amp;ssl=1 150w, https:\/\/i0.wp.com\/cbpr.center\/app\/uploads\/2023\/12\/Myomo.png?resize=768%2C768&amp;ssl=1 768w\" sizes=\"auto, (max-width: 882px) 100vw, 882px\" data-recalc-dims=\"1\" \/><\/figure>\n<\/div>\n\n\n\n<div class=\"wp-block-column is-layout-flow wp-block-column-is-layout-flow\" style=\"padding-right:5rem;padding-left:5rem\">\n<figure class=\"wp-block-image size-full\"><img loading=\"lazy\" decoding=\"async\" width=\"375\" height=\"375\" src=\"https:\/\/i0.wp.com\/cbpr.center\/app\/uploads\/2023\/12\/Thermal-stimulator-QST-lab.png?resize=375%2C375&#038;ssl=1\" alt=\"\" class=\"wp-image-2744\" style=\"object-fit:cover\" srcset=\"https:\/\/i0.wp.com\/cbpr.center\/app\/uploads\/2023\/12\/Thermal-stimulator-QST-lab.png?w=375&amp;ssl=1 375w, https:\/\/i0.wp.com\/cbpr.center\/app\/uploads\/2023\/12\/Thermal-stimulator-QST-lab.png?resize=300%2C300&amp;ssl=1 300w, https:\/\/i0.wp.com\/cbpr.center\/app\/uploads\/2023\/12\/Thermal-stimulator-QST-lab.png?resize=150%2C150&amp;ssl=1 150w\" sizes=\"auto, (max-width: 375px) 100vw, 375px\" data-recalc-dims=\"1\" \/><\/figure>\n<\/div>\n\n\n\n<div class=\"wp-block-column is-layout-flow wp-block-column-is-layout-flow\" style=\"padding-top:var(--wp--preset--spacing--20);padding-right:5rem;padding-bottom:var(--wp--preset--spacing--20);padding-left:5rem\">\n<figure class=\"wp-block-image size-full\"><img loading=\"lazy\" decoding=\"async\" width=\"506\" height=\"506\" src=\"https:\/\/i0.wp.com\/cbpr.center\/app\/uploads\/2023\/12\/MetaMax-3B.png?resize=506%2C506&#038;ssl=1\" alt=\"\" class=\"wp-image-2742\" style=\"object-fit:cover\" srcset=\"https:\/\/i0.wp.com\/cbpr.center\/app\/uploads\/2023\/12\/MetaMax-3B.png?w=506&amp;ssl=1 506w, https:\/\/i0.wp.com\/cbpr.center\/app\/uploads\/2023\/12\/MetaMax-3B.png?resize=300%2C300&amp;ssl=1 300w, https:\/\/i0.wp.com\/cbpr.center\/app\/uploads\/2023\/12\/MetaMax-3B.png?resize=150%2C150&amp;ssl=1 150w\" sizes=\"auto, (max-width: 506px) 100vw, 506px\" data-recalc-dims=\"1\" \/><\/figure>\n<\/div>\n<\/div>\n\n\n\n<div class=\"wp-block-columns is-layout-flex wp-container-core-columns-is-layout-5 wp-block-columns-is-layout-flex\" style=\"padding-right:0;padding-left:0\">\n<div class=\"wp-block-column is-layout-flow wp-block-column-is-layout-flow\" style=\"padding-right:var(--wp--preset--spacing--30);padding-left:var(--wp--preset--spacing--30)\">\n<h3 class=\"wp-block-heading has-text-align-center\">fNIRS<\/h3>\n<\/div>\n\n\n\n<div class=\"wp-block-column is-layout-flow wp-block-column-is-layout-flow\" style=\"padding-right:var(--wp--preset--spacing--30);padding-left:var(--wp--preset--spacing--30)\">\n<h3 class=\"wp-block-heading has-text-align-center\">Exoskeleton<\/h3>\n<\/div>\n\n\n\n<div class=\"wp-block-column is-layout-flow wp-block-column-is-layout-flow\" style=\"padding-right:var(--wp--preset--spacing--30);padding-left:var(--wp--preset--spacing--30)\">\n<h3 class=\"wp-block-heading has-text-align-center\">Thermal Stimulator<\/h3>\n<\/div>\n\n\n\n<div class=\"wp-block-column is-layout-flow wp-block-column-is-layout-flow\" style=\"padding-right:var(--wp--preset--spacing--30);padding-left:var(--wp--preset--spacing--30)\">\n<h3 class=\"wp-block-heading has-text-align-center\">Metabolic analyzer<\/h3>\n<\/div>\n<\/div>\n\n\n\n<div class=\"wp-block-columns is-layout-flex wp-container-core-columns-is-layout-6 wp-block-columns-is-layout-flex\">\n<div class=\"wp-block-column is-layout-flow wp-block-column-is-layout-flow\" style=\"padding-right:var(--wp--preset--spacing--40);padding-left:var(--wp--preset--spacing--40)\">\n<p class=\"has-text-align-center\">NIRSport2 by NIRx. Funktionellt n\u00e4ra-infrar\u00f6tt spektroskopisystem, NIRSport2, f\u00f6r icke-invasiv \u00f6vervakning av hj\u00e4rnaktivitet och syres\u00e4ttningsniv\u00e5er under kognitiva uppgifter.<\/p>\n<\/div>\n\n\n\n<div class=\"wp-block-column is-layout-flow wp-block-column-is-layout-flow\" style=\"padding-right:var(--wp--preset--spacing--40);padding-left:var(--wp--preset--spacing--40)\">\n<p class=\"has-text-align-center\">MARK (The Mobile Arm Rehabilitation Kit) av Myomo. Avancerat exoskelett designat f\u00f6r mobil armrehabilitering, modeller f\u00f6r b\u00e5de v\u00e4nster och h\u00f6ger arm.<\/p>\n<\/div>\n\n\n\n<div class=\"wp-block-column is-layout-flow wp-block-column-is-layout-flow\" style=\"padding-right:var(--wp--preset--spacing--40);padding-left:var(--wp--preset--spacing--40)\">\n<p class=\"has-text-align-center\">Thermal Cutaneous Stimulator av QST.Lab. Kontrollerad sm\u00e4rtinduktion f\u00f6r att studera sm\u00e4rtuppfattning och svar i forskningsmilj\u00f6er.<\/p>\n<\/div>\n\n\n\n<div class=\"wp-block-column is-layout-flow wp-block-column-is-layout-flow\" style=\"padding-right:var(--wp--preset--spacing--40);padding-left:var(--wp--preset--spacing--40)\">\n<p class=\"has-text-align-center\">MetaMax 3B av Cortex. M\u00e4tning av metabola parametrar under fysisk aktivitet, vilket ger v\u00e4rdefulla insikter f\u00f6r forskning inom \u00e4mnesoms\u00e4ttning och tr\u00e4ningsfysiologi.<\/p>\n<\/div>\n<\/div>\n\n\n  <\/div>\n            <\/div>\n        <\/div>\n","protected":false},"excerpt":{"rendered":"<p>Under v\u00e5ra \u00e5r av forskning och utveckling har vi satt ihop ett brett utbud av viktig utrustning, allt fr\u00e5n verktyg som hj\u00e4lper till med utveckling av enheter till resurser f\u00f6r translationella experiment. Den h\u00e4r samlingen utg\u00f6r ryggraden i v\u00e5ra vetenskapliga syssels\u00e4ttningar och visar upp banbrytande instrument.<\/p>\n","protected":false},"author":4,"featured_media":2691,"parent":0,"menu_order":1,"comment_status":"closed","ping_status":"closed","template":"","meta":{"footnotes":""},"class_list":["post-2780","page","type-page","status-publish","has-post-thumbnail","hentry"],"acf":[],"yoast_head":"<!-- This site is optimized with the Yoast SEO plugin v19.14 - https:\/\/yoast.com\/wordpress\/plugins\/seo\/ -->\n<title>Utrustning - Center for Bionics and Pain Research<\/title>\n<meta name=\"robots\" content=\"index, follow, max-snippet:-1, max-image-preview:large, max-video-preview:-1\" \/>\n<link rel=\"canonical\" href=\"https:\/\/cbpr.center\/sv\/utrustning\/\" \/>\n<meta property=\"og:locale\" content=\"sv_SE\" \/>\n<meta property=\"og:type\" content=\"article\" \/>\n<meta property=\"og:title\" content=\"Utrustning - Center for Bionics and Pain Research\" \/>\n<meta property=\"og:description\" content=\"Under v\u00e5ra \u00e5r av forskning och utveckling har vi satt ihop ett brett utbud av viktig utrustning, allt fr\u00e5n verktyg som hj\u00e4lper till med utveckling av enheter till resurser f\u00f6r translationella experiment. Den h\u00e4r samlingen utg\u00f6r ryggraden i v\u00e5ra vetenskapliga syssels\u00e4ttningar och visar upp banbrytande instrument.\" \/>\n<meta property=\"og:url\" content=\"https:\/\/cbpr.center\/sv\/utrustning\/\" \/>\n<meta property=\"og:site_name\" content=\"Center for Bionics and Pain Research\" \/>\n<meta property=\"article:publisher\" content=\"https:\/\/www.facebook.com\/CBPR.se\" \/>\n<meta property=\"article:modified_time\" content=\"2024-01-22T14:21:30+00:00\" \/>\n<meta property=\"og:image\" content=\"https:\/\/cbpr.center\/app\/uploads\/2023\/12\/Max_Ortiz_Catalan_230704_042A4232-1024x700.jpg\" \/>\n\t<meta property=\"og:image:width\" content=\"1024\" \/>\n\t<meta property=\"og:image:height\" content=\"700\" \/>\n\t<meta property=\"og:image:type\" content=\"image\/jpeg\" \/>\n<meta name=\"twitter:card\" content=\"summary_large_image\" \/>\n<meta name=\"twitter:site\" content=\"@CBPRse\" \/>\n<meta name=\"twitter:label1\" content=\"Est. reading time\" \/>\n\t<meta name=\"twitter:data1\" content=\"1 minute\" \/>\n<script type=\"application\/ld+json\" class=\"yoast-schema-graph\">{\"@context\":\"https:\/\/schema.org\",\"@graph\":[{\"@type\":\"WebPage\",\"@id\":\"https:\/\/cbpr.center\/sv\/utrustning\/\",\"url\":\"https:\/\/cbpr.center\/sv\/utrustning\/\",\"name\":\"Utrustning - Center for Bionics and Pain Research\",\"isPartOf\":{\"@id\":\"https:\/\/cbpr.center\/sv\/#website\"},\"datePublished\":\"2023-12-08T15:31:24+00:00\",\"dateModified\":\"2024-01-22T14:21:30+00:00\",\"breadcrumb\":{\"@id\":\"https:\/\/cbpr.center\/sv\/utrustning\/#breadcrumb\"},\"inLanguage\":\"sv-SE\",\"potentialAction\":[{\"@type\":\"ReadAction\",\"target\":[\"https:\/\/cbpr.center\/sv\/utrustning\/\"]}]},{\"@type\":\"BreadcrumbList\",\"@id\":\"https:\/\/cbpr.center\/sv\/utrustning\/#breadcrumb\",\"itemListElement\":[{\"@type\":\"ListItem\",\"position\":1,\"name\":\"Home\",\"item\":\"https:\/\/cbpr.center\/sv\/\"},{\"@type\":\"ListItem\",\"position\":2,\"name\":\"Utrustning\"}]},{\"@type\":\"WebSite\",\"@id\":\"https:\/\/cbpr.center\/sv\/#website\",\"url\":\"https:\/\/cbpr.center\/sv\/\",\"name\":\"Center for Bionics and Pain Research\",\"description\":\"Technologies that alleviate disability and pain\",\"publisher\":{\"@id\":\"https:\/\/cbpr.center\/sv\/#organization\"},\"potentialAction\":[{\"@type\":\"SearchAction\",\"target\":{\"@type\":\"EntryPoint\",\"urlTemplate\":\"https:\/\/cbpr.center\/sv\/?s={search_term_string}\"},\"query-input\":\"required name=search_term_string\"}],\"inLanguage\":\"sv-SE\"},{\"@type\":\"Organization\",\"@id\":\"https:\/\/cbpr.center\/sv\/#organization\",\"name\":\"Center for Bionics and Pain Research\",\"url\":\"https:\/\/cbpr.center\/sv\/\",\"logo\":{\"@type\":\"ImageObject\",\"inLanguage\":\"sv-SE\",\"@id\":\"https:\/\/cbpr.center\/sv\/#\/schema\/logo\/image\/\",\"url\":\"https:\/\/i0.wp.com\/cbpr.center\/app\/uploads\/2022\/11\/CBPR_Logo_brighter_blue.png?fit=2000%2C678&ssl=1\",\"contentUrl\":\"https:\/\/i0.wp.com\/cbpr.center\/app\/uploads\/2022\/11\/CBPR_Logo_brighter_blue.png?fit=2000%2C678&ssl=1\",\"width\":2000,\"height\":678,\"caption\":\"Center for Bionics and Pain Research\"},\"image\":{\"@id\":\"https:\/\/cbpr.center\/sv\/#\/schema\/logo\/image\/\"},\"sameAs\":[\"https:\/\/www.instagram.com\/cbpr.se\",\"https:\/\/www.linkedin.com\/company\/cbprse\",\"https:\/\/www.tiktok.com\/@cbpr.se\",\"https:\/\/www.facebook.com\/CBPR.se\",\"https:\/\/twitter.com\/CBPRse\"]}]}<\/script>\n<!-- \/ Yoast SEO plugin. -->","yoast_head_json":{"title":"Utrustning - Center for Bionics and Pain Research","robots":{"index":"index","follow":"follow","max-snippet":"max-snippet:-1","max-image-preview":"max-image-preview:large","max-video-preview":"max-video-preview:-1"},"canonical":"https:\/\/cbpr.center\/sv\/utrustning\/","og_locale":"sv_SE","og_type":"article","og_title":"Utrustning - Center for Bionics and Pain Research","og_description":"Under v\u00e5ra \u00e5r av forskning och utveckling har vi satt ihop ett brett utbud av viktig utrustning, allt fr\u00e5n verktyg som hj\u00e4lper till med utveckling av enheter till resurser f\u00f6r translationella experiment. Den h\u00e4r samlingen utg\u00f6r ryggraden i v\u00e5ra vetenskapliga syssels\u00e4ttningar och visar upp banbrytande instrument.","og_url":"https:\/\/cbpr.center\/sv\/utrustning\/","og_site_name":"Center for Bionics and Pain Research","article_publisher":"https:\/\/www.facebook.com\/CBPR.se","article_modified_time":"2024-01-22T14:21:30+00:00","og_image":[{"width":1024,"height":700,"url":"https:\/\/cbpr.center\/app\/uploads\/2023\/12\/Max_Ortiz_Catalan_230704_042A4232-1024x700.jpg","type":"image\/jpeg"}],"twitter_card":"summary_large_image","twitter_site":"@CBPRse","twitter_misc":{"Est. reading time":"1 minute"},"schema":{"@context":"https:\/\/schema.org","@graph":[{"@type":"WebPage","@id":"https:\/\/cbpr.center\/sv\/utrustning\/","url":"https:\/\/cbpr.center\/sv\/utrustning\/","name":"Utrustning - Center for Bionics and Pain Research","isPartOf":{"@id":"https:\/\/cbpr.center\/sv\/#website"},"datePublished":"2023-12-08T15:31:24+00:00","dateModified":"2024-01-22T14:21:30+00:00","breadcrumb":{"@id":"https:\/\/cbpr.center\/sv\/utrustning\/#breadcrumb"},"inLanguage":"sv-SE","potentialAction":[{"@type":"ReadAction","target":["https:\/\/cbpr.center\/sv\/utrustning\/"]}]},{"@type":"BreadcrumbList","@id":"https:\/\/cbpr.center\/sv\/utrustning\/#breadcrumb","itemListElement":[{"@type":"ListItem","position":1,"name":"Home","item":"https:\/\/cbpr.center\/sv\/"},{"@type":"ListItem","position":2,"name":"Utrustning"}]},{"@type":"WebSite","@id":"https:\/\/cbpr.center\/sv\/#website","url":"https:\/\/cbpr.center\/sv\/","name":"Center for Bionics and Pain Research","description":"Technologies that alleviate disability and pain","publisher":{"@id":"https:\/\/cbpr.center\/sv\/#organization"},"potentialAction":[{"@type":"SearchAction","target":{"@type":"EntryPoint","urlTemplate":"https:\/\/cbpr.center\/sv\/?s={search_term_string}"},"query-input":"required name=search_term_string"}],"inLanguage":"sv-SE"},{"@type":"Organization","@id":"https:\/\/cbpr.center\/sv\/#organization","name":"Center for Bionics and Pain Research","url":"https:\/\/cbpr.center\/sv\/","logo":{"@type":"ImageObject","inLanguage":"sv-SE","@id":"https:\/\/cbpr.center\/sv\/#\/schema\/logo\/image\/","url":"https:\/\/i0.wp.com\/cbpr.center\/app\/uploads\/2022\/11\/CBPR_Logo_brighter_blue.png?fit=2000%2C678&ssl=1","contentUrl":"https:\/\/i0.wp.com\/cbpr.center\/app\/uploads\/2022\/11\/CBPR_Logo_brighter_blue.png?fit=2000%2C678&ssl=1","width":2000,"height":678,"caption":"Center for Bionics and Pain Research"},"image":{"@id":"https:\/\/cbpr.center\/sv\/#\/schema\/logo\/image\/"},"sameAs":["https:\/\/www.instagram.com\/cbpr.se","https:\/\/www.linkedin.com\/company\/cbprse","https:\/\/www.tiktok.com\/@cbpr.se","https:\/\/www.facebook.com\/CBPR.se","https:\/\/twitter.com\/CBPRse"]}]}},"jetpack_sharing_enabled":true,"_links":{"self":[{"href":"https:\/\/cbpr.center\/sv\/wp-json\/wp\/v2\/pages\/2780","targetHints":{"allow":["GET"]}}],"collection":[{"href":"https:\/\/cbpr.center\/sv\/wp-json\/wp\/v2\/pages"}],"about":[{"href":"https:\/\/cbpr.center\/sv\/wp-json\/wp\/v2\/types\/page"}],"author":[{"embeddable":true,"href":"https:\/\/cbpr.center\/sv\/wp-json\/wp\/v2\/users\/4"}],"replies":[{"embeddable":true,"href":"https:\/\/cbpr.center\/sv\/wp-json\/wp\/v2\/comments?post=2780"}],"version-history":[{"count":3,"href":"https:\/\/cbpr.center\/sv\/wp-json\/wp\/v2\/pages\/2780\/revisions"}],"predecessor-version":[{"id":2783,"href":"https:\/\/cbpr.center\/sv\/wp-json\/wp\/v2\/pages\/2780\/revisions\/2783"}],"wp:featuredmedia":[{"embeddable":true,"href":"https:\/\/cbpr.center\/sv\/wp-json\/wp\/v2\/media\/2691"}],"wp:attachment":[{"href":"https:\/\/cbpr.center\/sv\/wp-json\/wp\/v2\/media?parent=2780"}],"curies":[{"name":"wp","href":"https:\/\/api.w.org\/{rel}","templated":true}]}}