{"id":2786,"date":"2023-11-22T15:21:03","date_gmt":"2023-11-22T14:21:03","guid":{"rendered":"https:\/\/cbpr.center\/forskningsomraden\/"},"modified":"2024-01-22T15:55:36","modified_gmt":"2024-01-22T14:55:36","slug":"forskningsomraden","status":"publish","type":"page","link":"https:\/\/cbpr.center\/sv\/forskningsomraden\/","title":{"rendered":"Forskningsomr\u00e5den"},"content":{"rendered":"<div class=\"polybottom has-bg-wave  wp-block-section alignfull is-style-blue\" data-id=\"block_18c94f0141c3fae895f5f72cbdb3eddc\" id=\"\">\n                    <div class=\"container grid-base pt-16 2xl:pt-20\">\n                    <div class=\"col-span-12 md:col-span-10 md:col-start-2 2xl:col-span-8 2xl:col-start-3\">\n                        <div>\n    \n\n<h2 class=\"wp-block-heading has-text-align-center\">V\u00e5ra nyckelkompetenser<\/h2>\n\n\n\n<p class=\"has-text-align-center\">P\u00e5 CBPR fokuserar vi p\u00e5 att utveckla behandlingar f\u00f6r komplexa tillst\u00e5nd. F\u00f6r att uppn\u00e5 detta har vi ett multidisciplin\u00e4rt team med expertis inom olika omr\u00e5den s\u00e5som kirurgisk rekonstruktion, neurala gr\u00e4nssnitt, osseointegrerade implantat, artificiell intelligens, neurostimulering och neuromodulering samt sensorimotorisk tr\u00e4ning. Vi bjuder in forskare och studenter att g\u00e5 med i v\u00e5r tv\u00e4rvetenskapliga forskningsmilj\u00f6, d\u00e4r olika expertiser konvergerar f\u00f6r att driva effektfulla framsteg inom medicinteknik och h\u00e4lsov\u00e5rdsl\u00f6sningar.<\/p>\n\n\n\n<p><\/p>\n\n\n  <\/div>\n                    <\/div>\n                <\/div>\n        <\/div>\n<div class=\"has-bg-wave  wp-block-section alignfull is-style-dark\" data-id=\"block_a2f6d5c2d08c18ae07c9b137242bc626\" id=\"\">\n                <div class=\"container\">\n                <div>\n    \n\n<h2 class=\"wp-block-heading has-text-align-center\" style=\"margin-bottom:var(--wp--preset--spacing--70)\"><\/h2>\n\n\n\n<div class=\"wp-block-columns is-layout-flex wp-container-core-columns-is-layout-1 wp-block-columns-is-layout-flex\" style=\"padding-right:0;padding-left:0\">\n<div class=\"wp-block-column is-layout-flow wp-block-column-is-layout-flow\" style=\"padding-right:5rem;padding-left:5rem\">\n<figure class=\"wp-block-image size-large\"><img loading=\"lazy\" decoding=\"async\" width=\"1024\" height=\"1018\" src=\"https:\/\/i0.wp.com\/cbpr.center\/app\/uploads\/2023\/11\/Biomedical-Solutions.png?resize=1024%2C1018&#038;ssl=1\" alt=\"\" class=\"wp-image-2309\" srcset=\"https:\/\/i0.wp.com\/cbpr.center\/app\/uploads\/2023\/11\/Biomedical-Solutions.png?resize=1024%2C1018&amp;ssl=1 1024w, https:\/\/i0.wp.com\/cbpr.center\/app\/uploads\/2023\/11\/Biomedical-Solutions.png?resize=300%2C298&amp;ssl=1 300w, https:\/\/i0.wp.com\/cbpr.center\/app\/uploads\/2023\/11\/Biomedical-Solutions.png?resize=150%2C150&amp;ssl=1 150w, https:\/\/i0.wp.com\/cbpr.center\/app\/uploads\/2023\/11\/Biomedical-Solutions.png?resize=768%2C764&amp;ssl=1 768w, https:\/\/i0.wp.com\/cbpr.center\/app\/uploads\/2023\/11\/Biomedical-Solutions.png?resize=1536%2C1528&amp;ssl=1 1536w, https:\/\/i0.wp.com\/cbpr.center\/app\/uploads\/2023\/11\/Biomedical-Solutions.png?w=1648&amp;ssl=1 1648w\" sizes=\"auto, (max-width: 1000px) 100vw, 1000px\" data-recalc-dims=\"1\" \/><\/figure>\n<\/div>\n\n\n\n<div class=\"wp-block-column is-layout-flow wp-block-column-is-layout-flow\" style=\"padding-right:5rem;padding-left:5rem\">\n<figure class=\"wp-block-image size-large\"><img loading=\"lazy\" decoding=\"async\" width=\"828\" height=\"1024\" src=\"https:\/\/i0.wp.com\/cbpr.center\/app\/uploads\/2023\/12\/Lower-Limb-Prosthetic.png?resize=828%2C1024&#038;ssl=1\" alt=\"\" class=\"wp-image-2643\" srcset=\"https:\/\/i0.wp.com\/cbpr.center\/app\/uploads\/2023\/12\/Lower-Limb-Prosthetic.png?resize=828%2C1024&amp;ssl=1 828w, https:\/\/i0.wp.com\/cbpr.center\/app\/uploads\/2023\/12\/Lower-Limb-Prosthetic.png?resize=242%2C300&amp;ssl=1 242w, https:\/\/i0.wp.com\/cbpr.center\/app\/uploads\/2023\/12\/Lower-Limb-Prosthetic.png?resize=768%2C950&amp;ssl=1 768w, https:\/\/i0.wp.com\/cbpr.center\/app\/uploads\/2023\/12\/Lower-Limb-Prosthetic.png?resize=1241%2C1536&amp;ssl=1 1241w, https:\/\/i0.wp.com\/cbpr.center\/app\/uploads\/2023\/12\/Lower-Limb-Prosthetic.png?w=2000&amp;ssl=1 2000w, https:\/\/i0.wp.com\/cbpr.center\/app\/uploads\/2023\/12\/Lower-Limb-Prosthetic.png?w=3000&amp;ssl=1 3000w\" sizes=\"auto, (max-width: 828px) 100vw, 828px\" data-recalc-dims=\"1\" \/><\/figure>\n<\/div>\n\n\n\n<div class=\"wp-block-column is-layout-flow wp-block-column-is-layout-flow\" style=\"padding-right:5rem;padding-left:5rem\">\n<figure class=\"wp-block-image size-large\"><img loading=\"lazy\" decoding=\"async\" width=\"862\" height=\"1024\" src=\"https:\/\/i0.wp.com\/cbpr.center\/app\/uploads\/2023\/12\/Neurorehab.png?resize=862%2C1024&#038;ssl=1\" alt=\"\" class=\"wp-image-2641\" style=\"object-fit:cover\" srcset=\"https:\/\/i0.wp.com\/cbpr.center\/app\/uploads\/2023\/12\/Neurorehab.png?resize=862%2C1024&amp;ssl=1 862w, https:\/\/i0.wp.com\/cbpr.center\/app\/uploads\/2023\/12\/Neurorehab.png?resize=252%2C300&amp;ssl=1 252w, https:\/\/i0.wp.com\/cbpr.center\/app\/uploads\/2023\/12\/Neurorehab.png?resize=768%2C913&amp;ssl=1 768w, https:\/\/i0.wp.com\/cbpr.center\/app\/uploads\/2023\/12\/Neurorehab.png?resize=1292%2C1536&amp;ssl=1 1292w, https:\/\/i0.wp.com\/cbpr.center\/app\/uploads\/2023\/12\/Neurorehab.png?w=2000&amp;ssl=1 2000w, https:\/\/i0.wp.com\/cbpr.center\/app\/uploads\/2023\/12\/Neurorehab.png?w=3000&amp;ssl=1 3000w\" sizes=\"auto, (max-width: 862px) 100vw, 862px\" data-recalc-dims=\"1\" \/><\/figure>\n<\/div>\n\n\n\n<div class=\"wp-block-column is-layout-flow wp-block-column-is-layout-flow\" style=\"padding-top:var(--wp--preset--spacing--20);padding-right:5rem;padding-bottom:var(--wp--preset--spacing--20);padding-left:5rem\">\n<figure class=\"wp-block-image size-large\"><img loading=\"lazy\" decoding=\"async\" width=\"968\" height=\"1024\" src=\"https:\/\/i0.wp.com\/cbpr.center\/app\/uploads\/2023\/12\/Pain.png?resize=968%2C1024&#038;ssl=1\" alt=\"\" class=\"wp-image-2639\" style=\"object-fit:cover\" srcset=\"https:\/\/i0.wp.com\/cbpr.center\/app\/uploads\/2023\/12\/Pain.png?resize=968%2C1024&amp;ssl=1 968w, https:\/\/i0.wp.com\/cbpr.center\/app\/uploads\/2023\/12\/Pain.png?resize=284%2C300&amp;ssl=1 284w, https:\/\/i0.wp.com\/cbpr.center\/app\/uploads\/2023\/12\/Pain.png?resize=768%2C813&amp;ssl=1 768w, https:\/\/i0.wp.com\/cbpr.center\/app\/uploads\/2023\/12\/Pain.png?w=2000&amp;ssl=1 2000w, https:\/\/i0.wp.com\/cbpr.center\/app\/uploads\/2023\/12\/Pain.png?w=3000&amp;ssl=1 3000w\" sizes=\"auto, (max-width: 968px) 100vw, 968px\" data-recalc-dims=\"1\" \/><\/figure>\n<\/div>\n<\/div>\n\n\n\n<div class=\"wp-block-columns is-layout-flex wp-container-core-columns-is-layout-2 wp-block-columns-is-layout-flex\" style=\"padding-right:0;padding-left:0\">\n<div class=\"wp-block-column is-layout-flow wp-block-column-is-layout-flow\" style=\"padding-right:var(--wp--preset--spacing--30);padding-left:var(--wp--preset--spacing--30)\">\n<h3 class=\"wp-block-heading has-text-align-center\">Armproteser<\/h3>\n<\/div>\n\n\n\n<div class=\"wp-block-column is-layout-flow wp-block-column-is-layout-flow\" style=\"padding-right:var(--wp--preset--spacing--30);padding-left:var(--wp--preset--spacing--30)\">\n<h3 class=\"wp-block-heading has-text-align-center\">Benproteser<\/h3>\n<\/div>\n\n\n\n<div class=\"wp-block-column is-layout-flow wp-block-column-is-layout-flow\" style=\"padding-right:var(--wp--preset--spacing--30);padding-left:var(--wp--preset--spacing--30)\">\n<h3 class=\"wp-block-heading has-text-align-center\">Neurorehabilitering<\/h3>\n<\/div>\n\n\n\n<div class=\"wp-block-column is-layout-flow wp-block-column-is-layout-flow\" style=\"padding-right:var(--wp--preset--spacing--30);padding-left:var(--wp--preset--spacing--30)\">\n<h3 class=\"wp-block-heading has-text-align-center\">Sm\u00e4rta efter amputation<\/h3>\n<\/div>\n<\/div>\n\n\n\n<div class=\"wp-block-columns is-layout-flex wp-container-core-columns-is-layout-3 wp-block-columns-is-layout-flex\">\n<div class=\"wp-block-column is-layout-flow wp-block-column-is-layout-flow\" style=\"padding-right:var(--wp--preset--spacing--40);padding-left:var(--wp--preset--spacing--40)\">\n<p class=\"has-text-align-center\">V\u00e5r forskningsgrupp f\u00f6r \u00f6vre extremiteter ligger i framkant n\u00e4r det g\u00e4ller att utveckla v\u00e4rldens mest avancerade armproteser. Vi \u00e4r engagerade i att f\u00f6rb\u00e4ttra livet f\u00f6r individer med amputationer av \u00f6vre extremiteterna genom att t\u00e4nja p\u00e5 gr\u00e4nserna f\u00f6r protesteknik. L\u00e4s v\u00e5ra publikationer med l\u00e4nken nedan.<\/p>\n<\/div>\n\n\n\n<div class=\"wp-block-column is-layout-flow wp-block-column-is-layout-flow\" style=\"padding-right:var(--wp--preset--spacing--40);padding-left:var(--wp--preset--spacing--40)\">\n<p class=\"has-text-align-center\">I v\u00e5r forskningsgrupp f\u00f6r nedre extremiteter fokuserar vi p\u00e5 olika utvecklingar f\u00f6r att f\u00f6rb\u00e4ttra livskvaliteten f\u00f6r individer med amputationer i nedre extremiteter. V\u00e5r forskning omfattar framsteg inom protesteknik och innovativa l\u00f6sningar f\u00f6r utmaningar inom mobilitet. L\u00e4s v\u00e5ra publikationer med l\u00e4nken nedan.<\/p>\n<\/div>\n\n\n\n<div class=\"wp-block-column is-layout-flow wp-block-column-is-layout-flow\" style=\"padding-right:var(--wp--preset--spacing--40);padding-left:var(--wp--preset--spacing--40)\">\n<p class=\"has-text-align-center\">Forskningsgruppen f\u00f6r neurorehabilitering \u00e4r dedikerad till att utveckla teknologier f\u00f6r rehabilitering av sensorimotoriska funktionsneds\u00e4ttningar. Genom ett multidisciplin\u00e4rt tillv\u00e4gag\u00e5ngss\u00e4tt str\u00e4var vi efter f\u00f6rb\u00e4ttrade patientresultat genom att f\u00f6rb\u00e4ttra deras funktionalitet. L\u00e4s v\u00e5ra publikationer med l\u00e4nken nedan.<\/p>\n<\/div>\n\n\n\n<div class=\"wp-block-column is-layout-flow wp-block-column-is-layout-flow\" style=\"padding-right:var(--wp--preset--spacing--40);padding-left:var(--wp--preset--spacing--40)\">\n<p class=\"has-text-align-center\">V\u00e5r sm\u00e4rtforskningsgrupp \u00e4r aktivt engagerad i att hitta effektiva behandlingar f\u00f6r sm\u00e4rta efter amputation. Genom att utforska innovativa tillv\u00e4gag\u00e5ngss\u00e4tt och terapier str\u00e4var vi efter att lindra b\u00f6rdan av sm\u00e4rta efter amputation och f\u00f6rb\u00e4ttra patientens \u00f6vergripande v\u00e4lbefinnande. L\u00e4s v\u00e5ra publikationer med l\u00e4nken nedan.<\/p>\n<\/div>\n<\/div>\n\n\n\n<div class=\"wp-block-columns are-vertically-aligned-top .figure.w-1\\\/2.mx-auto.mb-8 { height: 1px; } .w-full.aspect-square is-layout-flex wp-container-core-columns-is-layout-4 wp-block-columns-is-layout-flex\" style=\"padding-top:0px;padding-bottom:0\">\n<div class=\"wp-block-column is-vertically-aligned-top is-layout-flow wp-block-column-is-layout-flow\"><article class=\"flex flex-col w-full h-content  items-center text-center lg:px-4 wp-block-card-cta\" data-id=\"block_4e1bae95c0a244d9f9117be41e360a15\" id=\"\">\n    <figure class=\"w-1\/2 mx-auto mb-8\"><div class=\"w-full aspect-square\">\n        <img decoding=\"async\" width=\"1\" height=\"1\" src=\"https:\/\/i0.wp.com\/cbpr.center\/app\/uploads\/2023\/11\/Blank.png?fit=1%2C1&amp;ssl=1\" class=\"w-full max-h-full object-center object-contain\" alt=\"\" loading=\"lazy\" \/>\n    <\/div><\/figure>\n    <div class=\"flex-1 w-3\/4 mx-auto \">\n    \n\n<h3 class=\"wp-block-heading\"><\/h3>\n\n\n\n<p><\/p>\n\n\n    <\/div>\n     \n    <div class=\"flex-none w-3\/4 mt-8 mx-auto\"><a href=\"https:\/\/cbpr.center\/research-library\/?post_type=research-library&#038;page=1&#038;research_category=arms\"  target=\"_self\" class=\"btn btn-line-dark\">F\u00e5 reda p\u00e5 mer<\/a><\/div>\n    <\/article><\/div>\n\n\n\n<div class=\"wp-block-column is-vertically-aligned-top is-layout-flow wp-block-column-is-layout-flow\"><article class=\"flex flex-col w-full h-content  items-center text-center lg:px-4 wp-block-card-cta\" data-id=\"block_0ece8f0cf30493e9cf439b46fe971323\" id=\"\">\n    <figure class=\"w-1\/2 mx-auto mb-8\"><div class=\"w-full aspect-square\">\n        <img decoding=\"async\" width=\"1\" height=\"1\" src=\"https:\/\/i0.wp.com\/cbpr.center\/app\/uploads\/2023\/11\/Blank.png?fit=1%2C1&amp;ssl=1\" class=\"w-full max-h-full object-center object-contain\" alt=\"\" loading=\"lazy\" \/>\n    <\/div><\/figure>\n    <div class=\"flex-1 w-3\/4 mx-auto \">\n    \n\n<h3 class=\"wp-block-heading\"><\/h3>\n\n\n\n<p style=\"margin-top:0;margin-bottom:0\"><\/p>\n\n\n    <\/div>\n     \n    <div class=\"flex-none w-3\/4 mt-8 mx-auto\"><a href=\"https:\/\/cbpr.center\/research-library\/?post_type=research-library&#038;page=1&#038;research_category=legs\"  target=\"_self\" class=\"btn btn-line-dark\">F\u00e5 reda p\u00e5 mer<\/a><\/div>\n    <\/article><\/div>\n\n\n\n<div class=\"wp-block-column is-vertically-aligned-top is-layout-flow wp-block-column-is-layout-flow\"><article class=\"flex flex-col w-full h-content  items-center text-center lg:px-4 wp-block-card-cta\" data-id=\"block_145260622eacda318761d8305c196a76\" id=\"\">\n    <figure class=\"w-1\/2 mx-auto mb-8\"><div class=\"w-full aspect-square\">\n        <img decoding=\"async\" width=\"1\" height=\"1\" src=\"https:\/\/i0.wp.com\/cbpr.center\/app\/uploads\/2023\/11\/Blank.png?fit=1%2C1&amp;ssl=1\" class=\"w-full max-h-full object-center object-contain\" alt=\"\" loading=\"lazy\" \/>\n    <\/div><\/figure>\n    <div class=\"flex-1 w-3\/4 mx-auto \">\n    \n\n<h3 class=\"wp-block-heading\"><\/h3>\n\n\n\n<p><\/p>\n\n\n    <\/div>\n     \n    <div class=\"flex-none w-3\/4 mt-8 mx-auto\"><a href=\"https:\/\/cbpr.center\/research-library\/?post_type=research-library&#038;page=1&#038;research_category=rehabilitation\"  target=\"_self\" class=\"btn btn-line-dark\">F\u00e5 reda p\u00e5 mer<\/a><\/div>\n    <\/article><\/div>\n\n\n\n<div class=\"wp-block-column is-vertically-aligned-top is-layout-flow wp-container-core-column-is-layout-16 wp-block-column-is-layout-flow\" style=\"padding-top:0;padding-right:0;padding-bottom:0;padding-left:0\"><article class=\"flex flex-col w-full h-content  items-center text-center lg:px-4 wp-block-card-cta\" data-id=\"block_92d39df5790c76579539e9715f00d656\" id=\"\">\n    <figure class=\"w-1\/2 mx-auto mb-8\"><div class=\"w-full aspect-square\">\n        <img decoding=\"async\" width=\"1\" height=\"1\" src=\"https:\/\/i0.wp.com\/cbpr.center\/app\/uploads\/2023\/11\/Blank.png?fit=1%2C1&amp;ssl=1\" class=\"w-full max-h-full object-center object-contain\" alt=\"\" loading=\"lazy\" \/>\n    <\/div><\/figure>\n    <div class=\"flex-1 w-3\/4 mx-auto \">\n    \n\n<h3 class=\"wp-block-heading\"><\/h3>\n\n\n\n<p><\/p>\n\n\n    <\/div>\n     \n    <div class=\"flex-none w-3\/4 mt-8 mx-auto\"><a href=\"https:\/\/cbpr.center\/research-library\/?post_type=research-library&#038;page=1&#038;research_category=pain\"  target=\"_self\" class=\"btn btn-line-dark\">F\u00e5 reda p\u00e5 mer<\/a><\/div>\n    <\/article><\/div>\n<\/div>\n\n\n  <\/div>\n            <\/div>\n        <\/div>\n","protected":false},"excerpt":{"rendered":"<p>I hj\u00e4rtat av v\u00e5rt center finns fyra specialiserade forskningsomr\u00e5den: \u00d6vre extremitet, Nedre extremitet, Neurorehabilitering och Sm\u00e4rta efter amputation. Varje grupp \u00e4r fokuserad p\u00e5 utvecklingen av banbrytande teknologier och behandlingar inom sitt dom\u00e4n. <\/p>\n","protected":false},"author":4,"featured_media":2655,"parent":0,"menu_order":4,"comment_status":"closed","ping_status":"closed","template":"","meta":{"footnotes":""},"class_list":["post-2786","page","type-page","status-publish","has-post-thumbnail","hentry"],"acf":[],"yoast_head":"<!-- This site is optimized with the Yoast SEO plugin v19.14 - https:\/\/yoast.com\/wordpress\/plugins\/seo\/ -->\n<title>Forskningsomr\u00e5den - Center for Bionics and Pain Research<\/title>\n<meta name=\"robots\" content=\"index, follow, max-snippet:-1, max-image-preview:large, max-video-preview:-1\" \/>\n<link rel=\"canonical\" href=\"https:\/\/cbpr.center\/sv\/forskningsomraden\/\" \/>\n<meta property=\"og:locale\" content=\"sv_SE\" \/>\n<meta property=\"og:type\" content=\"article\" \/>\n<meta property=\"og:title\" content=\"Forskningsomr\u00e5den - Center for Bionics and Pain Research\" \/>\n<meta property=\"og:description\" content=\"I hj\u00e4rtat av v\u00e5rt center finns fyra specialiserade forskningsomr\u00e5den: \u00d6vre extremitet, Nedre extremitet, Neurorehabilitering och Sm\u00e4rta efter amputation. Varje grupp \u00e4r fokuserad p\u00e5 utvecklingen av banbrytande teknologier och behandlingar inom sitt dom\u00e4n.\" \/>\n<meta property=\"og:url\" content=\"https:\/\/cbpr.center\/sv\/forskningsomraden\/\" \/>\n<meta property=\"og:site_name\" content=\"Center for Bionics and Pain Research\" \/>\n<meta property=\"article:publisher\" content=\"https:\/\/www.facebook.com\/CBPR.se\" \/>\n<meta property=\"article:modified_time\" content=\"2024-01-22T14:55:36+00:00\" \/>\n<meta property=\"og:image\" content=\"https:\/\/cbpr.center\/app\/uploads\/2023\/12\/Research-Lab-1024x481.png\" \/>\n\t<meta property=\"og:image:width\" content=\"1024\" \/>\n\t<meta property=\"og:image:height\" content=\"481\" \/>\n\t<meta property=\"og:image:type\" content=\"image\/png\" \/>\n<meta name=\"twitter:card\" content=\"summary_large_image\" \/>\n<meta name=\"twitter:site\" content=\"@CBPRse\" \/>\n<meta name=\"twitter:label1\" content=\"Est. reading time\" \/>\n\t<meta name=\"twitter:data1\" content=\"2 minutes\" \/>\n<script type=\"application\/ld+json\" class=\"yoast-schema-graph\">{\"@context\":\"https:\/\/schema.org\",\"@graph\":[{\"@type\":\"WebPage\",\"@id\":\"https:\/\/cbpr.center\/sv\/forskningsomraden\/\",\"url\":\"https:\/\/cbpr.center\/sv\/forskningsomraden\/\",\"name\":\"Forskningsomr\u00e5den - Center for Bionics and Pain Research\",\"isPartOf\":{\"@id\":\"https:\/\/cbpr.center\/sv\/#website\"},\"datePublished\":\"2023-11-22T14:21:03+00:00\",\"dateModified\":\"2024-01-22T14:55:36+00:00\",\"breadcrumb\":{\"@id\":\"https:\/\/cbpr.center\/sv\/forskningsomraden\/#breadcrumb\"},\"inLanguage\":\"sv-SE\",\"potentialAction\":[{\"@type\":\"ReadAction\",\"target\":[\"https:\/\/cbpr.center\/sv\/forskningsomraden\/\"]}]},{\"@type\":\"BreadcrumbList\",\"@id\":\"https:\/\/cbpr.center\/sv\/forskningsomraden\/#breadcrumb\",\"itemListElement\":[{\"@type\":\"ListItem\",\"position\":1,\"name\":\"Home\",\"item\":\"https:\/\/cbpr.center\/sv\/\"},{\"@type\":\"ListItem\",\"position\":2,\"name\":\"Forskningsomr\u00e5den\"}]},{\"@type\":\"WebSite\",\"@id\":\"https:\/\/cbpr.center\/sv\/#website\",\"url\":\"https:\/\/cbpr.center\/sv\/\",\"name\":\"Center for Bionics and Pain Research\",\"description\":\"Technologies that alleviate disability and pain\",\"publisher\":{\"@id\":\"https:\/\/cbpr.center\/sv\/#organization\"},\"potentialAction\":[{\"@type\":\"SearchAction\",\"target\":{\"@type\":\"EntryPoint\",\"urlTemplate\":\"https:\/\/cbpr.center\/sv\/?s={search_term_string}\"},\"query-input\":\"required name=search_term_string\"}],\"inLanguage\":\"sv-SE\"},{\"@type\":\"Organization\",\"@id\":\"https:\/\/cbpr.center\/sv\/#organization\",\"name\":\"Center for Bionics and Pain Research\",\"url\":\"https:\/\/cbpr.center\/sv\/\",\"logo\":{\"@type\":\"ImageObject\",\"inLanguage\":\"sv-SE\",\"@id\":\"https:\/\/cbpr.center\/sv\/#\/schema\/logo\/image\/\",\"url\":\"https:\/\/i0.wp.com\/cbpr.center\/app\/uploads\/2022\/11\/CBPR_Logo_brighter_blue.png?fit=2000%2C678&ssl=1\",\"contentUrl\":\"https:\/\/i0.wp.com\/cbpr.center\/app\/uploads\/2022\/11\/CBPR_Logo_brighter_blue.png?fit=2000%2C678&ssl=1\",\"width\":2000,\"height\":678,\"caption\":\"Center for Bionics and Pain Research\"},\"image\":{\"@id\":\"https:\/\/cbpr.center\/sv\/#\/schema\/logo\/image\/\"},\"sameAs\":[\"https:\/\/www.instagram.com\/cbpr.se\",\"https:\/\/www.linkedin.com\/company\/cbprse\",\"https:\/\/www.tiktok.com\/@cbpr.se\",\"https:\/\/www.facebook.com\/CBPR.se\",\"https:\/\/twitter.com\/CBPRse\"]}]}<\/script>\n<!-- \/ Yoast SEO plugin. -->","yoast_head_json":{"title":"Forskningsomr\u00e5den - Center for Bionics and Pain Research","robots":{"index":"index","follow":"follow","max-snippet":"max-snippet:-1","max-image-preview":"max-image-preview:large","max-video-preview":"max-video-preview:-1"},"canonical":"https:\/\/cbpr.center\/sv\/forskningsomraden\/","og_locale":"sv_SE","og_type":"article","og_title":"Forskningsomr\u00e5den - Center for Bionics and Pain Research","og_description":"I hj\u00e4rtat av v\u00e5rt center finns fyra specialiserade forskningsomr\u00e5den: \u00d6vre extremitet, Nedre extremitet, Neurorehabilitering och Sm\u00e4rta efter amputation. Varje grupp \u00e4r fokuserad p\u00e5 utvecklingen av banbrytande teknologier och behandlingar inom sitt dom\u00e4n.","og_url":"https:\/\/cbpr.center\/sv\/forskningsomraden\/","og_site_name":"Center for Bionics and Pain Research","article_publisher":"https:\/\/www.facebook.com\/CBPR.se","article_modified_time":"2024-01-22T14:55:36+00:00","og_image":[{"width":1024,"height":481,"url":"https:\/\/cbpr.center\/app\/uploads\/2023\/12\/Research-Lab-1024x481.png","type":"image\/png"}],"twitter_card":"summary_large_image","twitter_site":"@CBPRse","twitter_misc":{"Est. reading time":"2 minutes"},"schema":{"@context":"https:\/\/schema.org","@graph":[{"@type":"WebPage","@id":"https:\/\/cbpr.center\/sv\/forskningsomraden\/","url":"https:\/\/cbpr.center\/sv\/forskningsomraden\/","name":"Forskningsomr\u00e5den - Center for Bionics and Pain Research","isPartOf":{"@id":"https:\/\/cbpr.center\/sv\/#website"},"datePublished":"2023-11-22T14:21:03+00:00","dateModified":"2024-01-22T14:55:36+00:00","breadcrumb":{"@id":"https:\/\/cbpr.center\/sv\/forskningsomraden\/#breadcrumb"},"inLanguage":"sv-SE","potentialAction":[{"@type":"ReadAction","target":["https:\/\/cbpr.center\/sv\/forskningsomraden\/"]}]},{"@type":"BreadcrumbList","@id":"https:\/\/cbpr.center\/sv\/forskningsomraden\/#breadcrumb","itemListElement":[{"@type":"ListItem","position":1,"name":"Home","item":"https:\/\/cbpr.center\/sv\/"},{"@type":"ListItem","position":2,"name":"Forskningsomr\u00e5den"}]},{"@type":"WebSite","@id":"https:\/\/cbpr.center\/sv\/#website","url":"https:\/\/cbpr.center\/sv\/","name":"Center for Bionics and Pain Research","description":"Technologies that alleviate disability and pain","publisher":{"@id":"https:\/\/cbpr.center\/sv\/#organization"},"potentialAction":[{"@type":"SearchAction","target":{"@type":"EntryPoint","urlTemplate":"https:\/\/cbpr.center\/sv\/?s={search_term_string}"},"query-input":"required name=search_term_string"}],"inLanguage":"sv-SE"},{"@type":"Organization","@id":"https:\/\/cbpr.center\/sv\/#organization","name":"Center for Bionics and Pain Research","url":"https:\/\/cbpr.center\/sv\/","logo":{"@type":"ImageObject","inLanguage":"sv-SE","@id":"https:\/\/cbpr.center\/sv\/#\/schema\/logo\/image\/","url":"https:\/\/i0.wp.com\/cbpr.center\/app\/uploads\/2022\/11\/CBPR_Logo_brighter_blue.png?fit=2000%2C678&ssl=1","contentUrl":"https:\/\/i0.wp.com\/cbpr.center\/app\/uploads\/2022\/11\/CBPR_Logo_brighter_blue.png?fit=2000%2C678&ssl=1","width":2000,"height":678,"caption":"Center for Bionics and Pain Research"},"image":{"@id":"https:\/\/cbpr.center\/sv\/#\/schema\/logo\/image\/"},"sameAs":["https:\/\/www.instagram.com\/cbpr.se","https:\/\/www.linkedin.com\/company\/cbprse","https:\/\/www.tiktok.com\/@cbpr.se","https:\/\/www.facebook.com\/CBPR.se","https:\/\/twitter.com\/CBPRse"]}]}},"jetpack_sharing_enabled":true,"_links":{"self":[{"href":"https:\/\/cbpr.center\/sv\/wp-json\/wp\/v2\/pages\/2786","targetHints":{"allow":["GET"]}}],"collection":[{"href":"https:\/\/cbpr.center\/sv\/wp-json\/wp\/v2\/pages"}],"about":[{"href":"https:\/\/cbpr.center\/sv\/wp-json\/wp\/v2\/types\/page"}],"author":[{"embeddable":true,"href":"https:\/\/cbpr.center\/sv\/wp-json\/wp\/v2\/users\/4"}],"replies":[{"embeddable":true,"href":"https:\/\/cbpr.center\/sv\/wp-json\/wp\/v2\/comments?post=2786"}],"version-history":[{"count":2,"href":"https:\/\/cbpr.center\/sv\/wp-json\/wp\/v2\/pages\/2786\/revisions"}],"predecessor-version":[{"id":2788,"href":"https:\/\/cbpr.center\/sv\/wp-json\/wp\/v2\/pages\/2786\/revisions\/2788"}],"wp:featuredmedia":[{"embeddable":true,"href":"https:\/\/cbpr.center\/sv\/wp-json\/wp\/v2\/media\/2655"}],"wp:attachment":[{"href":"https:\/\/cbpr.center\/sv\/wp-json\/wp\/v2\/media?parent=2786"}],"curies":[{"name":"wp","href":"https:\/\/api.w.org\/{rel}","templated":true}]}}