{"id":490,"date":"2022-11-18T10:32:38","date_gmt":"2022-11-18T09:32:38","guid":{"rendered":"https:\/\/cbpr.center\/om-oss\/"},"modified":"2023-11-02T10:34:30","modified_gmt":"2023-11-02T09:34:30","slug":"om-oss","status":"publish","type":"page","link":"https:\/\/cbpr.center\/sv\/om-oss\/","title":{"rendered":"V\u00e5r resa"},"content":{"rendered":"<div class=\"polybottom has-bg-wave  wp-block-section alignfull is-style-blue\" data-id=\"block_0d8ecb2ea7267c9f56473c9db7765847\" id=\"\">\n                    <div class=\"container grid-base pt-16 2xl:pt-20\">\n                    <div class=\"col-span-12 md:col-span-10 md:col-start-2 2xl:col-span-8 2xl:col-start-3\">\n                        <div>\n    \n\n<h2 class=\"wp-block-heading has-text-align-center\">Hur tog vi oss hit?<\/h2>\n\n\n\n<p class=\"has-text-align-center has-lg-font-size\">V\u00e5r resa b\u00f6rjade med professor Max Ortiz Catalans avhandling (Towards Natural Control of Artificial Limbs) 2014. Vi har v\u00e4xt ifr\u00e5n Biomechatronics and Neurorehabilitation Laboratory (BNL) till Center for Bionics and Pain Research (CBPR). Vi \u00e4r en multidisciplin\u00e4r grupp av kirurger, ingenj\u00f6rer, terapeuter och datavetare i ett unikt forskningscentrum som omfattar Chalmers tekniska h\u00f6gskola, Sahlgrenska universitetssjukhuset och G\u00f6teborgs universitet. <\/p>\n\n\n  <\/div>\n                    <\/div>\n                <\/div>\n        <\/div>\n<div class=\"polybottom wp-block-section alignfull\" data-id=\"block_020abc3ef145750aa55ecaa35c577938\" id=\"\">\n                <div class=\"container\">\n                <div>\n    \n\n<h3 class=\"wp-block-heading has-text-align-center\" style=\"margin-bottom:var(--wp--preset--spacing--80)\">Tidslinje f\u00f6r vetenskapliga genombrott<\/h3>\n\n\n<section class=\"wp-block-timeline align-text-left is-position-top\" data-id=\"block_26192be926be7f7ce70fd51716413efd\">\n        \n        <div id=\"nonumbers\" class=\"splide\">\n            <div class=\"splide__track !h-[480px]\">\n                <div class=\"splide__list\">\n                \n<article class=\"splide__slide  pl-12  wp-block-timeline-item\" data-id=\"block_b623dbebc789d2094ca2cf8c073cea8a\" style=\"height:480px;\">\n    <div class=\" h-full flex flex-col py-10 lg:py-10 lg:flex-row \">\n        <div class=\" h-full lg:flex-none lg:w-1\/2   flex flex-col justify-center items-start\">\n            <div class=\"relative w-full max-w-md mx-auto  relative  h-full flex flex-col justify-center items-start\">\n                <div class=\"absolute text-pale-blue text-9xl font-bold z-[-1] top-0 lg:-left-4 xl:-left-8 leading-none\">\n                    2013\n                <\/div>\n                <div>\n  \n\n<h4 class=\"wp-block-heading\">BNL laboratoriet grundades 2013<\/h4>\n\n\n\n<p>Professor Max Ortiz Catalan startade BNL med endast en doktorand och blygsam finansiering men med h\u00f6ga ambitioner!<\/p>\n\n\n  <\/div>\n            <\/div>\n        <\/div>\n        <div class=\"hidden lg:flex lg:flex-none lg:w-1\/2 pl-5 \">\n            <div class=\"w-full aspect-video\">\n                <img loading=\"lazy\" decoding=\"async\" width=\"909\" height=\"600\" src=\"https:\/\/i0.wp.com\/cbpr.center\/app\/uploads\/2023\/06\/WebsiteTimeline01.jpg?fit=909%2C600&amp;ssl=1\" class=\"w-full h-full max-h-full object-scale-down\" alt=\"Neurorehabilitation\" srcset=\"https:\/\/i0.wp.com\/cbpr.center\/app\/uploads\/2023\/06\/WebsiteTimeline01.jpg?w=909&amp;ssl=1 909w, https:\/\/i0.wp.com\/cbpr.center\/app\/uploads\/2023\/06\/WebsiteTimeline01.jpg?resize=300%2C198&amp;ssl=1 300w, https:\/\/i0.wp.com\/cbpr.center\/app\/uploads\/2023\/06\/WebsiteTimeline01.jpg?resize=768%2C507&amp;ssl=1 768w\" sizes=\"auto, (max-width: 909px) 100vw, 909px\" \/>\n            <\/div>\n        <\/div>\n    <\/div>\n<\/article>\n\n<article class=\"splide__slide  pl-12  wp-block-timeline-item\" data-id=\"block_435b8b161f790f4d1ae5e3779efb2aeb\" style=\"height:480px;\">\n    <div class=\" h-full flex flex-col py-10 lg:py-10 lg:flex-row \">\n        <div class=\" h-full lg:flex-none lg:w-1\/2   flex flex-col justify-center items-start\">\n            <div class=\"relative w-full max-w-md mx-auto  relative  h-full flex flex-col justify-center items-start\">\n                <div class=\"absolute text-pale-blue text-9xl font-bold z-[-1] top-0 lg:-left-4 xl:-left-8 leading-none\">\n                    2013\n                <\/div>\n                <div>\n  \n\n<h4 class=\"wp-block-heading\">F\u00f6rsta transhumeral amputationsanv\u00e4ndare implanterad, 2013<\/h4>\n\n\n\n<p>F\u00f6rsta implementeringen i m\u00e4nniska av ett nytt koncept f\u00f6r artificiella proteser som \u00e4r kopplade till patientens nerver, muskler och skelett<\/p>\n\n\n  <\/div>\n            <\/div>\n        <\/div>\n        <div class=\"hidden lg:flex lg:flex-none lg:w-1\/2 pl-5 \">\n            <div class=\"w-full aspect-video\">\n                <img loading=\"lazy\" decoding=\"async\" width=\"909\" height=\"600\" src=\"https:\/\/i0.wp.com\/cbpr.center\/app\/uploads\/2023\/06\/WebsiteTimeline02.jpg?fit=909%2C600&amp;ssl=1\" class=\"w-full h-full max-h-full object-scale-down\" alt=\"Transhumeral amputatee\" srcset=\"https:\/\/i0.wp.com\/cbpr.center\/app\/uploads\/2023\/06\/WebsiteTimeline02.jpg?w=909&amp;ssl=1 909w, https:\/\/i0.wp.com\/cbpr.center\/app\/uploads\/2023\/06\/WebsiteTimeline02.jpg?resize=300%2C198&amp;ssl=1 300w, https:\/\/i0.wp.com\/cbpr.center\/app\/uploads\/2023\/06\/WebsiteTimeline02.jpg?resize=768%2C507&amp;ssl=1 768w\" sizes=\"auto, (max-width: 909px) 100vw, 909px\" \/>\n            <\/div>\n        <\/div>\n    <\/div>\n<\/article>\n\n<article class=\"splide__slide  pl-12  wp-block-timeline-item\" data-id=\"block_85ddb9650fa2b08c687aafb2522b034b\" style=\"height:480px;\">\n    <div class=\" h-full flex flex-col py-10 lg:py-10 lg:flex-row \">\n        <div class=\" h-full lg:flex-none lg:w-1\/2   flex flex-col justify-center items-start\">\n            <div class=\"relative w-full max-w-md mx-auto  relative  h-full flex flex-col justify-center items-start\">\n                <div class=\"absolute text-pale-blue text-9xl font-bold z-[-1] top-0 lg:-left-4 xl:-left-8 leading-none\">\n                    2016\n                <\/div>\n                <div>\n  \n\n<h4 class=\"wp-block-heading\">F\u00f6rsta kliniska pr\u00f6vningen f\u00f6r fantomsm\u00e4rtor, 2016<\/h4>\n\n\n\n<p>Vi visar att en behandling kallad \u201dPhantom Motor Execution\u201d (PME) minskar sm\u00e4rta hos patienter med kronisk sv\u00e5rbehandlad fantomsm\u00e4rta.<\/p>\n\n\n  <\/div>\n            <\/div>\n        <\/div>\n        <div class=\"hidden lg:flex lg:flex-none lg:w-1\/2 pl-5 \">\n            <div class=\"w-full aspect-video\">\n                <img loading=\"lazy\" decoding=\"async\" width=\"909\" height=\"600\" src=\"https:\/\/i0.wp.com\/cbpr.center\/app\/uploads\/2023\/06\/WebsiteTimeline03a.jpg?fit=909%2C600&amp;ssl=1\" class=\"w-full h-full max-h-full object-scale-down\" alt=\"Brain hj\u00e4rnen\" srcset=\"https:\/\/i0.wp.com\/cbpr.center\/app\/uploads\/2023\/06\/WebsiteTimeline03a.jpg?w=909&amp;ssl=1 909w, https:\/\/i0.wp.com\/cbpr.center\/app\/uploads\/2023\/06\/WebsiteTimeline03a.jpg?resize=300%2C198&amp;ssl=1 300w, https:\/\/i0.wp.com\/cbpr.center\/app\/uploads\/2023\/06\/WebsiteTimeline03a.jpg?resize=768%2C507&amp;ssl=1 768w\" sizes=\"auto, (max-width: 909px) 100vw, 909px\" \/>\n            <\/div>\n        <\/div>\n    <\/div>\n<\/article>\n\n<article class=\"splide__slide  pl-12  wp-block-timeline-item\" data-id=\"block_d4dd00107b15fe33fffafcf68d4caa13\" style=\"height:480px;\">\n    <div class=\" h-full flex flex-col py-10 lg:py-10 lg:flex-row \">\n        <div class=\" h-full lg:flex-none lg:w-1\/2   flex flex-col justify-center items-start\">\n            <div class=\"relative w-full max-w-md mx-auto  relative  h-full flex flex-col justify-center items-start\">\n                <div class=\"absolute text-pale-blue text-9xl font-bold z-[-1] top-0 lg:-left-4 xl:-left-8 leading-none\">\n                    2016\n                <\/div>\n                <div>\n  \n\n<h4 class=\"wp-block-heading\">First Cybathalon competition, 2016<\/h4>\n\n\n\n<p>CBPR entered the internationally acclaimed Cybalthalon competition with the first ever neuromusculo skeletal (transhumeral) participant Uniquely he competed using the bionic arm that he uses is every day life rather than one created especially for the competition. <\/p>\n\n\n  <\/div>\n            <\/div>\n        <\/div>\n        <div class=\"hidden lg:flex lg:flex-none lg:w-1\/2 pl-5 \">\n            <div class=\"w-full aspect-video\">\n                <img loading=\"lazy\" decoding=\"async\" width=\"1024\" height=\"768\" src=\"https:\/\/i0.wp.com\/cbpr.center\/app\/uploads\/2023\/05\/ETH_Cybathlon22_ARM_36-scaled.jpg?fit=1024%2C768&amp;ssl=1\" class=\"w-full h-full max-h-full object-scale-down\" alt=\"extremity amputation\" srcset=\"https:\/\/i0.wp.com\/cbpr.center\/app\/uploads\/2023\/05\/ETH_Cybathlon22_ARM_36-scaled.jpg?w=2560&amp;ssl=1 2560w, https:\/\/i0.wp.com\/cbpr.center\/app\/uploads\/2023\/05\/ETH_Cybathlon22_ARM_36-scaled.jpg?resize=300%2C225&amp;ssl=1 300w, https:\/\/i0.wp.com\/cbpr.center\/app\/uploads\/2023\/05\/ETH_Cybathlon22_ARM_36-scaled.jpg?resize=1024%2C768&amp;ssl=1 1024w, https:\/\/i0.wp.com\/cbpr.center\/app\/uploads\/2023\/05\/ETH_Cybathlon22_ARM_36-scaled.jpg?resize=768%2C576&amp;ssl=1 768w, https:\/\/i0.wp.com\/cbpr.center\/app\/uploads\/2023\/05\/ETH_Cybathlon22_ARM_36-scaled.jpg?resize=1536%2C1152&amp;ssl=1 1536w, https:\/\/i0.wp.com\/cbpr.center\/app\/uploads\/2023\/05\/ETH_Cybathlon22_ARM_36-scaled.jpg?resize=2048%2C1536&amp;ssl=1 2048w\" sizes=\"auto, (max-width: 1000px) 100vw, 1000px\" \/>\n            <\/div>\n        <\/div>\n    <\/div>\n<\/article>\n\n<article class=\"splide__slide  pl-12  wp-block-timeline-item\" data-id=\"block_a5de55785b179475cad1af1bdb4eb09e\" style=\"height:480px;\">\n    <div class=\" h-full flex flex-col py-10 lg:py-10 lg:flex-row \">\n        <div class=\" h-full lg:flex-none lg:w-1\/2   flex flex-col justify-center items-start\">\n            <div class=\"relative w-full max-w-md mx-auto  relative  h-full flex flex-col justify-center items-start\">\n                <div class=\"absolute text-pale-blue text-9xl font-bold z-[-1] top-0 lg:-left-4 xl:-left-8 leading-none\">\n                    2017\n                <\/div>\n                <div>\n  \n\n<h4 class=\"wp-block-heading\">Styrenhet f\u00f6r artificiell protes, 2017<\/h4>\n\n\n\n<p>Vi sl\u00e4ppte den f\u00f6rsta versionen av en dubbelriktad styrenhet f\u00f6r proteser. Den bearbetade muskelsignaler f\u00f6r att kontrollera handen och skickade tillbaka signaler till kroppen som upplevs som en k\u00e4nsla av ber\u00f6ring.<\/p>\n\n\n  <\/div>\n            <\/div>\n        <\/div>\n        <div class=\"hidden lg:flex lg:flex-none lg:w-1\/2 pl-5 \">\n            <div class=\"w-full aspect-video\">\n                <img loading=\"lazy\" decoding=\"async\" width=\"909\" height=\"600\" src=\"https:\/\/i0.wp.com\/cbpr.center\/app\/uploads\/2023\/06\/WebsiteTimeline04.jpg?fit=909%2C600&amp;ssl=1\" class=\"w-full h-full max-h-full object-scale-down\" alt=\"ALC amputation av \u00f6vre extremitet\" srcset=\"https:\/\/i0.wp.com\/cbpr.center\/app\/uploads\/2023\/06\/WebsiteTimeline04.jpg?w=909&amp;ssl=1 909w, https:\/\/i0.wp.com\/cbpr.center\/app\/uploads\/2023\/06\/WebsiteTimeline04.jpg?resize=300%2C198&amp;ssl=1 300w, https:\/\/i0.wp.com\/cbpr.center\/app\/uploads\/2023\/06\/WebsiteTimeline04.jpg?resize=768%2C507&amp;ssl=1 768w\" sizes=\"auto, (max-width: 909px) 100vw, 909px\" \/>\n            <\/div>\n        <\/div>\n    <\/div>\n<\/article>\n\n<article class=\"splide__slide  pl-12  wp-block-timeline-item\" data-id=\"block_311605b35e52a91feaeaaee20d6ec7de\" style=\"height:480px;\">\n    <div class=\" h-full flex flex-col py-10 lg:py-10 lg:flex-row \">\n        <div class=\" h-full lg:flex-none lg:w-1\/2   flex flex-col justify-center items-start\">\n            <div class=\"relative w-full max-w-md mx-auto  relative  h-full flex flex-col justify-center items-start\">\n                <div class=\"absolute text-pale-blue text-9xl font-bold z-[-1] top-0 lg:-left-4 xl:-left-8 leading-none\">\n                    2018\n                <\/div>\n                <div>\n  \n\n<h4 class=\"wp-block-heading\">Hypotesen &#8220;Stochastic Entanglement &amp; Phantom Motor Execution&#8221;, 2018<\/h4>\n\n\n\n<p>Vi f\u00f6resl\u00e5r en ny teoretisk hypotes f\u00f6r uppkomsten och behandlingen av fantomsm\u00e4rta.<\/p>\n\n\n  <\/div>\n            <\/div>\n        <\/div>\n        <div class=\"hidden lg:flex lg:flex-none lg:w-1\/2 pl-5 \">\n            <div class=\"w-full aspect-video\">\n                <img loading=\"lazy\" decoding=\"async\" width=\"909\" height=\"600\" src=\"https:\/\/i0.wp.com\/cbpr.center\/app\/uploads\/2023\/06\/WebsiteTimeline05.jpg?fit=909%2C600&amp;ssl=1\" class=\"w-full h-full max-h-full object-scale-down\" alt=\"hj\u00e4rnan plp\" srcset=\"https:\/\/i0.wp.com\/cbpr.center\/app\/uploads\/2023\/06\/WebsiteTimeline05.jpg?w=909&amp;ssl=1 909w, https:\/\/i0.wp.com\/cbpr.center\/app\/uploads\/2023\/06\/WebsiteTimeline05.jpg?resize=300%2C198&amp;ssl=1 300w, https:\/\/i0.wp.com\/cbpr.center\/app\/uploads\/2023\/06\/WebsiteTimeline05.jpg?resize=768%2C507&amp;ssl=1 768w\" sizes=\"auto, (max-width: 909px) 100vw, 909px\" \/>\n            <\/div>\n        <\/div>\n    <\/div>\n<\/article>\n\n<article class=\"splide__slide  pl-12  wp-block-timeline-item\" data-id=\"block_65ad13e5c9b62e1be453e2e755ea9f4d\" style=\"height:480px;\">\n    <div class=\" h-full flex flex-col py-10 lg:py-10 lg:flex-row \">\n        <div class=\" h-full lg:flex-none lg:w-1\/2   flex flex-col justify-center items-start\">\n            <div class=\"relative w-full max-w-md mx-auto  relative  h-full flex flex-col justify-center items-start\">\n                <div class=\"absolute text-pale-blue text-9xl font-bold z-[-1] top-0 lg:-left-4 xl:-left-8 leading-none\">\n                    2020\n                <\/div>\n                <div>\n  \n\n<h4 class=\"wp-block-heading\">Center for Bionics &amp; Pain Research grundas, 2020<\/h4>\n\n\n\n<p>CBPR v\u00e4xer fr\u00e5n BNL till ett forskningscenter och flyttar in p\u00e5 Sahlgrenska Universitetssjukhuset i M\u00f6lndal.<\/p>\n\n\n  <\/div>\n            <\/div>\n        <\/div>\n        <div class=\"hidden lg:flex lg:flex-none lg:w-1\/2 pl-5 \">\n            <div class=\"w-full aspect-video\">\n                <img loading=\"lazy\" decoding=\"async\" width=\"909\" height=\"600\" src=\"https:\/\/i0.wp.com\/cbpr.center\/app\/uploads\/2023\/06\/WebsiteTimeline06.jpg?fit=909%2C600&amp;ssl=1\" class=\"w-full h-full max-h-full object-scale-down\" alt=\"bionics research\" srcset=\"https:\/\/i0.wp.com\/cbpr.center\/app\/uploads\/2023\/06\/WebsiteTimeline06.jpg?w=909&amp;ssl=1 909w, https:\/\/i0.wp.com\/cbpr.center\/app\/uploads\/2023\/06\/WebsiteTimeline06.jpg?resize=300%2C198&amp;ssl=1 300w, https:\/\/i0.wp.com\/cbpr.center\/app\/uploads\/2023\/06\/WebsiteTimeline06.jpg?resize=768%2C507&amp;ssl=1 768w\" sizes=\"auto, (max-width: 909px) 100vw, 909px\" \/>\n            <\/div>\n        <\/div>\n    <\/div>\n<\/article>\n\n<article class=\"splide__slide  pl-12  wp-block-timeline-item\" data-id=\"block_017e2c25c37e6700beb6806aa172c1af\" style=\"height:480px;\">\n    <div class=\" h-full flex flex-col py-10 lg:py-10 lg:flex-row \">\n        <div class=\" h-full lg:flex-none lg:w-1\/2   flex flex-col justify-center items-start\">\n            <div class=\"relative w-full max-w-md mx-auto  relative  h-full flex flex-col justify-center items-start\">\n                <div class=\"absolute text-pale-blue text-9xl font-bold z-[-1] top-0 lg:-left-4 xl:-left-8 leading-none\">\n                    2021\n                <\/div>\n                <div>\n  \n\n<h4 class=\"wp-block-heading\">F\u00f6rsta konferensen om fantomsm\u00e4rta och CBPR Symposium, 2021<\/h4>\n\n\n\n<p>CBPR anordnar v\u00e4rldens f\u00f6rsta konferens om fantomsm\u00e4rtor med internationellt k\u00e4nda experter inom omr\u00e5det.<\/p>\n\n\n  <\/div>\n            <\/div>\n        <\/div>\n        <div class=\"hidden lg:flex lg:flex-none lg:w-1\/2 pl-5 \">\n            <div class=\"w-full aspect-video\">\n                <img loading=\"lazy\" decoding=\"async\" width=\"909\" height=\"600\" src=\"https:\/\/i0.wp.com\/cbpr.center\/app\/uploads\/2023\/06\/WebsiteTimeline07.jpg?fit=909%2C600&amp;ssl=1\" class=\"w-full h-full max-h-full object-scale-down\" alt=\"Phantom limb pain\" srcset=\"https:\/\/i0.wp.com\/cbpr.center\/app\/uploads\/2023\/06\/WebsiteTimeline07.jpg?w=909&amp;ssl=1 909w, https:\/\/i0.wp.com\/cbpr.center\/app\/uploads\/2023\/06\/WebsiteTimeline07.jpg?resize=300%2C198&amp;ssl=1 300w, https:\/\/i0.wp.com\/cbpr.center\/app\/uploads\/2023\/06\/WebsiteTimeline07.jpg?resize=768%2C507&amp;ssl=1 768w\" sizes=\"auto, (max-width: 909px) 100vw, 909px\" \/>\n            <\/div>\n        <\/div>\n    <\/div>\n<\/article>\n\n                <\/div>\n            <\/div>\n        <\/div>\n    <\/section>\n\n\n  <\/div>\n            <\/div>\n        <\/div>\n","protected":false},"excerpt":{"rendered":"<p>Vi \u00e4r en dynamisk, motiverad, internationell och multidisciplin\u00e4r forskargrupp med h\u00f6gt tempo. Vi kommer fr\u00e5n m\u00e5nga olika professionella v\u00e4gar, men vi f\u00f6renas i utmaningen att \u00e5terst\u00e4lla funktionen och lindra sm\u00e4rta p\u00e5 grund av sensorimotorisk funktionsneds\u00e4ttning.<\/p>\n","protected":false},"author":1,"featured_media":1490,"parent":0,"menu_order":14,"comment_status":"closed","ping_status":"closed","template":"","meta":{"footnotes":""},"class_list":["post-490","page","type-page","status-publish","has-post-thumbnail","hentry"],"acf":[],"yoast_head":"<!-- This site is optimized with the Yoast SEO plugin v19.14 - https:\/\/yoast.com\/wordpress\/plugins\/seo\/ -->\n<title>V\u00e5r resa - Center for Bionics and Pain Research<\/title>\n<meta name=\"robots\" content=\"index, follow, max-snippet:-1, max-image-preview:large, max-video-preview:-1\" \/>\n<link rel=\"canonical\" href=\"https:\/\/cbpr.center\/sv\/om-oss\/\" \/>\n<meta property=\"og:locale\" content=\"sv_SE\" \/>\n<meta property=\"og:type\" content=\"article\" \/>\n<meta property=\"og:title\" content=\"V\u00e5r resa - Center for Bionics and Pain Research\" \/>\n<meta property=\"og:description\" content=\"Vi \u00e4r en dynamisk, motiverad, internationell och multidisciplin\u00e4r forskargrupp med h\u00f6gt tempo. Vi kommer fr\u00e5n m\u00e5nga olika professionella v\u00e4gar, men vi f\u00f6renas i utmaningen att \u00e5terst\u00e4lla funktionen och lindra sm\u00e4rta p\u00e5 grund av sensorimotorisk funktionsneds\u00e4ttning.\" \/>\n<meta property=\"og:url\" content=\"https:\/\/cbpr.center\/sv\/om-oss\/\" \/>\n<meta property=\"og:site_name\" content=\"Center for Bionics and Pain Research\" \/>\n<meta property=\"article:publisher\" content=\"https:\/\/www.facebook.com\/CBPR.se\" \/>\n<meta property=\"article:modified_time\" content=\"2023-11-02T09:34:30+00:00\" \/>\n<meta property=\"og:image\" content=\"https:\/\/cbpr.center\/app\/uploads\/2023\/05\/lab-coat-shot-scaled-1.jpg\" \/>\n\t<meta property=\"og:image:width\" content=\"2558\" \/>\n\t<meta property=\"og:image:height\" content=\"1440\" \/>\n\t<meta property=\"og:image:type\" content=\"image\/jpeg\" \/>\n<meta name=\"twitter:card\" content=\"summary_large_image\" \/>\n<meta name=\"twitter:site\" content=\"@CBPRse\" \/>\n<meta name=\"twitter:label1\" content=\"Est. reading time\" \/>\n\t<meta name=\"twitter:data1\" content=\"2 minutes\" \/>\n<script type=\"application\/ld+json\" class=\"yoast-schema-graph\">{\"@context\":\"https:\/\/schema.org\",\"@graph\":[{\"@type\":\"WebPage\",\"@id\":\"https:\/\/cbpr.center\/sv\/om-oss\/\",\"url\":\"https:\/\/cbpr.center\/sv\/om-oss\/\",\"name\":\"V\u00e5r resa - Center for Bionics and Pain Research\",\"isPartOf\":{\"@id\":\"https:\/\/cbpr.center\/sv\/#website\"},\"datePublished\":\"2022-11-18T09:32:38+00:00\",\"dateModified\":\"2023-11-02T09:34:30+00:00\",\"breadcrumb\":{\"@id\":\"https:\/\/cbpr.center\/sv\/om-oss\/#breadcrumb\"},\"inLanguage\":\"sv-SE\",\"potentialAction\":[{\"@type\":\"ReadAction\",\"target\":[\"https:\/\/cbpr.center\/sv\/om-oss\/\"]}]},{\"@type\":\"BreadcrumbList\",\"@id\":\"https:\/\/cbpr.center\/sv\/om-oss\/#breadcrumb\",\"itemListElement\":[{\"@type\":\"ListItem\",\"position\":1,\"name\":\"Home\",\"item\":\"https:\/\/cbpr.center\/sv\/\"},{\"@type\":\"ListItem\",\"position\":2,\"name\":\"V\u00e5r resa\"}]},{\"@type\":\"WebSite\",\"@id\":\"https:\/\/cbpr.center\/sv\/#website\",\"url\":\"https:\/\/cbpr.center\/sv\/\",\"name\":\"Center for Bionics and Pain Research\",\"description\":\"Technologies that alleviate disability and pain\",\"publisher\":{\"@id\":\"https:\/\/cbpr.center\/sv\/#organization\"},\"potentialAction\":[{\"@type\":\"SearchAction\",\"target\":{\"@type\":\"EntryPoint\",\"urlTemplate\":\"https:\/\/cbpr.center\/sv\/?s={search_term_string}\"},\"query-input\":\"required name=search_term_string\"}],\"inLanguage\":\"sv-SE\"},{\"@type\":\"Organization\",\"@id\":\"https:\/\/cbpr.center\/sv\/#organization\",\"name\":\"Center for Bionics and Pain Research\",\"url\":\"https:\/\/cbpr.center\/sv\/\",\"logo\":{\"@type\":\"ImageObject\",\"inLanguage\":\"sv-SE\",\"@id\":\"https:\/\/cbpr.center\/sv\/#\/schema\/logo\/image\/\",\"url\":\"https:\/\/i0.wp.com\/cbpr.center\/app\/uploads\/2022\/11\/CBPR_Logo_brighter_blue.png?fit=2000%2C678&ssl=1\",\"contentUrl\":\"https:\/\/i0.wp.com\/cbpr.center\/app\/uploads\/2022\/11\/CBPR_Logo_brighter_blue.png?fit=2000%2C678&ssl=1\",\"width\":2000,\"height\":678,\"caption\":\"Center for Bionics and Pain Research\"},\"image\":{\"@id\":\"https:\/\/cbpr.center\/sv\/#\/schema\/logo\/image\/\"},\"sameAs\":[\"https:\/\/www.instagram.com\/cbpr.se\",\"https:\/\/www.linkedin.com\/company\/cbprse\",\"https:\/\/www.tiktok.com\/@cbpr.se\",\"https:\/\/www.facebook.com\/CBPR.se\",\"https:\/\/twitter.com\/CBPRse\"]}]}<\/script>\n<!-- \/ Yoast SEO plugin. -->","yoast_head_json":{"title":"V\u00e5r resa - Center for Bionics and Pain Research","robots":{"index":"index","follow":"follow","max-snippet":"max-snippet:-1","max-image-preview":"max-image-preview:large","max-video-preview":"max-video-preview:-1"},"canonical":"https:\/\/cbpr.center\/sv\/om-oss\/","og_locale":"sv_SE","og_type":"article","og_title":"V\u00e5r resa - Center for Bionics and Pain Research","og_description":"Vi \u00e4r en dynamisk, motiverad, internationell och multidisciplin\u00e4r forskargrupp med h\u00f6gt tempo. Vi kommer fr\u00e5n m\u00e5nga olika professionella v\u00e4gar, men vi f\u00f6renas i utmaningen att \u00e5terst\u00e4lla funktionen och lindra sm\u00e4rta p\u00e5 grund av sensorimotorisk funktionsneds\u00e4ttning.","og_url":"https:\/\/cbpr.center\/sv\/om-oss\/","og_site_name":"Center for Bionics and Pain Research","article_publisher":"https:\/\/www.facebook.com\/CBPR.se","article_modified_time":"2023-11-02T09:34:30+00:00","og_image":[{"width":2558,"height":1440,"url":"https:\/\/cbpr.center\/app\/uploads\/2023\/05\/lab-coat-shot-scaled-1.jpg","type":"image\/jpeg"}],"twitter_card":"summary_large_image","twitter_site":"@CBPRse","twitter_misc":{"Est. reading time":"2 minutes"},"schema":{"@context":"https:\/\/schema.org","@graph":[{"@type":"WebPage","@id":"https:\/\/cbpr.center\/sv\/om-oss\/","url":"https:\/\/cbpr.center\/sv\/om-oss\/","name":"V\u00e5r resa - Center for Bionics and Pain Research","isPartOf":{"@id":"https:\/\/cbpr.center\/sv\/#website"},"datePublished":"2022-11-18T09:32:38+00:00","dateModified":"2023-11-02T09:34:30+00:00","breadcrumb":{"@id":"https:\/\/cbpr.center\/sv\/om-oss\/#breadcrumb"},"inLanguage":"sv-SE","potentialAction":[{"@type":"ReadAction","target":["https:\/\/cbpr.center\/sv\/om-oss\/"]}]},{"@type":"BreadcrumbList","@id":"https:\/\/cbpr.center\/sv\/om-oss\/#breadcrumb","itemListElement":[{"@type":"ListItem","position":1,"name":"Home","item":"https:\/\/cbpr.center\/sv\/"},{"@type":"ListItem","position":2,"name":"V\u00e5r resa"}]},{"@type":"WebSite","@id":"https:\/\/cbpr.center\/sv\/#website","url":"https:\/\/cbpr.center\/sv\/","name":"Center for Bionics and Pain Research","description":"Technologies that alleviate disability and pain","publisher":{"@id":"https:\/\/cbpr.center\/sv\/#organization"},"potentialAction":[{"@type":"SearchAction","target":{"@type":"EntryPoint","urlTemplate":"https:\/\/cbpr.center\/sv\/?s={search_term_string}"},"query-input":"required name=search_term_string"}],"inLanguage":"sv-SE"},{"@type":"Organization","@id":"https:\/\/cbpr.center\/sv\/#organization","name":"Center for Bionics and Pain Research","url":"https:\/\/cbpr.center\/sv\/","logo":{"@type":"ImageObject","inLanguage":"sv-SE","@id":"https:\/\/cbpr.center\/sv\/#\/schema\/logo\/image\/","url":"https:\/\/i0.wp.com\/cbpr.center\/app\/uploads\/2022\/11\/CBPR_Logo_brighter_blue.png?fit=2000%2C678&ssl=1","contentUrl":"https:\/\/i0.wp.com\/cbpr.center\/app\/uploads\/2022\/11\/CBPR_Logo_brighter_blue.png?fit=2000%2C678&ssl=1","width":2000,"height":678,"caption":"Center for Bionics and Pain Research"},"image":{"@id":"https:\/\/cbpr.center\/sv\/#\/schema\/logo\/image\/"},"sameAs":["https:\/\/www.instagram.com\/cbpr.se","https:\/\/www.linkedin.com\/company\/cbprse","https:\/\/www.tiktok.com\/@cbpr.se","https:\/\/www.facebook.com\/CBPR.se","https:\/\/twitter.com\/CBPRse"]}]}},"jetpack_sharing_enabled":true,"_links":{"self":[{"href":"https:\/\/cbpr.center\/sv\/wp-json\/wp\/v2\/pages\/490","targetHints":{"allow":["GET"]}}],"collection":[{"href":"https:\/\/cbpr.center\/sv\/wp-json\/wp\/v2\/pages"}],"about":[{"href":"https:\/\/cbpr.center\/sv\/wp-json\/wp\/v2\/types\/page"}],"author":[{"embeddable":true,"href":"https:\/\/cbpr.center\/sv\/wp-json\/wp\/v2\/users\/1"}],"replies":[{"embeddable":true,"href":"https:\/\/cbpr.center\/sv\/wp-json\/wp\/v2\/comments?post=490"}],"version-history":[{"count":5,"href":"https:\/\/cbpr.center\/sv\/wp-json\/wp\/v2\/pages\/490\/revisions"}],"predecessor-version":[{"id":2273,"href":"https:\/\/cbpr.center\/sv\/wp-json\/wp\/v2\/pages\/490\/revisions\/2273"}],"wp:featuredmedia":[{"embeddable":true,"href":"https:\/\/cbpr.center\/sv\/wp-json\/wp\/v2\/media\/1490"}],"wp:attachment":[{"href":"https:\/\/cbpr.center\/sv\/wp-json\/wp\/v2\/media?parent=490"}],"curies":[{"name":"wp","href":"https:\/\/api.w.org\/{rel}","templated":true}]}}