{"id":504,"date":"2022-11-22T13:07:28","date_gmt":"2022-11-22T12:07:28","guid":{"rendered":"https:\/\/cbpr.center\/hem\/"},"modified":"2025-07-20T08:05:52","modified_gmt":"2025-07-20T06:05:52","slug":"hem","status":"publish","type":"page","link":"https:\/\/cbpr.center\/sv\/","title":{"rendered":"Hem"},"content":{"rendered":"<section class=\"max-w-none bg-dark-blue w-screen p-0 wp-block-hero-video relative text-white\" data-id=\"block_77bc7766ddf63a97bfe81b4a5782ffc7\"\n    id=\"\"  x-data=\"{ videointro: true }\" >\n            <div class=\"absolute inset-0 z-10\"\n             @click=\"madeInNy.play();madeInNy.setVolume(1);\" >\n            <div class=\"cursor-pointer w-full h-full\" x-show=\"videointro\" x-transition:leave.duration.1000ms>\n                <div class=\"container h-full items-center flex\">\n                    <div class=\" !text-lg text-white relative\">\n                        <div\n                            class=\" -ml-20 w-96 scale-50  sm:-ml-10 sm:scale-75 md:-ml-5 md:scale-90 lg:transform-none lg:ml-0 xl:w-1\/3\">\n        \n\n<h1 class=\"wp-block-heading\">Teknik som \u00f6verkommer funktionshinder och lindrar sm\u00e4rta <\/h1>\n\n\n            <\/div>\n        <\/div>\n        <\/div>\n        <\/div>\n        <\/div>\n        <div id=\"herovideocontainer\" class=\"w-full h-auto aspect-video\"><\/div>\n    <\/section>\n    <script src=\"https:\/\/player.vimeo.com\/api\/player.js\"><\/script>\n    <script>\n        const options = {\n            id: 773347945,\n            width: '100%',\n            responsive: true,\n            autoplay: true,\n            loop: true,\n            muted: true,\n            controls: false,\n        };\n\n        \/\/ Will create inside the made-in-ny div:\n        \/\/ <iframe loading=\"lazy\" src=\"https:\/\/player.vimeo.com\/video\/59777392?h=ab882a04fd&#038;loop=1\" width=\"640\" height=\"360\" frameborder=\"0\" allowfullscreen allow=\"autoplay; encrypted-media\"><\/iframe>\n        const madeInNy = new Vimeo.Player('herovideocontainer', options);\n\n        madeInNy.play();\n    <\/script>\n\n\n<div class=\"polybottom has-bg-wave  wp-block-section alignfull is-style-blue\" data-id=\"block_8fe1ea8b326596de696e48640ff39849\" id=\"\">\n                    <div class=\"container grid-base pt-16 2xl:pt-20\">\n                    <div class=\"col-span-12 md:col-span-10 md:col-start-2 2xl:col-span-8 2xl:col-start-3\">\n                        <div>\n    \n\n<h2 class=\"wp-block-heading has-text-align-center\">Center for Bionics &amp; Pain Research<\/h2>\n\n\n\n<p class=\"has-text-align-center\">CBPR var ett tv\u00e4rvetenskapligt ingenj\u00f6rs- och medicinskt samarbete mellan Chalmers tekniska h\u00f6gskola, Sahlgrenska universitetssjukhuset och Sahlgrenska akademin vid G\u00f6teborgs universitet, men den \u00e4r st\u00e4ngd och \u00e4r inte l\u00e4ngre i drift.<\/p>\n\n\n\n<figure class=\"wp-block-image aligncenter size-large\"><img loading=\"lazy\" decoding=\"async\" width=\"1024\" height=\"88\" src=\"https:\/\/i0.wp.com\/cbpr.center\/app\/uploads\/2023\/05\/CBPR-logos-in-white-lines-1.png?resize=1024%2C88&#038;ssl=1\" alt=\"Bionikforskning\" class=\"wp-image-1589\" srcset=\"https:\/\/i0.wp.com\/cbpr.center\/app\/uploads\/2023\/05\/CBPR-logos-in-white-lines-1.png?resize=1024%2C88&amp;ssl=1 1024w, https:\/\/i0.wp.com\/cbpr.center\/app\/uploads\/2023\/05\/CBPR-logos-in-white-lines-1.png?resize=300%2C26&amp;ssl=1 300w, https:\/\/i0.wp.com\/cbpr.center\/app\/uploads\/2023\/05\/CBPR-logos-in-white-lines-1.png?resize=768%2C66&amp;ssl=1 768w, https:\/\/i0.wp.com\/cbpr.center\/app\/uploads\/2023\/05\/CBPR-logos-in-white-lines-1.png?resize=1536%2C132&amp;ssl=1 1536w, https:\/\/i0.wp.com\/cbpr.center\/app\/uploads\/2023\/05\/CBPR-logos-in-white-lines-1.png?resize=2048%2C176&amp;ssl=1 2048w\" sizes=\"auto, (max-width: 1000px) 100vw, 1000px\" data-recalc-dims=\"1\" \/><\/figure>\n\n\n  <\/div>\n                    <\/div>\n                <\/div>\n        <\/div>\n\n\n<section class=\"max-w-none w-screen relative bg-white polybottom\">\n    <div class=\"relative container grid-base\">\n        <div class=\"col-span-12 lg:col-span-7 xl:col-span-5 my-10 xl:mb-10\">\n            <div class=\"prose\">\n        <div>\n            \n\n<h1 class=\"wp-block-heading mb-8\">V\u00e5r vision<\/h1>\n\n\n\n<p><strong>Vi p\u00e5 Center for Bionics and Pain Research (CBPR) utforskar, utvecklar och kliniskt implementerar teknologier och behandlingar f\u00f6r att \u00e5terst\u00e4lla funktionalitet och lindra sm\u00e4rta p\u00e5 grund av sensorimotoriska funktionsneds\u00e4ttningar. <\/strong><\/p>\n\n\n\n<p>Sensorimotoriska problem p\u00e5verkar tolkningen av sensorisk information och orsakar sv\u00e5righeter att utf\u00f6ra r\u00f6relser. Vi arbetar med individer som har amputerat ett ben eller en arm genom utvecklingen av robotiska proteser som styrs av muskelsignaler. Vi utvecklar kirurgiska och icke-kirurgiska behandlingar f\u00f6r att minska sm\u00e4rta hos individer med sensorimotoriska funktionsneds\u00e4ttningar. Vi arbetar ocks\u00e5 med individer som \u00e5terh\u00e4mtar sig fr\u00e5n stroke f\u00f6r att f\u00f6rb\u00e4ttra resultatet av deras rehabilitering med hj\u00e4lp av teknologier och terapeutiska interventioner som vi designar och tillverkar. <\/p>\n\n\n        <\/div>\n  <\/div>\n  <div class=\"mt-8\">\n     \n    <a href=\"https:\/\/cbpr.center\/about\/\"  target=\"_self\" class=\"btn btn-gradient\">Our Journey<\/a>\n      <\/div>\n        <\/div>\n    <\/div>\n    <div class=\"relative -z-10 -mb-28 lg:mb-0 lg:absolute lg:right-0 lg:top-10 lg:bottom-0 lg:w-7\/12 \">\n        <img decoding=\"async\" width=\"2560\" height=\"1920\" src=\"https:\/\/i0.wp.com\/cbpr.center\/app\/uploads\/2023\/05\/Cybathalon-prosthesis-scaled.jpg?fit=2560%2C1920&amp;ssl=1\" class=\"w-full h-full object-right-bottom object-contain\" alt=\"e-OPRA implantat\" loading=\"lazy\" srcset=\"https:\/\/i0.wp.com\/cbpr.center\/app\/uploads\/2023\/05\/Cybathalon-prosthesis-scaled.jpg?w=2560&amp;ssl=1 2560w, https:\/\/i0.wp.com\/cbpr.center\/app\/uploads\/2023\/05\/Cybathalon-prosthesis-scaled.jpg?resize=300%2C225&amp;ssl=1 300w, https:\/\/i0.wp.com\/cbpr.center\/app\/uploads\/2023\/05\/Cybathalon-prosthesis-scaled.jpg?resize=1024%2C768&amp;ssl=1 1024w, https:\/\/i0.wp.com\/cbpr.center\/app\/uploads\/2023\/05\/Cybathalon-prosthesis-scaled.jpg?resize=768%2C576&amp;ssl=1 768w, https:\/\/i0.wp.com\/cbpr.center\/app\/uploads\/2023\/05\/Cybathalon-prosthesis-scaled.jpg?resize=1536%2C1152&amp;ssl=1 1536w, https:\/\/i0.wp.com\/cbpr.center\/app\/uploads\/2023\/05\/Cybathalon-prosthesis-scaled.jpg?resize=2048%2C1536&amp;ssl=1 2048w\" sizes=\"auto, (max-width: 1000px) 100vw, 1000px\" \/>\n    <\/div>\n<\/section>\n\n\n<div class=\"has-bg-wave  wp-block-section alignfull is-style-dark\" data-id=\"block_178a10d654b47b3da76172fefa59346d\" id=\"\">\n                <div class=\"container\">\n                <div>\n    \n\n<h2 class=\"wp-block-heading has-text-align-center\" style=\"margin-bottom:var(--wp--preset--spacing--70)\">V\u00e5ra h\u00f6rnstenar<\/h2>\n\n\n\n<div class=\"wp-block-columns is-layout-flex wp-container-core-columns-is-layout-1 wp-block-columns-is-layout-flex\" style=\"padding-right:0;padding-left:0\">\n<div class=\"wp-block-column is-layout-flow wp-block-column-is-layout-flow\" style=\"padding-right:7.2rem;padding-left:7.2rem\">\n<figure class=\"wp-block-image size-full\"><img loading=\"lazy\" decoding=\"async\" width=\"2295\" height=\"2321\" src=\"https:\/\/i0.wp.com\/cbpr.center\/app\/uploads\/2023\/11\/Clinical-Implementation.png?resize=2295%2C2321&#038;ssl=1\" alt=\"\" class=\"wp-image-2313\" srcset=\"https:\/\/i0.wp.com\/cbpr.center\/app\/uploads\/2023\/11\/Clinical-Implementation.png?w=2295&amp;ssl=1 2295w, https:\/\/i0.wp.com\/cbpr.center\/app\/uploads\/2023\/11\/Clinical-Implementation.png?resize=297%2C300&amp;ssl=1 297w, https:\/\/i0.wp.com\/cbpr.center\/app\/uploads\/2023\/11\/Clinical-Implementation.png?resize=1013%2C1024&amp;ssl=1 1013w, https:\/\/i0.wp.com\/cbpr.center\/app\/uploads\/2023\/11\/Clinical-Implementation.png?resize=768%2C777&amp;ssl=1 768w, https:\/\/i0.wp.com\/cbpr.center\/app\/uploads\/2023\/11\/Clinical-Implementation.png?resize=1519%2C1536&amp;ssl=1 1519w, https:\/\/i0.wp.com\/cbpr.center\/app\/uploads\/2023\/11\/Clinical-Implementation.png?resize=2025%2C2048&amp;ssl=1 2025w\" sizes=\"auto, (max-width: 1000px) 100vw, 1000px\" data-recalc-dims=\"1\" \/><\/figure>\n<\/div>\n\n\n\n<div class=\"wp-block-column is-layout-flow wp-block-column-is-layout-flow\" style=\"padding-right:7.2rem;padding-left:7.2rem\">\n<figure class=\"wp-block-image size-large\"><img loading=\"lazy\" decoding=\"async\" width=\"1024\" height=\"1018\" src=\"https:\/\/i0.wp.com\/cbpr.center\/app\/uploads\/2023\/11\/Biomedical-Solutions.png?resize=1024%2C1018&#038;ssl=1\" alt=\"\" class=\"wp-image-2309\" srcset=\"https:\/\/i0.wp.com\/cbpr.center\/app\/uploads\/2023\/11\/Biomedical-Solutions.png?resize=1024%2C1018&amp;ssl=1 1024w, https:\/\/i0.wp.com\/cbpr.center\/app\/uploads\/2023\/11\/Biomedical-Solutions.png?resize=300%2C298&amp;ssl=1 300w, https:\/\/i0.wp.com\/cbpr.center\/app\/uploads\/2023\/11\/Biomedical-Solutions.png?resize=150%2C150&amp;ssl=1 150w, https:\/\/i0.wp.com\/cbpr.center\/app\/uploads\/2023\/11\/Biomedical-Solutions.png?resize=768%2C764&amp;ssl=1 768w, https:\/\/i0.wp.com\/cbpr.center\/app\/uploads\/2023\/11\/Biomedical-Solutions.png?resize=1536%2C1528&amp;ssl=1 1536w, https:\/\/i0.wp.com\/cbpr.center\/app\/uploads\/2023\/11\/Biomedical-Solutions.png?w=1648&amp;ssl=1 1648w\" sizes=\"auto, (max-width: 1000px) 100vw, 1000px\" data-recalc-dims=\"1\" \/><\/figure>\n<\/div>\n\n\n\n<div class=\"wp-block-column is-layout-flow wp-block-column-is-layout-flow\" style=\"padding-right:7.2rem;padding-left:7.2rem\">\n<figure class=\"wp-block-image size-large\"><img loading=\"lazy\" decoding=\"async\" width=\"1024\" height=\"982\" src=\"https:\/\/i0.wp.com\/cbpr.center\/app\/uploads\/2023\/11\/Patient-Centric.png?resize=1024%2C982&#038;ssl=1\" alt=\"\" class=\"wp-image-2311\" srcset=\"https:\/\/i0.wp.com\/cbpr.center\/app\/uploads\/2023\/11\/Patient-Centric.png?resize=1024%2C982&amp;ssl=1 1024w, https:\/\/i0.wp.com\/cbpr.center\/app\/uploads\/2023\/11\/Patient-Centric.png?resize=300%2C288&amp;ssl=1 300w, https:\/\/i0.wp.com\/cbpr.center\/app\/uploads\/2023\/11\/Patient-Centric.png?resize=768%2C737&amp;ssl=1 768w, https:\/\/i0.wp.com\/cbpr.center\/app\/uploads\/2023\/11\/Patient-Centric.png?resize=1536%2C1473&amp;ssl=1 1536w, https:\/\/i0.wp.com\/cbpr.center\/app\/uploads\/2023\/11\/Patient-Centric.png?resize=2048%2C1964&amp;ssl=1 2048w\" sizes=\"auto, (max-width: 1000px) 100vw, 1000px\" data-recalc-dims=\"1\" \/><\/figure>\n<\/div>\n\n\n\n<div class=\"wp-block-column is-layout-flow wp-block-column-is-layout-flow\" style=\"padding-right:7.2rem;padding-left:7.2rem\">\n<figure class=\"wp-block-image size-full\"><img loading=\"lazy\" decoding=\"async\" width=\"564\" height=\"520\" src=\"https:\/\/i0.wp.com\/cbpr.center\/app\/uploads\/2023\/05\/3.rationalise.png?resize=564%2C520&#038;ssl=1\" alt=\"funktionsneds\u00e4ttning\" class=\"wp-image-1572\" srcset=\"https:\/\/i0.wp.com\/cbpr.center\/app\/uploads\/2023\/05\/3.rationalise.png?w=564&amp;ssl=1 564w, https:\/\/i0.wp.com\/cbpr.center\/app\/uploads\/2023\/05\/3.rationalise.png?resize=300%2C277&amp;ssl=1 300w\" sizes=\"auto, (max-width: 564px) 100vw, 564px\" data-recalc-dims=\"1\" \/><\/figure>\n<\/div>\n<\/div>\n\n\n\n<div class=\"wp-block-columns is-layout-flex wp-container-core-columns-is-layout-2 wp-block-columns-is-layout-flex\" style=\"padding-right:0;padding-left:0\">\n<div class=\"wp-block-column is-layout-flow wp-block-column-is-layout-flow\" style=\"padding-right:var(--wp--preset--spacing--60);padding-left:var(--wp--preset--spacing--60)\">\n<h3 class=\"wp-block-heading has-text-align-center\"><strong><mark style=\"background-color:rgba(0, 0, 0, 0)\" class=\"has-inline-color has-bright-blue-color\">1.<\/mark><\/strong> Klinisk implementering<\/h3>\n<\/div>\n\n\n\n<div class=\"wp-block-column is-layout-flow wp-block-column-is-layout-flow\" style=\"padding-right:var(--wp--preset--spacing--60);padding-left:var(--wp--preset--spacing--60)\">\n<h3 class=\"wp-block-heading has-text-align-center\"><strong><mark style=\"background-color:rgba(0, 0, 0, 0)\" class=\"has-inline-color has-bright-blue-color\">2.<\/mark><\/strong> Medicintekniska l\u00f6sningar<\/h3>\n<\/div>\n\n\n\n<div class=\"wp-block-column is-layout-flow wp-block-column-is-layout-flow\" style=\"padding-right:var(--wp--preset--spacing--60);padding-left:var(--wp--preset--spacing--60)\">\n<h3 class=\"wp-block-heading has-text-align-center\"><strong><mark style=\"background-color:rgba(0, 0, 0, 0)\" class=\"has-inline-color has-bright-blue-color\">3.<\/mark><\/strong> Patientcentrerad<\/h3>\n<\/div>\n\n\n\n<div class=\"wp-block-column is-layout-flow wp-block-column-is-layout-flow\" style=\"padding-right:var(--wp--preset--spacing--60);padding-left:var(--wp--preset--spacing--60)\">\n<h3 class=\"wp-block-heading has-text-align-center\"><strong><mark style=\"background-color:rgba(0, 0, 0, 0)\" class=\"has-inline-color has-bright-blue-color\">4.<\/mark><\/strong> Sprida forskning<\/h3>\n<\/div>\n<\/div>\n\n\n\n<div class=\"wp-block-columns is-layout-flex wp-container-core-columns-is-layout-3 wp-block-columns-is-layout-flex\">\n<div class=\"wp-block-column is-layout-flow wp-block-column-is-layout-flow\" style=\"padding-right:var(--wp--preset--spacing--70);padding-left:var(--wp--preset--spacing--70)\">\n<p class=\"has-text-align-center\">Genom att arbeta n\u00e4ra kliniker under hela utvecklingsdelen kan vi definiera kraven och samla in bevis som kr\u00e4vs f\u00f6r att etablera nya teknologier som standardv\u00e5rd.<\/p>\n<\/div>\n\n\n\n<div class=\"wp-block-column is-layout-flow wp-block-column-is-layout-flow\" style=\"padding-right:var(--wp--preset--spacing--70);padding-left:var(--wp--preset--spacing--70)\">\n<p class=\"has-text-align-center\">Behandling av komplexa tillst\u00e5nd med skr\u00e4ddarsydda l\u00f6sningar inklusive kirurgisk rekonstruktion, neurala gr\u00e4nssnitt, osseointegrerade implantat, A.I., neurostimulering och modulering, sensomotorisk tr\u00e4ning.<\/p>\n<\/div>\n\n\n\n<div class=\"wp-block-column is-layout-flow wp-block-column-is-layout-flow\" style=\"padding-right:var(--wp--preset--spacing--70);padding-left:var(--wp--preset--spacing--70)\">\n<p class=\"has-text-align-center\">Utveckling av effektiva och l\u00e5ngsiktigt framg\u00e5ngsrika medicintekniska l\u00f6sningar kr\u00e4ver en grundlig f\u00f6rst\u00e5else f\u00f6r de bakomliggande tillst\u00e5nden och m\u00e5ste betrakta patienten i centrum f\u00f6r utvecklingen.<\/p>\n<\/div>\n\n\n\n<div class=\"wp-block-column is-layout-flow wp-block-column-is-layout-flow\" style=\"padding-right:var(--wp--preset--spacing--70);padding-left:var(--wp--preset--spacing--70)\">\n<p class=\"has-text-align-center\">Sprida kunskap genom att tillhandah\u00e5lla utbildning f\u00f6r kliniker, utbilda studenter, informera patienter och allm\u00e4nheten och str\u00e4va efter att g\u00f6ra v\u00e5r forskning och programvara allm\u00e4nt tillg\u00e4nglig.<\/p>\n<\/div>\n<\/div>\n\n\n\n<div class=\"wp-block-columns are-vertically-aligned-top .figure.w-1\\\/2.mx-auto.mb-8 { height: 1px; } .w-full.aspect-square is-layout-flex wp-container-core-columns-is-layout-4 wp-block-columns-is-layout-flex\" style=\"padding-top:0px;padding-bottom:0\">\n<div class=\"wp-block-column is-vertically-aligned-top is-layout-flow wp-block-column-is-layout-flow\"><article class=\"flex flex-col w-full h-content  items-center text-center lg:px-4 wp-block-card-cta\" data-id=\"block_5a48a46a807aa1af2841196b7bc49504\" id=\"\">\n    <figure class=\"w-1\/2 mx-auto mb-8\"><div class=\"w-full aspect-square\">\n        <img decoding=\"async\" width=\"1\" height=\"1\" src=\"https:\/\/i0.wp.com\/cbpr.center\/app\/uploads\/2023\/11\/Blank.png?fit=1%2C1&amp;ssl=1\" class=\"w-full max-h-full object-center object-contain\" alt=\"\" loading=\"lazy\" \/>\n    <\/div><\/figure>\n    <div class=\"flex-1 w-3\/4 mx-auto \">\n    \n\n<h3 class=\"wp-block-heading\"><\/h3>\n\n\n\n<p><\/p>\n\n\n    <\/div>\n     \n    <div class=\"flex-none w-3\/4 mt-8 mx-auto\"><a href=\"https:\/\/cbpr.center\/about\/\"  target=\"_self\" class=\"btn btn-line-dark\">F\u00e5 reda p\u00e5 mer<\/a><\/div>\n    <\/article><\/div>\n\n\n\n<div class=\"wp-block-column is-vertically-aligned-top is-layout-flow wp-block-column-is-layout-flow\"><article class=\"flex flex-col w-full h-content  items-center text-center lg:px-4 wp-block-card-cta\" data-id=\"block_4931fb65b027f0e8e7025fa275629c35\" id=\"\">\n    <figure class=\"w-1\/2 mx-auto mb-8\"><div class=\"w-full aspect-square\">\n        <img decoding=\"async\" width=\"1\" height=\"1\" src=\"https:\/\/i0.wp.com\/cbpr.center\/app\/uploads\/2023\/11\/Blank.png?fit=1%2C1&amp;ssl=1\" class=\"w-full max-h-full object-center object-contain\" alt=\"\" loading=\"lazy\" \/>\n    <\/div><\/figure>\n    <div class=\"flex-1 w-3\/4 mx-auto \">\n    \n\n<h3 class=\"wp-block-heading\"><\/h3>\n\n\n\n<p style=\"margin-top:0;margin-bottom:0\"><\/p>\n\n\n    <\/div>\n     \n    <div class=\"flex-none w-3\/4 mt-8 mx-auto\"><a href=\"https:\/\/cbpr.center\/participate\/upper-limb-amputation\/\"  target=\"_self\" class=\"btn btn-line-dark\">F\u00e5 reda p\u00e5 mer<\/a><\/div>\n    <\/article><\/div>\n\n\n\n<div class=\"wp-block-column is-vertically-aligned-top is-layout-flow wp-block-column-is-layout-flow\"><article class=\"flex flex-col w-full h-content  items-center text-center lg:px-4 wp-block-card-cta\" data-id=\"block_e75ed8ca11d94069c7d8262c5c0b4d3b\" id=\"\">\n    <figure class=\"w-1\/2 mx-auto mb-8\"><div class=\"w-full aspect-square\">\n        <img decoding=\"async\" width=\"1\" height=\"1\" src=\"https:\/\/i0.wp.com\/cbpr.center\/app\/uploads\/2023\/11\/Blank.png?fit=1%2C1&amp;ssl=1\" class=\"w-full max-h-full object-center object-contain\" alt=\"\" loading=\"lazy\" \/>\n    <\/div><\/figure>\n    <div class=\"flex-1 w-3\/4 mx-auto \">\n    \n\n<h3 class=\"wp-block-heading\"><\/h3>\n\n\n\n<p><\/p>\n\n\n    <\/div>\n     \n    <div class=\"flex-none w-3\/4 mt-8 mx-auto\"><a href=\"https:\/\/cbpr.center\/media\/\"  target=\"_self\" class=\"btn btn-line-dark\">F\u00e5 reda p\u00e5 mer<\/a><\/div>\n    <\/article><\/div>\n\n\n\n<div class=\"wp-block-column is-vertically-aligned-top is-layout-flow wp-container-core-column-is-layout-16 wp-block-column-is-layout-flow\" style=\"padding-top:0;padding-right:0;padding-bottom:0;padding-left:0\"><article class=\"flex flex-col w-full h-content  items-center text-center lg:px-4 wp-block-card-cta\" data-id=\"block_5bdd02da2dfef3e7e7b4bb8cb3e98c00\" id=\"\">\n    <figure class=\"w-1\/2 mx-auto mb-8\"><div class=\"w-full aspect-square\">\n        <img decoding=\"async\" width=\"1\" height=\"1\" src=\"https:\/\/i0.wp.com\/cbpr.center\/app\/uploads\/2023\/11\/Blank.png?fit=1%2C1&amp;ssl=1\" class=\"w-full max-h-full object-center object-contain\" alt=\"\" loading=\"lazy\" \/>\n    <\/div><\/figure>\n    <div class=\"flex-1 w-3\/4 mx-auto \">\n    \n\n<h3 class=\"wp-block-heading\"><\/h3>\n\n\n\n<p><\/p>\n\n\n    <\/div>\n     \n    <div class=\"flex-none w-3\/4 mt-8 mx-auto\"><a href=\"https:\/\/cbpr.center\/research-library\/\"  target=\"_self\" class=\"btn btn-line-dark\">F\u00e5 reda p\u00e5 mer<\/a><\/div>\n    <\/article><\/div>\n<\/div>\n\n\n  <\/div>\n            <\/div>\n        <\/div>\n","protected":false},"excerpt":{"rendered":"","protected":false},"author":1,"featured_media":1518,"parent":0,"menu_order":24,"comment_status":"closed","ping_status":"closed","template":"","meta":{"footnotes":""},"class_list":["post-504","page","type-page","status-publish","has-post-thumbnail","hentry"],"acf":[],"yoast_head":"<!-- This site is optimized with the Yoast SEO plugin v19.14 - https:\/\/yoast.com\/wordpress\/plugins\/seo\/ -->\n<title>Center for Bionics and Pain Research<\/title>\n<meta name=\"robots\" content=\"index, follow, max-snippet:-1, max-image-preview:large, max-video-preview:-1\" \/>\n<link rel=\"canonical\" href=\"https:\/\/cbpr.center\/sv\/\" \/>\n<meta property=\"og:locale\" content=\"sv_SE\" \/>\n<meta property=\"og:type\" content=\"article\" \/>\n<meta property=\"og:title\" content=\"Center for Bionics and Pain Research\" \/>\n<meta property=\"og:url\" content=\"https:\/\/cbpr.center\/sv\/\" \/>\n<meta property=\"og:site_name\" content=\"Center for Bionics and Pain Research\" \/>\n<meta property=\"article:publisher\" content=\"https:\/\/www.facebook.com\/CBPR.se\" \/>\n<meta property=\"article:modified_time\" content=\"2025-07-20T06:05:52+00:00\" \/>\n<meta property=\"og:image\" content=\"https:\/\/cbpr.center\/app\/uploads\/2023\/05\/Cybathalon-prosthesis-scaled.jpg\" \/>\n\t<meta property=\"og:image:width\" content=\"2560\" \/>\n\t<meta property=\"og:image:height\" content=\"1920\" \/>\n\t<meta property=\"og:image:type\" content=\"image\/jpeg\" \/>\n<meta name=\"twitter:card\" content=\"summary_large_image\" \/>\n<meta name=\"twitter:site\" content=\"@CBPRse\" \/>\n<meta name=\"twitter:label1\" content=\"Est. reading time\" \/>\n\t<meta name=\"twitter:data1\" content=\"3 minutes\" \/>\n<script type=\"application\/ld+json\" class=\"yoast-schema-graph\">{\"@context\":\"https:\/\/schema.org\",\"@graph\":[{\"@type\":\"WebPage\",\"@id\":\"https:\/\/cbpr.center\/sv\/\",\"url\":\"https:\/\/cbpr.center\/sv\/\",\"name\":\"Center for Bionics and Pain Research\",\"isPartOf\":{\"@id\":\"https:\/\/cbpr.center\/sv\/#website\"},\"datePublished\":\"2022-11-22T12:07:28+00:00\",\"dateModified\":\"2025-07-20T06:05:52+00:00\",\"breadcrumb\":{\"@id\":\"https:\/\/cbpr.center\/sv\/#breadcrumb\"},\"inLanguage\":\"sv-SE\",\"potentialAction\":[{\"@type\":\"ReadAction\",\"target\":[\"https:\/\/cbpr.center\/sv\/\"]}]},{\"@type\":\"BreadcrumbList\",\"@id\":\"https:\/\/cbpr.center\/sv\/#breadcrumb\",\"itemListElement\":[{\"@type\":\"ListItem\",\"position\":1,\"name\":\"Home\",\"item\":\"https:\/\/cbpr.center\/sv\/\"},{\"@type\":\"ListItem\",\"position\":2,\"name\":\"Hem\"}]},{\"@type\":\"WebSite\",\"@id\":\"https:\/\/cbpr.center\/sv\/#website\",\"url\":\"https:\/\/cbpr.center\/sv\/\",\"name\":\"Center for Bionics and Pain Research\",\"description\":\"Technologies that alleviate disability and pain\",\"publisher\":{\"@id\":\"https:\/\/cbpr.center\/sv\/#organization\"},\"potentialAction\":[{\"@type\":\"SearchAction\",\"target\":{\"@type\":\"EntryPoint\",\"urlTemplate\":\"https:\/\/cbpr.center\/sv\/?s={search_term_string}\"},\"query-input\":\"required name=search_term_string\"}],\"inLanguage\":\"sv-SE\"},{\"@type\":\"Organization\",\"@id\":\"https:\/\/cbpr.center\/sv\/#organization\",\"name\":\"Center for Bionics and Pain Research\",\"url\":\"https:\/\/cbpr.center\/sv\/\",\"logo\":{\"@type\":\"ImageObject\",\"inLanguage\":\"sv-SE\",\"@id\":\"https:\/\/cbpr.center\/sv\/#\/schema\/logo\/image\/\",\"url\":\"https:\/\/i0.wp.com\/cbpr.center\/app\/uploads\/2022\/11\/CBPR_Logo_brighter_blue.png?fit=2000%2C678&ssl=1\",\"contentUrl\":\"https:\/\/i0.wp.com\/cbpr.center\/app\/uploads\/2022\/11\/CBPR_Logo_brighter_blue.png?fit=2000%2C678&ssl=1\",\"width\":2000,\"height\":678,\"caption\":\"Center for Bionics and Pain Research\"},\"image\":{\"@id\":\"https:\/\/cbpr.center\/sv\/#\/schema\/logo\/image\/\"},\"sameAs\":[\"https:\/\/www.instagram.com\/cbpr.se\",\"https:\/\/www.linkedin.com\/company\/cbprse\",\"https:\/\/www.tiktok.com\/@cbpr.se\",\"https:\/\/www.facebook.com\/CBPR.se\",\"https:\/\/twitter.com\/CBPRse\"]}]}<\/script>\n<!-- \/ Yoast SEO plugin. -->","yoast_head_json":{"title":"Center for Bionics and Pain Research","robots":{"index":"index","follow":"follow","max-snippet":"max-snippet:-1","max-image-preview":"max-image-preview:large","max-video-preview":"max-video-preview:-1"},"canonical":"https:\/\/cbpr.center\/sv\/","og_locale":"sv_SE","og_type":"article","og_title":"Center for Bionics and Pain Research","og_url":"https:\/\/cbpr.center\/sv\/","og_site_name":"Center for Bionics and Pain Research","article_publisher":"https:\/\/www.facebook.com\/CBPR.se","article_modified_time":"2025-07-20T06:05:52+00:00","og_image":[{"width":2560,"height":1920,"url":"https:\/\/cbpr.center\/app\/uploads\/2023\/05\/Cybathalon-prosthesis-scaled.jpg","type":"image\/jpeg"}],"twitter_card":"summary_large_image","twitter_site":"@CBPRse","twitter_misc":{"Est. reading time":"3 minutes"},"schema":{"@context":"https:\/\/schema.org","@graph":[{"@type":"WebPage","@id":"https:\/\/cbpr.center\/sv\/","url":"https:\/\/cbpr.center\/sv\/","name":"Center for Bionics and Pain Research","isPartOf":{"@id":"https:\/\/cbpr.center\/sv\/#website"},"datePublished":"2022-11-22T12:07:28+00:00","dateModified":"2025-07-20T06:05:52+00:00","breadcrumb":{"@id":"https:\/\/cbpr.center\/sv\/#breadcrumb"},"inLanguage":"sv-SE","potentialAction":[{"@type":"ReadAction","target":["https:\/\/cbpr.center\/sv\/"]}]},{"@type":"BreadcrumbList","@id":"https:\/\/cbpr.center\/sv\/#breadcrumb","itemListElement":[{"@type":"ListItem","position":1,"name":"Home","item":"https:\/\/cbpr.center\/sv\/"},{"@type":"ListItem","position":2,"name":"Hem"}]},{"@type":"WebSite","@id":"https:\/\/cbpr.center\/sv\/#website","url":"https:\/\/cbpr.center\/sv\/","name":"Center for Bionics and Pain Research","description":"Technologies that alleviate disability and pain","publisher":{"@id":"https:\/\/cbpr.center\/sv\/#organization"},"potentialAction":[{"@type":"SearchAction","target":{"@type":"EntryPoint","urlTemplate":"https:\/\/cbpr.center\/sv\/?s={search_term_string}"},"query-input":"required name=search_term_string"}],"inLanguage":"sv-SE"},{"@type":"Organization","@id":"https:\/\/cbpr.center\/sv\/#organization","name":"Center for Bionics and Pain Research","url":"https:\/\/cbpr.center\/sv\/","logo":{"@type":"ImageObject","inLanguage":"sv-SE","@id":"https:\/\/cbpr.center\/sv\/#\/schema\/logo\/image\/","url":"https:\/\/i0.wp.com\/cbpr.center\/app\/uploads\/2022\/11\/CBPR_Logo_brighter_blue.png?fit=2000%2C678&ssl=1","contentUrl":"https:\/\/i0.wp.com\/cbpr.center\/app\/uploads\/2022\/11\/CBPR_Logo_brighter_blue.png?fit=2000%2C678&ssl=1","width":2000,"height":678,"caption":"Center for Bionics and Pain Research"},"image":{"@id":"https:\/\/cbpr.center\/sv\/#\/schema\/logo\/image\/"},"sameAs":["https:\/\/www.instagram.com\/cbpr.se","https:\/\/www.linkedin.com\/company\/cbprse","https:\/\/www.tiktok.com\/@cbpr.se","https:\/\/www.facebook.com\/CBPR.se","https:\/\/twitter.com\/CBPRse"]}]}},"jetpack_sharing_enabled":true,"_links":{"self":[{"href":"https:\/\/cbpr.center\/sv\/wp-json\/wp\/v2\/pages\/504","targetHints":{"allow":["GET"]}}],"collection":[{"href":"https:\/\/cbpr.center\/sv\/wp-json\/wp\/v2\/pages"}],"about":[{"href":"https:\/\/cbpr.center\/sv\/wp-json\/wp\/v2\/types\/page"}],"author":[{"embeddable":true,"href":"https:\/\/cbpr.center\/sv\/wp-json\/wp\/v2\/users\/1"}],"replies":[{"embeddable":true,"href":"https:\/\/cbpr.center\/sv\/wp-json\/wp\/v2\/comments?post=504"}],"version-history":[{"count":5,"href":"https:\/\/cbpr.center\/sv\/wp-json\/wp\/v2\/pages\/504\/revisions"}],"predecessor-version":[{"id":2879,"href":"https:\/\/cbpr.center\/sv\/wp-json\/wp\/v2\/pages\/504\/revisions\/2879"}],"wp:featuredmedia":[{"embeddable":true,"href":"https:\/\/cbpr.center\/sv\/wp-json\/wp\/v2\/media\/1518"}],"wp:attachment":[{"href":"https:\/\/cbpr.center\/sv\/wp-json\/wp\/v2\/media?parent=504"}],"curies":[{"name":"wp","href":"https:\/\/api.w.org\/{rel}","templated":true}]}}