{"id":819,"date":"2022-11-18T10:32:46","date_gmt":"2022-11-18T09:32:46","guid":{"rendered":"https:\/\/cbpr.center\/explainer-videos\/"},"modified":"2023-07-03T16:25:43","modified_gmt":"2023-07-03T14:25:43","slug":"explainer-videos","status":"publish","type":"page","link":"https:\/\/cbpr.center\/sv\/explainer-videos\/","title":{"rendered":"F\u00f6rklaringsvideo f\u00f6r proteser"},"content":{"rendered":"\n<figure class=\"wp-block-embed is-type-video is-provider-vimeo wp-block-embed-vimeo wp-embed-aspect-16-9 wp-has-aspect-ratio\"><div class=\"wp-block-embed__wrapper\">\n<iframe loading=\"lazy\" title=\"CBPR Prosthetic Limbs_7\" src=\"https:\/\/player.vimeo.com\/video\/773347208?dnt=1&amp;app_id=122963\" width=\"500\" height=\"281\" frameborder=\"0\" allow=\"autoplay; fullscreen; picture-in-picture; clipboard-write\"><\/iframe>\n<\/div><\/figure>\n\n<h3 class=\"wp-block-heading has-text-align-center\" id=\"cbpr-prosthetic-limbs\" style=\"margin-top:var(--wp--preset--spacing--70)\">Neuromuskul\u00e4r skelettkirurgi f\u00f6rbinder ditt kvarvarande ben, nerver och muskler till ett implantatsystem f\u00f6r kontroll av en myoelektrisk protes.<\/h3>\n\n<p class=\"has-text-align-center\">Denna korta animation illustrerar den operationsmetod vi anv\u00e4nder f\u00f6r att f\u00e4sta ett neuromuskul\u00e4rt skelettimplantat. Du kommer att se hur detta p\u00e5verkar vilka typer av proteser du kan v\u00e4lja och hur det styrs. <\/p>\n","protected":false},"excerpt":{"rendered":"<p>Neuromuskul\u00e4r skelettkirurgi f\u00f6rbinder ditt kvarvarande ben, nerver och muskler till ett implantatsystem f\u00f6r kontroll av en myoelektrisk protes. Denna korta animation illustrerar den operationsmetod vi anv\u00e4nder f\u00f6r att f\u00e4sta ett neuromuskul\u00e4rt skelettimplantat. Du kommer att se hur detta p\u00e5verkar vilka typer av proteser du kan v\u00e4lja och hur det styrs.<\/p>\n","protected":false},"author":1,"featured_media":0,"parent":0,"menu_order":25,"comment_status":"closed","ping_status":"closed","template":"template-information.blade.php","meta":{"footnotes":""},"class_list":["post-819","page","type-page","status-publish","hentry"],"acf":[],"yoast_head":"<!-- This site is optimized with the Yoast SEO plugin v19.14 - https:\/\/yoast.com\/wordpress\/plugins\/seo\/ -->\n<title>F\u00f6rklaringsvideo f\u00f6r proteser - Center for Bionics and Pain Research<\/title>\n<meta name=\"robots\" content=\"index, follow, max-snippet:-1, max-image-preview:large, max-video-preview:-1\" \/>\n<link rel=\"canonical\" href=\"https:\/\/cbpr.center\/sv\/explainer-videos\/\" \/>\n<meta property=\"og:locale\" content=\"sv_SE\" \/>\n<meta property=\"og:type\" content=\"article\" \/>\n<meta property=\"og:title\" content=\"F\u00f6rklaringsvideo f\u00f6r proteser - Center for Bionics and Pain Research\" \/>\n<meta property=\"og:description\" content=\"Neuromuskul\u00e4r skelettkirurgi f\u00f6rbinder ditt kvarvarande ben, nerver och muskler till ett implantatsystem f\u00f6r kontroll av en myoelektrisk protes. Denna korta animation illustrerar den operationsmetod vi anv\u00e4nder f\u00f6r att f\u00e4sta ett neuromuskul\u00e4rt skelettimplantat. Du kommer att se hur detta p\u00e5verkar vilka typer av proteser du kan v\u00e4lja och hur det styrs.\" \/>\n<meta property=\"og:url\" content=\"https:\/\/cbpr.center\/sv\/explainer-videos\/\" \/>\n<meta property=\"og:site_name\" content=\"Center for Bionics and Pain Research\" \/>\n<meta property=\"article:publisher\" content=\"https:\/\/www.facebook.com\/CBPR.se\" \/>\n<meta property=\"article:modified_time\" content=\"2023-07-03T14:25:43+00:00\" \/>\n<meta name=\"twitter:card\" content=\"summary_large_image\" \/>\n<meta name=\"twitter:site\" content=\"@CBPRse\" \/>\n<script type=\"application\/ld+json\" class=\"yoast-schema-graph\">{\"@context\":\"https:\/\/schema.org\",\"@graph\":[{\"@type\":\"WebPage\",\"@id\":\"https:\/\/cbpr.center\/sv\/explainer-videos\/\",\"url\":\"https:\/\/cbpr.center\/sv\/explainer-videos\/\",\"name\":\"F\u00f6rklaringsvideo f\u00f6r proteser - Center for Bionics and Pain Research\",\"isPartOf\":{\"@id\":\"https:\/\/cbpr.center\/sv\/#website\"},\"datePublished\":\"2022-11-18T09:32:46+00:00\",\"dateModified\":\"2023-07-03T14:25:43+00:00\",\"breadcrumb\":{\"@id\":\"https:\/\/cbpr.center\/sv\/explainer-videos\/#breadcrumb\"},\"inLanguage\":\"sv-SE\",\"potentialAction\":[{\"@type\":\"ReadAction\",\"target\":[\"https:\/\/cbpr.center\/sv\/explainer-videos\/\"]}]},{\"@type\":\"BreadcrumbList\",\"@id\":\"https:\/\/cbpr.center\/sv\/explainer-videos\/#breadcrumb\",\"itemListElement\":[{\"@type\":\"ListItem\",\"position\":1,\"name\":\"Home\",\"item\":\"https:\/\/cbpr.center\/sv\/\"},{\"@type\":\"ListItem\",\"position\":2,\"name\":\"F\u00f6rklaringsvideo f\u00f6r proteser\"}]},{\"@type\":\"WebSite\",\"@id\":\"https:\/\/cbpr.center\/sv\/#website\",\"url\":\"https:\/\/cbpr.center\/sv\/\",\"name\":\"Center for Bionics and Pain Research\",\"description\":\"Technologies that alleviate disability and pain\",\"publisher\":{\"@id\":\"https:\/\/cbpr.center\/sv\/#organization\"},\"potentialAction\":[{\"@type\":\"SearchAction\",\"target\":{\"@type\":\"EntryPoint\",\"urlTemplate\":\"https:\/\/cbpr.center\/sv\/?s={search_term_string}\"},\"query-input\":\"required name=search_term_string\"}],\"inLanguage\":\"sv-SE\"},{\"@type\":\"Organization\",\"@id\":\"https:\/\/cbpr.center\/sv\/#organization\",\"name\":\"Center for Bionics and Pain Research\",\"url\":\"https:\/\/cbpr.center\/sv\/\",\"logo\":{\"@type\":\"ImageObject\",\"inLanguage\":\"sv-SE\",\"@id\":\"https:\/\/cbpr.center\/sv\/#\/schema\/logo\/image\/\",\"url\":\"https:\/\/i0.wp.com\/cbpr.center\/app\/uploads\/2022\/11\/CBPR_Logo_brighter_blue.png?fit=2000%2C678&ssl=1\",\"contentUrl\":\"https:\/\/i0.wp.com\/cbpr.center\/app\/uploads\/2022\/11\/CBPR_Logo_brighter_blue.png?fit=2000%2C678&ssl=1\",\"width\":2000,\"height\":678,\"caption\":\"Center for Bionics and Pain Research\"},\"image\":{\"@id\":\"https:\/\/cbpr.center\/sv\/#\/schema\/logo\/image\/\"},\"sameAs\":[\"https:\/\/www.instagram.com\/cbpr.se\",\"https:\/\/www.linkedin.com\/company\/cbprse\",\"https:\/\/www.tiktok.com\/@cbpr.se\",\"https:\/\/www.facebook.com\/CBPR.se\",\"https:\/\/twitter.com\/CBPRse\"]}]}<\/script>\n<!-- \/ Yoast SEO plugin. -->","yoast_head_json":{"title":"F\u00f6rklaringsvideo f\u00f6r proteser - Center for Bionics and Pain Research","robots":{"index":"index","follow":"follow","max-snippet":"max-snippet:-1","max-image-preview":"max-image-preview:large","max-video-preview":"max-video-preview:-1"},"canonical":"https:\/\/cbpr.center\/sv\/explainer-videos\/","og_locale":"sv_SE","og_type":"article","og_title":"F\u00f6rklaringsvideo f\u00f6r proteser - Center for Bionics and Pain Research","og_description":"Neuromuskul\u00e4r skelettkirurgi f\u00f6rbinder ditt kvarvarande ben, nerver och muskler till ett implantatsystem f\u00f6r kontroll av en myoelektrisk protes. Denna korta animation illustrerar den operationsmetod vi anv\u00e4nder f\u00f6r att f\u00e4sta ett neuromuskul\u00e4rt skelettimplantat. Du kommer att se hur detta p\u00e5verkar vilka typer av proteser du kan v\u00e4lja och hur det styrs.","og_url":"https:\/\/cbpr.center\/sv\/explainer-videos\/","og_site_name":"Center for Bionics and Pain Research","article_publisher":"https:\/\/www.facebook.com\/CBPR.se","article_modified_time":"2023-07-03T14:25:43+00:00","twitter_card":"summary_large_image","twitter_site":"@CBPRse","schema":{"@context":"https:\/\/schema.org","@graph":[{"@type":"WebPage","@id":"https:\/\/cbpr.center\/sv\/explainer-videos\/","url":"https:\/\/cbpr.center\/sv\/explainer-videos\/","name":"F\u00f6rklaringsvideo f\u00f6r proteser - Center for Bionics and Pain Research","isPartOf":{"@id":"https:\/\/cbpr.center\/sv\/#website"},"datePublished":"2022-11-18T09:32:46+00:00","dateModified":"2023-07-03T14:25:43+00:00","breadcrumb":{"@id":"https:\/\/cbpr.center\/sv\/explainer-videos\/#breadcrumb"},"inLanguage":"sv-SE","potentialAction":[{"@type":"ReadAction","target":["https:\/\/cbpr.center\/sv\/explainer-videos\/"]}]},{"@type":"BreadcrumbList","@id":"https:\/\/cbpr.center\/sv\/explainer-videos\/#breadcrumb","itemListElement":[{"@type":"ListItem","position":1,"name":"Home","item":"https:\/\/cbpr.center\/sv\/"},{"@type":"ListItem","position":2,"name":"F\u00f6rklaringsvideo f\u00f6r proteser"}]},{"@type":"WebSite","@id":"https:\/\/cbpr.center\/sv\/#website","url":"https:\/\/cbpr.center\/sv\/","name":"Center for Bionics and Pain Research","description":"Technologies that alleviate disability and pain","publisher":{"@id":"https:\/\/cbpr.center\/sv\/#organization"},"potentialAction":[{"@type":"SearchAction","target":{"@type":"EntryPoint","urlTemplate":"https:\/\/cbpr.center\/sv\/?s={search_term_string}"},"query-input":"required name=search_term_string"}],"inLanguage":"sv-SE"},{"@type":"Organization","@id":"https:\/\/cbpr.center\/sv\/#organization","name":"Center for Bionics and Pain Research","url":"https:\/\/cbpr.center\/sv\/","logo":{"@type":"ImageObject","inLanguage":"sv-SE","@id":"https:\/\/cbpr.center\/sv\/#\/schema\/logo\/image\/","url":"https:\/\/i0.wp.com\/cbpr.center\/app\/uploads\/2022\/11\/CBPR_Logo_brighter_blue.png?fit=2000%2C678&ssl=1","contentUrl":"https:\/\/i0.wp.com\/cbpr.center\/app\/uploads\/2022\/11\/CBPR_Logo_brighter_blue.png?fit=2000%2C678&ssl=1","width":2000,"height":678,"caption":"Center for Bionics and Pain Research"},"image":{"@id":"https:\/\/cbpr.center\/sv\/#\/schema\/logo\/image\/"},"sameAs":["https:\/\/www.instagram.com\/cbpr.se","https:\/\/www.linkedin.com\/company\/cbprse","https:\/\/www.tiktok.com\/@cbpr.se","https:\/\/www.facebook.com\/CBPR.se","https:\/\/twitter.com\/CBPRse"]}]}},"jetpack_sharing_enabled":true,"_links":{"self":[{"href":"https:\/\/cbpr.center\/sv\/wp-json\/wp\/v2\/pages\/819","targetHints":{"allow":["GET"]}}],"collection":[{"href":"https:\/\/cbpr.center\/sv\/wp-json\/wp\/v2\/pages"}],"about":[{"href":"https:\/\/cbpr.center\/sv\/wp-json\/wp\/v2\/types\/page"}],"author":[{"embeddable":true,"href":"https:\/\/cbpr.center\/sv\/wp-json\/wp\/v2\/users\/1"}],"replies":[{"embeddable":true,"href":"https:\/\/cbpr.center\/sv\/wp-json\/wp\/v2\/comments?post=819"}],"version-history":[{"count":5,"href":"https:\/\/cbpr.center\/sv\/wp-json\/wp\/v2\/pages\/819\/revisions"}],"predecessor-version":[{"id":1724,"href":"https:\/\/cbpr.center\/sv\/wp-json\/wp\/v2\/pages\/819\/revisions\/1724"}],"wp:attachment":[{"href":"https:\/\/cbpr.center\/sv\/wp-json\/wp\/v2\/media?parent=819"}],"curies":[{"name":"wp","href":"https:\/\/api.w.org\/{rel}","templated":true}]}}